{"id":141440,"date":"2024-12-06T16:36:47","date_gmt":"2024-12-09T12:42:10","guid":{"rendered":"https:\/\/kingarms.ee\/product\/koristeellinen-fantasia-tikari-zs8200mt\/"},"modified":"2025-02-08T17:16:47","modified_gmt":"2025-02-08T14:16:47","slug":"ornamental-fantasy-dagger-zs8200mt","status":"publish","type":"product","link":"https:\/\/kingarms.ee\/fi\/product\/ornamental-fantasy-dagger-zs8200mt\/","title":{"rendered":"Koristeellinen fantasia tikari (ZS8200MT)"},"content":{"rendered":"<p>Koristeellinen fantasia tikari (ZS8200MT)<\/p>\n<p>Koristeellinen fantasia tikari<br \/>\nArya Starkin tikarin innoittamana<br \/>\nGames of Thrones -sarja<br \/>\nTer\u00e4ster\u00e4<br \/>\nPolymeeri- ja metallikalvo<br \/>\nPuinen sein\u00e4teline, joka sis\u00e4ltyy vaakasuuntaiseen kiinnikkeeseen tikariin<br \/>\nTer\u00e4n pituus 250 mm<br \/>\nYleinen pituus 475 mm<br \/>\nPaino 480 g<\/p>\n<p>Ei teroitettu ja tyls\u00e4 ter\u00e4\u00e4, vain koristeellisiin tarkoituksiin<br \/>\nOle hyv\u00e4 ja maasi asetus ennen ostamista<\/p>\n","protected":false},"excerpt":{"rendered":"<p>Koristeellinen fantasia tikari (ZS8200MT)<\/p>\n<p>Koristeellinen fantasia tikari<br \/>\nArya Starkin tikarin innoittamana<br \/>\nGames of Thrones -sarja<br \/>\nTer\u00e4ster\u00e4<br \/>\nPolymeeri- ja metallikalvo<br \/>\nPuinen sein\u00e4teline, joka sis\u00e4ltyy vaakasuuntaiseen kiinnikkeeseen tikariin<br \/>\nTer\u00e4n pituus 250 mm<br \/>\nYleinen pituus 475 mm<br \/>\nPaino 480 g<\/p>\n<p>Ei teroitettu ja tyls\u00e4 ter\u00e4\u00e4, vain koristeellisiin tarkoituksiin<br \/>\nOle hyv\u00e4 ja maasi asetus ennen ostamista<\/p>\n","protected":false},"featured_media":139931,"template":"","meta":{"_acf_changed":false},"product_brand":[],"product_cat":[1309,266],"product_tag":[],"class_list":{"0":"post-141440","1":"product","2":"type-product","3":"status-publish","4":"has-post-thumbnail","6":"product_cat-miekat","7":"product_cat-muut-viritys-ja-varaosat","9":"first","10":"instock","11":"purchasable","12":"product-type-simple"},"acf":[],"_links":{"self":[{"href":"https:\/\/kingarms.ee\/fi\/wp-json\/wp\/v2\/product\/141440","targetHints":{"allow":["GET"]}}],"collection":[{"href":"https:\/\/kingarms.ee\/fi\/wp-json\/wp\/v2\/product"}],"about":[{"href":"https:\/\/kingarms.ee\/fi\/wp-json\/wp\/v2\/types\/product"}],"wp:featuredmedia":[{"embeddable":true,"href":"https:\/\/kingarms.ee\/fi\/wp-json\/wp\/v2\/media\/139931"}],"wp:attachment":[{"href":"https:\/\/kingarms.ee\/fi\/wp-json\/wp\/v2\/media?parent=141440"}],"wp:term":[{"taxonomy":"product_brand","embeddable":true,"href":"https:\/\/kingarms.ee\/fi\/wp-json\/wp\/v2\/product_brand?post=141440"},{"taxonomy":"product_cat","embeddable":true,"href":"https:\/\/kingarms.ee\/fi\/wp-json\/wp\/v2\/product_cat?post=141440"},{"taxonomy":"product_tag","embeddable":true,"href":"https:\/\/kingarms.ee\/fi\/wp-json\/wp\/v2\/product_tag?post=141440"}],"curies":[{"name":"wp","href":"https:\/\/api.w.org\/{rel}","templated":true}]}}