{"id":143183,"date":"2024-12-06T16:40:00","date_gmt":"2025-01-08T09:19:37","guid":{"rendered":"https:\/\/kingarms.ee\/product\/koristeellinen-fantasiamiekka-by-096c\/"},"modified":"2025-02-08T17:16:51","modified_gmt":"2025-02-08T14:16:51","slug":"koriste-fantasia-sword-by-096c","status":"publish","type":"product","link":"https:\/\/kingarms.ee\/fi\/product\/koriste-fantasia-sword-by-096c\/","title":{"rendered":"Koristeellinen fantasiamiekka (BY-096C)"},"content":{"rendered":"<p>Koristeellinen fantasiamiekka (BY-096C)<\/p>\n<p>Koristeellinen fantasiamiekka<br \/>\nGandalfin glamdring -miekan innoittamana<br \/>\nHobbit -sarja<br \/>\nTer\u00e4ster\u00e4<br \/>\nPuurahva<br \/>\nMetalliharja ja nuppi<br \/>\nMukana puinen sein\u00e4teline<br \/>\nTer\u00e4n pituus 900 mm<br \/>\nYleinen pituus 1190 mm<br \/>\nPaino 1110 g<\/p>\n<p>Ei teroitettu ja tyls\u00e4 ter\u00e4\u00e4, vain koristeellisiin tarkoituksiin<\/p>\n","protected":false},"excerpt":{"rendered":"<p>Koristeellinen fantasiamiekka (BY-096C)<\/p>\n<p>Koristeellinen fantasiamiekka<br \/>\nGandalfin glamdring -miekan innoittamana<br \/>\nHobbit -sarja<br \/>\nTer\u00e4ster\u00e4<br \/>\nPuurahva<br \/>\nMetalliharja ja nuppi<br \/>\nMukana puinen sein\u00e4teline<br \/>\nTer\u00e4n pituus 900 mm<br \/>\nYleinen pituus 1190 mm<br \/>\nPaino 1110 g<\/p>\n<p>Ei teroitettu ja tyls\u00e4 ter\u00e4\u00e4, vain koristeellisiin tarkoituksiin<\/p>\n","protected":false},"featured_media":138911,"template":"","meta":{"_acf_changed":false},"product_brand":[],"product_cat":[1309,266],"product_tag":[],"class_list":{"0":"post-143183","1":"product","2":"type-product","3":"status-publish","4":"has-post-thumbnail","6":"product_cat-miekat","7":"product_cat-muut-viritys-ja-varaosat","9":"first","10":"instock","11":"purchasable","12":"product-type-simple"},"acf":[],"_links":{"self":[{"href":"https:\/\/kingarms.ee\/fi\/wp-json\/wp\/v2\/product\/143183","targetHints":{"allow":["GET"]}}],"collection":[{"href":"https:\/\/kingarms.ee\/fi\/wp-json\/wp\/v2\/product"}],"about":[{"href":"https:\/\/kingarms.ee\/fi\/wp-json\/wp\/v2\/types\/product"}],"wp:featuredmedia":[{"embeddable":true,"href":"https:\/\/kingarms.ee\/fi\/wp-json\/wp\/v2\/media\/138911"}],"wp:attachment":[{"href":"https:\/\/kingarms.ee\/fi\/wp-json\/wp\/v2\/media?parent=143183"}],"wp:term":[{"taxonomy":"product_brand","embeddable":true,"href":"https:\/\/kingarms.ee\/fi\/wp-json\/wp\/v2\/product_brand?post=143183"},{"taxonomy":"product_cat","embeddable":true,"href":"https:\/\/kingarms.ee\/fi\/wp-json\/wp\/v2\/product_cat?post=143183"},{"taxonomy":"product_tag","embeddable":true,"href":"https:\/\/kingarms.ee\/fi\/wp-json\/wp\/v2\/product_tag?post=143183"}],"curies":[{"name":"wp","href":"https:\/\/api.w.org\/{rel}","templated":true}]}}