{"id":143955,"date":"2025-01-11T15:56:23","date_gmt":"2025-01-11T15:08:17","guid":{"rendered":"https:\/\/kingarms.ee\/product\/ilmakivaari-borner-n-13-jarrutynnyri-ilmakivaari-45-mm-tayden-teho\/"},"modified":"2025-02-08T17:16:52","modified_gmt":"2025-02-08T14:16:52","slug":"ilmakivaari-borner-n-13-jarru-tynnyri-ilmakivaari-4-5-mm-taynna-virta","status":"publish","type":"product","link":"https:\/\/kingarms.ee\/fi\/product\/ilmakivaari-borner-n-13-jarru-tynnyri-ilmakivaari-4-5-mm-taynna-virta\/","title":{"rendered":"Ilmakiv\u00e4\u00e4ri Borner N-13 jarrutynnyri ilmakiv\u00e4\u00e4ri 4,5 mm t\u00e4yden teho"},"content":{"rendered":"<p>Ilmakiv\u00e4\u00e4ri Borner N-13 -jarrutynnyri ilmakiv\u00e4\u00e4ri 4,5 mm T\u00e4ysi teho, Borner N-13 tuotettiin yhteisty\u00f6ss\u00e4 Turkin aseiden valmistajan kanssa. Tauko tynnyrin ilmakiv\u00e4\u00e4ri kaliiperissa .177 (4,5 mm). Ergonomisesti muotoiltu synteettinen kanto on varustettu kumipuskutyynyll\u00e4 takaa -absorptiota ja rintareppuja. Truglo -n\u00e4ht\u00e4vyydet auttavat sinua kohdistamaan h\u00e4m\u00e4r\u00e4ss\u00e4 olosuhteissa. Takaosa on s\u00e4\u00e4dett\u00e4viss\u00e4 sek\u00e4 tuuletukseen ett\u00e4 korkeuteen. Voit kiinnitt\u00e4\u00e4 laajuuden kiv\u00e4\u00e4rin p\u00e4\u00e4lle sijaitsevaan 11 mm: n kiinnityskiskoon. Br\u00e4ndi: Borner<br \/>\nKaliiperi: .177 (4,5 mm)<br \/>\nV\u00e4ri: musta, synteettinen varasto<br \/>\nMax -nopeus: 1000 fps<br \/>\nKokonaispituus: 45,25 \u2033<br \/>\nScopable: 11 mm: n doventail<br \/>\nTurvallisuus: Kyll\u00e4<br \/>\nEhdotettu: leimahdus\/hauska<br \/>\nTynnyrin pituus: 17,7 \u2033<br \/>\nLaukauskapasiteetti: 1<br \/>\nTakaosa: S\u00e4\u00e4dett\u00e4v\u00e4 sek\u00e4 Windagelle ett\u00e4 korkeudelle<br \/>\nToimi: Break Barrel<br \/>\nPowerplantti: kev\u00e4\u00e4n m\u00e4nt\u00e4<br \/>\nAmmukset: Pelletit<br \/>\nKehotyyppi: kiv\u00e4\u00e4ri<\/p>\n","protected":false},"excerpt":{"rendered":"<p>Ilmakiv\u00e4\u00e4ri Borner N-13 -jarrutynnyri ilmakiv\u00e4\u00e4ri 4,5 mm T\u00e4ysi teho, Borner N-13 tuotettiin yhteisty\u00f6ss\u00e4 Turkin aseiden valmistajan kanssa. Tauko tynnyrin ilmakiv\u00e4\u00e4ri kaliiperissa .177 (4,5 mm). Ergonomisesti muotoiltu synteettinen kanto on varustettu kumipuskutyynyll\u00e4 takaa -absorptiota ja rintareppuja. Truglo -n\u00e4ht\u00e4vyydet auttavat sinua kohdistamaan h\u00e4m\u00e4r\u00e4ss\u00e4 olosuhteissa. Takaosa on s\u00e4\u00e4dett\u00e4viss\u00e4 sek\u00e4 tuuletukseen ett\u00e4 korkeuteen. Voit kiinnitt\u00e4\u00e4 laajuuden kiv\u00e4\u00e4rin p\u00e4\u00e4lle sijaitsevaan 11 mm: n kiinnityskiskoon. Br\u00e4ndi: Borner<br \/>\nKaliiperi: .177 (4,5 mm)<br \/>\nV\u00e4ri: musta, synteettinen varasto<br \/>\nMax -nopeus: 1000 fps<br \/>\nKokonaispituus: 45,25 \u2033<br \/>\nScopable: 11 mm: n doventail<br \/>\nTurvallisuus: Kyll\u00e4<br \/>\nEhdotettu: leimahdus\/hauska<br \/>\nTynnyrin pituus: 17,7 \u2033<br \/>\nLaukauskapasiteetti: 1<br \/>\nTakaosa: S\u00e4\u00e4dett\u00e4v\u00e4 sek\u00e4 Windagelle ett\u00e4 korkeudelle<br \/>\nToimi: Break Barrel<br \/>\nPowerplantti: kev\u00e4\u00e4n m\u00e4nt\u00e4<br \/>\nAmmukset: Pelletit<br \/>\nKehotyyppi: kiv\u00e4\u00e4ri<\/p>\n","protected":false},"featured_media":144076,"template":"","meta":{"_acf_changed":false},"product_brand":[],"product_cat":[253,828],"product_tag":[],"class_list":{"0":"post-143955","1":"product","2":"type-product","3":"status-publish","4":"has-post-thumbnail","6":"product_cat-ilmakivaarit-4-5mm","7":"product_cat-tarkka-ampuja-aseet-45mm","9":"first","10":"instock","11":"purchasable","12":"product-type-simple"},"acf":[],"_links":{"self":[{"href":"https:\/\/kingarms.ee\/fi\/wp-json\/wp\/v2\/product\/143955","targetHints":{"allow":["GET"]}}],"collection":[{"href":"https:\/\/kingarms.ee\/fi\/wp-json\/wp\/v2\/product"}],"about":[{"href":"https:\/\/kingarms.ee\/fi\/wp-json\/wp\/v2\/types\/product"}],"wp:featuredmedia":[{"embeddable":true,"href":"https:\/\/kingarms.ee\/fi\/wp-json\/wp\/v2\/media\/144076"}],"wp:attachment":[{"href":"https:\/\/kingarms.ee\/fi\/wp-json\/wp\/v2\/media?parent=143955"}],"wp:term":[{"taxonomy":"product_brand","embeddable":true,"href":"https:\/\/kingarms.ee\/fi\/wp-json\/wp\/v2\/product_brand?post=143955"},{"taxonomy":"product_cat","embeddable":true,"href":"https:\/\/kingarms.ee\/fi\/wp-json\/wp\/v2\/product_cat?post=143955"},{"taxonomy":"product_tag","embeddable":true,"href":"https:\/\/kingarms.ee\/fi\/wp-json\/wp\/v2\/product_tag?post=143955"}],"curies":[{"name":"wp","href":"https:\/\/api.w.org\/{rel}","templated":true}]}}