{"id":143960,"date":"2025-01-11T15:56:23","date_gmt":"2025-01-11T15:08:19","guid":{"rendered":"https:\/\/kingarms.ee\/product\/ilmakivaari-borner-n-11-jarrun-tynnyrin-ilmakivaari-45-mm-75j\/"},"modified":"2025-02-08T17:16:53","modified_gmt":"2025-02-08T14:16:53","slug":"ilmakivaari-borner-n-11-jarru-tynnyri-ilmakivaari-4-5mm-7-5j","status":"publish","type":"product","link":"https:\/\/kingarms.ee\/fi\/product\/ilmakivaari-borner-n-11-jarru-tynnyri-ilmakivaari-4-5mm-7-5j\/","title":{"rendered":"Ilmakiv\u00e4\u00e4ri Borner N-11 -jarrun tynnyrin ilmakiv\u00e4\u00e4ri 4,5 mm 7,5J"},"content":{"rendered":"<p>Ilmakiv\u00e4\u00e4ri Borner N-11 -jarrun tynnyrin ilmakiv\u00e4\u00e4ri 4,5 mm 7,5J<\/p>\n","protected":false},"excerpt":{"rendered":"<p>Ilmakiv\u00e4\u00e4ri Borner N-11 -jarrun tynnyrin ilmakiv\u00e4\u00e4ri 4,5 mm 7,5J<\/p>\n","protected":false},"featured_media":144064,"template":"","meta":{"_acf_changed":false},"product_brand":[],"product_cat":[253,828],"product_tag":[],"class_list":{"0":"post-143960","1":"product","2":"type-product","3":"status-publish","4":"has-post-thumbnail","6":"product_cat-ilmakivaarit-4-5mm","7":"product_cat-tarkka-ampuja-aseet-45mm","9":"first","10":"instock","11":"purchasable","12":"product-type-simple"},"acf":[],"_links":{"self":[{"href":"https:\/\/kingarms.ee\/fi\/wp-json\/wp\/v2\/product\/143960","targetHints":{"allow":["GET"]}}],"collection":[{"href":"https:\/\/kingarms.ee\/fi\/wp-json\/wp\/v2\/product"}],"about":[{"href":"https:\/\/kingarms.ee\/fi\/wp-json\/wp\/v2\/types\/product"}],"wp:featuredmedia":[{"embeddable":true,"href":"https:\/\/kingarms.ee\/fi\/wp-json\/wp\/v2\/media\/144064"}],"wp:attachment":[{"href":"https:\/\/kingarms.ee\/fi\/wp-json\/wp\/v2\/media?parent=143960"}],"wp:term":[{"taxonomy":"product_brand","embeddable":true,"href":"https:\/\/kingarms.ee\/fi\/wp-json\/wp\/v2\/product_brand?post=143960"},{"taxonomy":"product_cat","embeddable":true,"href":"https:\/\/kingarms.ee\/fi\/wp-json\/wp\/v2\/product_cat?post=143960"},{"taxonomy":"product_tag","embeddable":true,"href":"https:\/\/kingarms.ee\/fi\/wp-json\/wp\/v2\/product_tag?post=143960"}],"curies":[{"name":"wp","href":"https:\/\/api.w.org\/{rel}","templated":true}]}}