{"id":144100,"date":"2025-01-11T15:56:23","date_gmt":"2025-01-23T17:27:52","guid":{"rendered":"https:\/\/kingarms.ee\/product\/ilmakivaari-borner-n-05-jarrutynnyrin-ilmakivaari-45-mm-taysi-teho\/"},"modified":"2025-02-08T17:16:54","modified_gmt":"2025-02-08T14:16:54","slug":"ilmakivaari-borner-n-05-jarrutynnyrin-ilmakivaari-45-mm-taysi-teho","status":"publish","type":"product","link":"https:\/\/kingarms.ee\/fi\/product\/ilmakivaari-borner-n-05-jarrutynnyrin-ilmakivaari-45-mm-taysi-teho\/","title":{"rendered":"Ilmakiv\u00e4\u00e4ri Borner N-05 Jarrutynnyrin ilmakiv\u00e4\u00e4ri 4,5 mm T\u00e4ysi teho"},"content":{"rendered":"<p>Ilmakiv\u00e4\u00e4ri Borner N-05 Jarrutynnyrin ilmakiv\u00e4\u00e4ri 4,5 mm T\u00e4ysi teho. Borner N-05 -ilmakiv\u00e4\u00e4ri on jousi-m\u00e4nn\u00e4n malli, jolla on ergonominen varastokokoonpano. Automaattisen sulakkeen l\u00e4sn\u00e4olo tarjoaa suojan vahingossa tapahtuvalta laukauksesta. N\u00e4ky on s\u00e4\u00e4dett\u00e4v\u00e4 ja varustettu optisella kuidulla. Tuotemerkki: Borner. Tapaustyyppi: kiv\u00e4\u00e4ri. Tynnyri: kiv\u00e4\u00e4ri<br \/>\nToimi: murtuma. Kaliiperi: .177 (4,5 mm). Voimalaitos: kev\u00e4\u00e4n m\u00e4nt\u00e4. Suurin nopeus: 800 fps (jopa 244 m\/s). Ammukset: Lead Bullets. Kuvien lukum\u00e4\u00e4r\u00e4: 1. etun\u00e4kym\u00e4: Truglo -kuituoptiikan kanssa. Takaosa: S\u00e4\u00e4dett\u00e4v\u00e4 Truglo -kuituoptiikalla. Soveltamisasiot: 11 mm: n doventail. Sulake: Kyll\u00e4. Suositellaan: pelej\u00e4\/viihdett\u00e4. Paino: 2,80 kg. Kokonaispituus: 45,25 tuumaa (noin 107 cm). Tynnyripituus: 17,7 tuumaa (noin 45 cm). V\u00e4ri: musta, synteettinen materiaali                    <\/p>\n","protected":false},"excerpt":{"rendered":"<p>Ilmakiv\u00e4\u00e4ri Borner N-05 Jarrutynnyrin ilmakiv\u00e4\u00e4ri 4,5 mm T\u00e4ysi teho. Borner N-05 -ilmakiv\u00e4\u00e4ri on jousi-m\u00e4nn\u00e4n malli, jolla on ergonominen varastokokoonpano. Automaattisen sulakkeen l\u00e4sn\u00e4olo tarjoaa suojan vahingossa tapahtuvalta laukauksesta. N\u00e4ky on s\u00e4\u00e4dett\u00e4v\u00e4 ja varustettu optisella kuidulla. Tuotemerkki: Borner. Tapaustyyppi: kiv\u00e4\u00e4ri. Tynnyri: kiv\u00e4\u00e4ri<br \/>\nToimi: murtuma. Kaliiperi: .177 (4,5 mm). Voimalaitos: kev\u00e4\u00e4n m\u00e4nt\u00e4. Suurin nopeus: 800 fps (jopa 244 m\/s). Ammukset: Lead Bullets. Kuvien lukum\u00e4\u00e4r\u00e4: 1. etun\u00e4kym\u00e4: Truglo -kuituoptiikan kanssa. Takaosa: S\u00e4\u00e4dett\u00e4v\u00e4 Truglo -kuituoptiikalla. Soveltamisasiot: 11 mm: n doventail. Sulake: Kyll\u00e4. Suositellaan: pelej\u00e4\/viihdett\u00e4. Paino: 2,80 kg. Kokonaispituus: 45,25 tuumaa (noin 107 cm). Tynnyripituus: 17,7 tuumaa (noin 45 cm). V\u00e4ri: musta, synteettinen materiaali                    <\/p>\n","protected":false},"featured_media":144052,"template":"","meta":{"_acf_changed":false},"product_brand":[],"product_cat":[253,828],"product_tag":[],"class_list":{"0":"post-144100","1":"product","2":"type-product","3":"status-publish","4":"has-post-thumbnail","6":"product_cat-ilmakivaarit-4-5mm","7":"product_cat-tarkka-ampuja-aseet-45mm","9":"first","10":"instock","11":"purchasable","12":"product-type-simple"},"acf":[],"_links":{"self":[{"href":"https:\/\/kingarms.ee\/fi\/wp-json\/wp\/v2\/product\/144100","targetHints":{"allow":["GET"]}}],"collection":[{"href":"https:\/\/kingarms.ee\/fi\/wp-json\/wp\/v2\/product"}],"about":[{"href":"https:\/\/kingarms.ee\/fi\/wp-json\/wp\/v2\/types\/product"}],"wp:featuredmedia":[{"embeddable":true,"href":"https:\/\/kingarms.ee\/fi\/wp-json\/wp\/v2\/media\/144052"}],"wp:attachment":[{"href":"https:\/\/kingarms.ee\/fi\/wp-json\/wp\/v2\/media?parent=144100"}],"wp:term":[{"taxonomy":"product_brand","embeddable":true,"href":"https:\/\/kingarms.ee\/fi\/wp-json\/wp\/v2\/product_brand?post=144100"},{"taxonomy":"product_cat","embeddable":true,"href":"https:\/\/kingarms.ee\/fi\/wp-json\/wp\/v2\/product_cat?post=144100"},{"taxonomy":"product_tag","embeddable":true,"href":"https:\/\/kingarms.ee\/fi\/wp-json\/wp\/v2\/product_tag?post=144100"}],"curies":[{"name":"wp","href":"https:\/\/api.w.org\/{rel}","templated":true}]}}