{"id":144112,"date":"2025-01-11T15:56:23","date_gmt":"2025-01-23T18:11:07","guid":{"rendered":"https:\/\/kingarms.ee\/product\/ilmakivaari-borner-n-02-jarrutynnyrin-ilmakivaari-45-mm-taysi-teho\/"},"modified":"2025-02-08T17:16:55","modified_gmt":"2025-02-08T14:16:55","slug":"ilmakivaari-borner-n-02-jarrutynnyrin-ilmakivaari-45-mm-taysi-teho","status":"publish","type":"product","link":"https:\/\/kingarms.ee\/fi\/product\/ilmakivaari-borner-n-02-jarrutynnyrin-ilmakivaari-45-mm-taysi-teho\/","title":{"rendered":"Ilmakiv\u00e4\u00e4ri Borner N-02 Jarrutynnyrin ilmakiv\u00e4\u00e4ri 4,5 mm T\u00e4ysi teho"},"content":{"rendered":"<p>Ilmakiv\u00e4\u00e4ri Borner N-02 Jarrutynnyrin ilmakiv\u00e4\u00e4ri 4,5 mm T\u00e4ysi teho. Borner N-02 on 0,177 (4,5 mm) kaliiperi rikkova ilmakiv\u00e4\u00e4ri, jolla on vahvistettu ter\u00e4sjousi. Mikrometrinen ohjausj\u00e4rjestelm\u00e4 on s\u00e4\u00e4dett\u00e4viss\u00e4 vaakasuoraan ja pystysuunnassa. Punainen Truglo -kuituoptinen hiuskappale helpottaa kohdistamista h\u00e4m\u00e4r\u00e4ss\u00e4 olosuhteissa. Tuotemerkki: Borner. Tapaustyyppi: kiv\u00e4\u00e4ri. Barrel: kiv\u00e4\u00e4ri. Suurin nopeus: 800 fps (noin 243 m\/s). Kaliiperi: .177 (4,5 mm). Toimi: murtuma. Voimalaitos: kev\u00e4\u00e4n m\u00e4nt\u00e4. Ammukset: Lead Bullets. Kuvien lukum\u00e4\u00e4r\u00e4: 1. laajuuski Sulake: Kyll\u00e4. V\u00e4ri: Harmaa, synteettinen materiaali. Kokonaispituus: 45,25 tuumaa (noin 115 cm). Tynnyripituus: 17,7 tuumaa (noin 45 cm). Paino: 2,70 kg.                  <\/p>\n","protected":false},"excerpt":{"rendered":"<p>Ilmakiv\u00e4\u00e4ri Borner N-02 Jarrutynnyrin ilmakiv\u00e4\u00e4ri 4,5 mm T\u00e4ysi teho. Borner N-02 on 0,177 (4,5 mm) kaliiperi rikkova ilmakiv\u00e4\u00e4ri, jolla on vahvistettu ter\u00e4sjousi. Mikrometrinen ohjausj\u00e4rjestelm\u00e4 on s\u00e4\u00e4dett\u00e4viss\u00e4 vaakasuoraan ja pystysuunnassa. Punainen Truglo -kuituoptinen hiuskappale helpottaa kohdistamista h\u00e4m\u00e4r\u00e4ss\u00e4 olosuhteissa. Tuotemerkki: Borner. Tapaustyyppi: kiv\u00e4\u00e4ri. Barrel: kiv\u00e4\u00e4ri. Suurin nopeus: 800 fps (noin 243 m\/s). Kaliiperi: .177 (4,5 mm). Toimi: murtuma. Voimalaitos: kev\u00e4\u00e4n m\u00e4nt\u00e4. Ammukset: Lead Bullets. Kuvien lukum\u00e4\u00e4r\u00e4: 1. laajuuski Sulake: Kyll\u00e4. V\u00e4ri: Harmaa, synteettinen materiaali. Kokonaispituus: 45,25 tuumaa (noin 115 cm). Tynnyripituus: 17,7 tuumaa (noin 45 cm). Paino: 2,70 kg.                  <\/p>\n","protected":false},"featured_media":144028,"template":"","meta":{"_acf_changed":false},"product_brand":[],"product_cat":[253,828],"product_tag":[],"class_list":{"0":"post-144112","1":"product","2":"type-product","3":"status-publish","4":"has-post-thumbnail","6":"product_cat-ilmakivaarit-4-5mm","7":"product_cat-tarkka-ampuja-aseet-45mm","9":"first","10":"instock","11":"purchasable","12":"product-type-simple"},"acf":[],"_links":{"self":[{"href":"https:\/\/kingarms.ee\/fi\/wp-json\/wp\/v2\/product\/144112","targetHints":{"allow":["GET"]}}],"collection":[{"href":"https:\/\/kingarms.ee\/fi\/wp-json\/wp\/v2\/product"}],"about":[{"href":"https:\/\/kingarms.ee\/fi\/wp-json\/wp\/v2\/types\/product"}],"wp:featuredmedia":[{"embeddable":true,"href":"https:\/\/kingarms.ee\/fi\/wp-json\/wp\/v2\/media\/144028"}],"wp:attachment":[{"href":"https:\/\/kingarms.ee\/fi\/wp-json\/wp\/v2\/media?parent=144112"}],"wp:term":[{"taxonomy":"product_brand","embeddable":true,"href":"https:\/\/kingarms.ee\/fi\/wp-json\/wp\/v2\/product_brand?post=144112"},{"taxonomy":"product_cat","embeddable":true,"href":"https:\/\/kingarms.ee\/fi\/wp-json\/wp\/v2\/product_cat?post=144112"},{"taxonomy":"product_tag","embeddable":true,"href":"https:\/\/kingarms.ee\/fi\/wp-json\/wp\/v2\/product_tag?post=144112"}],"curies":[{"name":"wp","href":"https:\/\/api.w.org\/{rel}","templated":true}]}}