{"id":145639,"date":"2025-02-22T20:49:06","date_gmt":"2025-02-22T17:49:06","guid":{"rendered":"https:\/\/kingarms.ee\/product\/ruike-p671-cb\/"},"modified":"2025-05-25T13:56:44","modified_gmt":"2025-05-25T10:56:44","slug":"ruike-p671-cb","status":"publish","type":"product","link":"https:\/\/kingarms.ee\/fi\/product\/ruike-p671-cb\/","title":{"rendered":"RUIKE P671-CB"},"content":{"rendered":"","protected":false},"excerpt":{"rendered":"<p>Ruike P671-CB on yksi erottuvimmista Ruike-nivelletyist\u00e4 veitsist\u00e4. Se on suhteellisen lyhyt (164mm auki) veitsi, varustettu eritt\u00e4in rohkea muotoilu ja vahva rakenne ter\u00e4 (pituus 70mm, paksuus enint\u00e4\u00e4n 3,5 mm). Takaisin veitsen kahva on laajempi kuin keskim\u00e4\u00e4rin ja tarjoaa paljon tukea, kun sit\u00e4 k\u00e4ytet\u00e4\u00e4n. Kahva itsess\u00e4\u00e4n on valmistettu G10-Komposiittia ja peitetty hiilikuitu. Ter\u00e4n\u00e4 k\u00e4ytet\u00e4\u00e4n korkealaatuista Sandvik 14c28n ruostumatonta ter\u00e4st\u00e4. Yhteisen toimii pre-voidellaan tukea Kuulalaakerit. Ter\u00e4 avaaminen on mahdollista sek\u00e4 peukalo stud ja edess\u00e4 flipper menetelm\u00e4. Ruike P671-CB ei ehk\u00e4 sovi kaikille k\u00e4ytt\u00e4jille, mutta se vetoaa varmasti niihin, jotka arvostavat kompakteja veitsi\u00e4, joissa on eritt\u00e4in vahva rakenne ja joille peukalotanko \/ etulappumenetelm\u00e4 ter\u00e4n avaamiseksi ei ole vieras.       <\/p>\n","protected":false},"featured_media":145254,"template":"","meta":{"_acf_changed":false},"product_brand":[],"product_cat":[662],"product_tag":[],"class_list":{"0":"post-145639","1":"product","2":"type-product","3":"status-publish","4":"has-post-thumbnail","6":"product_cat-noad-fi","8":"first","9":"instock","10":"purchasable","11":"product-type-simple"},"acf":[],"_links":{"self":[{"href":"https:\/\/kingarms.ee\/fi\/wp-json\/wp\/v2\/product\/145639","targetHints":{"allow":["GET"]}}],"collection":[{"href":"https:\/\/kingarms.ee\/fi\/wp-json\/wp\/v2\/product"}],"about":[{"href":"https:\/\/kingarms.ee\/fi\/wp-json\/wp\/v2\/types\/product"}],"wp:featuredmedia":[{"embeddable":true,"href":"https:\/\/kingarms.ee\/fi\/wp-json\/wp\/v2\/media\/145254"}],"wp:attachment":[{"href":"https:\/\/kingarms.ee\/fi\/wp-json\/wp\/v2\/media?parent=145639"}],"wp:term":[{"taxonomy":"product_brand","embeddable":true,"href":"https:\/\/kingarms.ee\/fi\/wp-json\/wp\/v2\/product_brand?post=145639"},{"taxonomy":"product_cat","embeddable":true,"href":"https:\/\/kingarms.ee\/fi\/wp-json\/wp\/v2\/product_cat?post=145639"},{"taxonomy":"product_tag","embeddable":true,"href":"https:\/\/kingarms.ee\/fi\/wp-json\/wp\/v2\/product_tag?post=145639"}],"curies":[{"name":"wp","href":"https:\/\/api.w.org\/{rel}","templated":true}]}}