{"id":145795,"date":"2025-02-22T20:48:22","date_gmt":"2025-02-22T17:48:22","guid":{"rendered":"https:\/\/kingarms.ee\/product\/fenix-tk11r\/"},"modified":"2025-05-19T13:20:38","modified_gmt":"2025-05-19T10:20:38","slug":"fenix-tk11r","status":"publish","type":"product","link":"https:\/\/kingarms.ee\/fi\/product\/fenix-tk11r\/","title":{"rendered":"FENIX TK11R"},"content":{"rendered":"","protected":false},"excerpt":{"rendered":"<p>Fenix TK11R on t\u00f5upuhas taktikaline teenistuslamp &#8211; kompaktne, lihtne ja suuruse kohta erakordse j\u00f5udlusega. Tulenevalt suurusest ja saledast disainist on TK11R suurep\u00e4rane valik relvalambiks. Tegemist on kesksuuruses taskulambiga, millel pikkust 145mm, pea l\u00e4bim\u00f5\u00f5t 34mm ning korpuse l\u00e4bim\u00f5\u00f5t 23,5mm. Maksimaalseks valgustugevuseks on 1600 luumenit ning maksimaalseks valgusvoo ulatuseks 420 meetrit. Valgusjoonis on konkreetne, kontsentreeritud keskosa ning v\u00e4hem valgustatud \u00e4\u00e4realadega. Kaaluks k\u00f5igest 117,5g ilma toiteallikata. Saadaval on kolm valgustugevust (1600lm@420m, 350lm@200m, 30lm@60m) ning strobore\u017eiim. Taktikalisele lambile omaselt saab lambi l\u00fclitada nii pidevasse t\u00f6\u00f6sse, kui kasutada hetkelise valgustamise funktsiooni. Lisaks on olemas kiirl\u00fclitus strobore\u017eiimi. Opereerimiseks on lambi tagaosas kaks taktikalist l\u00fclitit &#8211; toitel\u00fcliti ning re\u017eiimil\u00fcliti. Fenix TK11R on t\u00e4ielikult veekindel ja vastab maksimaalsele kaitseklassile IP68 2m. Lamp on otselaetav l\u00e4bi lampi integreeritud USB-C laadimispesa, mis on veekindla \u00fclesehitusega. See t\u00e4hendab, et TK11R vee- ja ilmastikukindlus s\u00e4ilib ka siis, kui olete unustanud laadimispesa katmata. Toiteallikana kasutab TK11R standardset t\u00fc\u00fcp 18650 Li-ion akut (komplektis) v\u00f5i kvaliteetseid CR123A liitiumpatareisid. Lamp on varustatud nii aku t\u00fchjenemise indikatsiooniga, laadimisindikatsiooniga kui ka \u00fclekuumenemiskaitsega. Fenix TK11R koprus on valmitatud t\u00fc\u00fcp A6061-T6 alumiiniumisulamist ning kaitstud t\u00fc\u00fcp III anodeeringuga. Reflektori katteklaas on tugevdatud ning peegeldusvastase v\u00e4\u00e4ristusega. Lamp tarnitakse t\u00e4iskomplektina koos aku, laadimiskaabli, k\u00e4epaela, kerge v\u00f6\u00f6vutlari ja tagavara r\u00f5ngastihendiga. Lisaks on Fenix TK11R kohanduv laia valiku Fenix&#8217;i lisavarustusega nagu distantsl\u00fcliti, erinevad relva- ja siinikinnitused, hajutid, filtrid ning liiklusreguleerija sauad.<\/p>\n","protected":false},"featured_media":145062,"template":"","meta":{"_acf_changed":false},"product_brand":[],"product_cat":[273],"product_tag":[],"class_list":{"0":"post-145795","1":"product","2":"type-product","3":"status-publish","4":"has-post-thumbnail","6":"product_cat-valaisimet","8":"first","9":"instock","10":"purchasable","11":"product-type-simple"},"acf":[],"_links":{"self":[{"href":"https:\/\/kingarms.ee\/fi\/wp-json\/wp\/v2\/product\/145795","targetHints":{"allow":["GET"]}}],"collection":[{"href":"https:\/\/kingarms.ee\/fi\/wp-json\/wp\/v2\/product"}],"about":[{"href":"https:\/\/kingarms.ee\/fi\/wp-json\/wp\/v2\/types\/product"}],"wp:featuredmedia":[{"embeddable":true,"href":"https:\/\/kingarms.ee\/fi\/wp-json\/wp\/v2\/media\/145062"}],"wp:attachment":[{"href":"https:\/\/kingarms.ee\/fi\/wp-json\/wp\/v2\/media?parent=145795"}],"wp:term":[{"taxonomy":"product_brand","embeddable":true,"href":"https:\/\/kingarms.ee\/fi\/wp-json\/wp\/v2\/product_brand?post=145795"},{"taxonomy":"product_cat","embeddable":true,"href":"https:\/\/kingarms.ee\/fi\/wp-json\/wp\/v2\/product_cat?post=145795"},{"taxonomy":"product_tag","embeddable":true,"href":"https:\/\/kingarms.ee\/fi\/wp-json\/wp\/v2\/product_tag?post=145795"}],"curies":[{"name":"wp","href":"https:\/\/api.w.org\/{rel}","templated":true}]}}