{"id":145907,"date":"2025-02-22T20:48:02","date_gmt":"2025-02-22T17:48:02","guid":{"rendered":"https:\/\/kingarms.ee\/product\/fenix-laadimiskaabel-usb-c-laadimispordiga-lampidele\/"},"modified":"2025-05-19T14:24:32","modified_gmt":"2025-05-19T11:24:32","slug":"fenix-laadimiskaabel-usb-c-laadimispordiga-lampidele","status":"publish","type":"product","link":"https:\/\/kingarms.ee\/fi\/product\/fenix-laadimiskaabel-usb-c-laadimispordiga-lampidele\/","title":{"rendered":"FENIX LAADIMISKAABEL USB-C LAADIMISPORDIGA LAMPIDELE"},"content":{"rendered":"","protected":false},"excerpt":{"rendered":"<p>Universaalne laadimiskaabel Fenix lampidele, millel on USB t\u00fc\u00fcp C (USB-C) laadimispesa. Kaabel on 40cm pikk. \u00dcks ots varustatud USB-C otsikuga, teine USB-A otsikuga.<\/p>\n<p>Sobivus: Fenix lambid, mis omavad USB-C laadimispesa<\/p>\n","protected":false},"featured_media":145140,"template":"","meta":{"_acf_changed":false},"product_brand":[],"product_cat":[273],"product_tag":[],"class_list":{"0":"post-145907","1":"product","2":"type-product","3":"status-publish","4":"has-post-thumbnail","6":"product_cat-valaisimet","8":"first","9":"instock","10":"purchasable","11":"product-type-simple"},"acf":[],"_links":{"self":[{"href":"https:\/\/kingarms.ee\/fi\/wp-json\/wp\/v2\/product\/145907","targetHints":{"allow":["GET"]}}],"collection":[{"href":"https:\/\/kingarms.ee\/fi\/wp-json\/wp\/v2\/product"}],"about":[{"href":"https:\/\/kingarms.ee\/fi\/wp-json\/wp\/v2\/types\/product"}],"wp:featuredmedia":[{"embeddable":true,"href":"https:\/\/kingarms.ee\/fi\/wp-json\/wp\/v2\/media\/145140"}],"wp:attachment":[{"href":"https:\/\/kingarms.ee\/fi\/wp-json\/wp\/v2\/media?parent=145907"}],"wp:term":[{"taxonomy":"product_brand","embeddable":true,"href":"https:\/\/kingarms.ee\/fi\/wp-json\/wp\/v2\/product_brand?post=145907"},{"taxonomy":"product_cat","embeddable":true,"href":"https:\/\/kingarms.ee\/fi\/wp-json\/wp\/v2\/product_cat?post=145907"},{"taxonomy":"product_tag","embeddable":true,"href":"https:\/\/kingarms.ee\/fi\/wp-json\/wp\/v2\/product_tag?post=145907"}],"curies":[{"name":"wp","href":"https:\/\/api.w.org\/{rel}","templated":true}]}}