{"id":145962,"date":"2025-02-22T20:47:36","date_gmt":"2025-02-22T17:47:36","guid":{"rendered":"https:\/\/kingarms.ee\/product\/fenix-gl19r-v2-0-pustoli-ja-relvalamp\/"},"modified":"2025-05-19T14:24:48","modified_gmt":"2025-05-19T11:24:48","slug":"fenix-gl19r-v2-0-pustoli-ja-relvalamp","status":"publish","type":"product","link":"https:\/\/kingarms.ee\/fi\/product\/fenix-gl19r-v2-0-pustoli-ja-relvalamp\/","title":{"rendered":"FENIX GL19R V2.0 P\u00dcSTOLI- JA RELVALAMP"},"content":{"rendered":"","protected":false},"excerpt":{"rendered":"<p>FENIX GL19R V2.0 P\u00dcSTOLI- JA RELVALAMP<\/p>\n<p>Fenix GL19R V2.0 on unikaalne suure valgusj\u00f5uga otselaetav p\u00fcstoli- ja relvalamp. Valmistamisel on r\u00f5hku pandud eelk\u00f5ige mugavale kasutajaliidesele ja suurele valgusvoo ulatusele. Fenix GL19R V2.0 maksimaalseks valgusj\u00f5uks on 1200 luumenit ning maksimaalseks valgusvoo ulatuseks 420 meetrit. Lambi t\u00f6\u00f6sse l\u00fclitamine toimub lambi tagaossa relva p\u00e4\u00e4stiku suunas suunatud dubleeritud l\u00fclitite abil. Lampi on v\u00f5imalik l\u00fclitada nii konstantsele t\u00f6\u00f6le, kui kasutada seda vaid hetkeliseks valgustamiseks (lamp t\u00f6\u00f6tab vaid ajal, kui l\u00fclitit all hoiate). Et valgusti kasutamine oleks veelgi mugavam ning et see kohanduks paremini nii erinevate kasutajate kui relvadega, on selle l\u00fclitid vahetatavad. Komplektis on kaasas nii standardsuuruses l\u00fclitite paar, madala profiiliga l\u00fclitite paar kui pikendatud profiiliga l\u00fclitite paar. GL19R V2.0 kinnitub relvale kiirkinnituse abil ning komplektis on kaasas paigaldusplaadid, muutes lambi sobituvaks nii Picatinny kui Glock&#8217;i standardkinnitustega. Fenix GL19R korpus on valmistatud tugevast alumiiniumisulamist ja kaetud t\u00fc\u00fcp III anodeeringuga. Toiteallikana on kasutusel standardne suure koormustaluvusega t\u00fc\u00fcp 18350 Li-ion aku (Fenix ARB-L18-1100), millele Fenix on lisanud t\u00e4iendava kaitsemooduli \u00fclelaadimise, alat\u00fchjenemise, \u00fclekuumenemise, \u00fclepinge ja l\u00fchi\u00fchenduse vastu. Laadimiseks ei pea akut lambist eemaldama. Lamp omab otselaadimiseks standardset integreeritud USB-C laadimisporti. Toiteallika laetustaset on v\u00f5imalik kontrollida lampi integreeritud toiteallika laetustaseme indikaatori kaudu, mis on peidetud laadimispesa katte alla. Sama indikaator t\u00f6\u00f6tab ka lambi laadimisprotsessi indikaatorina. Fenix GL19R V2.0 on testitud ilmastiku- ja veekindlusega lamp vastavalt kaitseklassile IP66. Tarnitakse t\u00e4iskomplektina, kuhu kuulub lisaks lambile Fenix&#8217;i 1100mAh mahutavusega Li-ion aku, USB-C laadimiskaabel, paigaldusplaat Glock ja Picatinny kinnitustega sobitamiseks, l\u00fclitite paarid kasutusmugavuse tagamiseks, tagavara r\u00f5ngastihend ning kasutusjuhend. Tulenevalt oma disainist ja v\u00e4ga suurest valgusvoo ulatusest on Fenix GL19R V2.0 kasutatav ka suurematel tulirelvadel.<\/p>\n<p>T\u00e4helepanu! Fenx GL19R sobitub enamike standardsuuruses p\u00fcstolitega, millel on Glock&#8217;i v\u00f5i MIL-STD-1913 (Picatinny) standardkinnitus. T\u00e4iendav info kohanduvate relvade kohta leiate siit.<\/p>\n","protected":false},"featured_media":144792,"template":"","meta":{"_acf_changed":false},"product_brand":[],"product_cat":[273],"product_tag":[],"class_list":{"0":"post-145962","1":"product","2":"type-product","3":"status-publish","4":"has-post-thumbnail","6":"product_cat-valaisimet","8":"first","9":"instock","10":"purchasable","11":"product-type-simple"},"acf":[],"_links":{"self":[{"href":"https:\/\/kingarms.ee\/fi\/wp-json\/wp\/v2\/product\/145962","targetHints":{"allow":["GET"]}}],"collection":[{"href":"https:\/\/kingarms.ee\/fi\/wp-json\/wp\/v2\/product"}],"about":[{"href":"https:\/\/kingarms.ee\/fi\/wp-json\/wp\/v2\/types\/product"}],"wp:featuredmedia":[{"embeddable":true,"href":"https:\/\/kingarms.ee\/fi\/wp-json\/wp\/v2\/media\/144792"}],"wp:attachment":[{"href":"https:\/\/kingarms.ee\/fi\/wp-json\/wp\/v2\/media?parent=145962"}],"wp:term":[{"taxonomy":"product_brand","embeddable":true,"href":"https:\/\/kingarms.ee\/fi\/wp-json\/wp\/v2\/product_brand?post=145962"},{"taxonomy":"product_cat","embeddable":true,"href":"https:\/\/kingarms.ee\/fi\/wp-json\/wp\/v2\/product_cat?post=145962"},{"taxonomy":"product_tag","embeddable":true,"href":"https:\/\/kingarms.ee\/fi\/wp-json\/wp\/v2\/product_tag?post=145962"}],"curies":[{"name":"wp","href":"https:\/\/api.w.org\/{rel}","templated":true}]}}