{"id":146048,"date":"2025-02-22T20:47:36","date_gmt":"2025-02-22T17:47:36","guid":{"rendered":"https:\/\/kingarms.ee\/product\/fenix-hm70r\/"},"modified":"2025-05-19T14:05:02","modified_gmt":"2025-05-19T11:05:02","slug":"fenix-hm70r","status":"publish","type":"product","link":"https:\/\/kingarms.ee\/fi\/product\/fenix-hm70r\/","title":{"rendered":"FENIX HM70R"},"content":{"rendered":"","protected":false},"excerpt":{"rendered":"<p>Fenix HM70R on Fenix&#8217;i mitmeotstarbeliste pealampide (HM-seeria) lipulaev. Tegemist on j\u00f5ulise pealambiga, mille korpus on t\u00e4ielikult valmistatud alumiiniumisulamitest. HM70R&#8217;il on eraldi optika nii kaugete objektide valgustamiseks kui ka l\u00e4hit\u00f6\u00f6 tegemiseks. Esimene neist on puhta valge valgusega ning teine neutraalse valge valgusega, mis parandab v\u00e4rvi\u00fclekannet ja v\u00e4hendab silmade v\u00e4simust tehisvalguse tingimustes. Lisaks on lambil kaks punase valguse LED elementi. HM70R peidab endas suurt uue generatsiooni t\u00fc\u00fcp 21700 Li-ion akut (vahetatav), millel on mahutavust 5000mAh. Akut ei pea laadimiseks lambist eemaldama. Laadimine toimub l\u00e4bi lampi integreeritud ning metallkattega kaitstud USB-C laadimispordi standardse USB-C kaabli abil. HM70R sobib h\u00e4sti nii peas kui kiivril kandmiseks. T\u00e4nu suurele l\u00fclitile lambi k\u00fcljel on HM70R lihtsalt opereeritav ka paksemate kinnastega. HM70R on t\u00e4ielikult vee- ja ilmastikukindel, omades maksimaalset kaitseklassi IP68. Lisaks on lambil testitud p\u00f5rutuskindlus k\u00f5rguselt 2 meetrit.<\/p>\n<p>Fenix HM70R maksimaalseks valgusj\u00f5uks on 1600 luumenit ja maksimaalseks valgusvoo ulatuseks 186 meetrit. Kokku on HM70R&#8217;il kuus erinevat valge valguse re\u017eiimi (sisaldab nii punktvalguse kui ka hajusa valguse re\u017eiime) ning kaks punase valguse re\u017eiimi. HM70R sobib t\u00e4nu oma suurele akule, pikkadele t\u00f6\u00f6aegadele ning pikale maksimaalsele valgusvoo ulatusele eriti h\u00e4sti igap\u00e4evaseks kasutamiseks t\u00f6\u00f6stuses ja ehitustel. Lisaks sobib HM70R h\u00e4sti kiivrilambiks (nii peapaelaga kui eraldi saadaval oleva kiivrikinnitusega kinnitades).<\/p>\n<p>Fenix HM70R t\u00e4iendavad tehnilised lahendused on: reflektori karastatud ning peegeldusvastaste v\u00e4\u00e4ristustega kaitseklaas, metallr\u00f5ngaga kaitstud laadimisport, toetab kuni 2A kiirlaadimist, suur kinnastega opereeritav l\u00fcliti, digitaalselt reguleeritud vooluring stabiilse valgusj\u00f5u saavutamiseks, aku laadimisindikaator, aku laetustaseme indikatsioon, uue generatsiooni suure mahutavusega t\u00fc\u00fcp 21700 Li-ion aku, lukustusfunktsioon lambi tahtmatu sissel\u00fclitamise v\u00e4ltimiseks, perforeeritud ja hingav peapael, helkurelemendid peapaelal, peapaela hoidikus \u00fcles-alla reguleeritav 180 kraadi ulatuses, veekindel, ilmastikukindel, testitud p\u00f5rutuskindlusega kuni 2m, omab maksimaalset kaitseklassi IP68, ette n\u00e4htud t\u00f6\u00f6ks temperatuuridel -35&#8230;+45 kraadi.<\/p>\n<p>Fenix MH70R, nagu ka k\u00f5ik teised Fenix&#8217;i HM ja HP seeria pealambid, tarnitakse t\u00e4iskomplektsuses. Ehk tarnepakendisse kuuluvad lisaks lambile ka peapael, suur 5000mAh Li-ion aku, laadimistarvikud, tagavara r\u00f5ngastihend ja kasutusjuhend. Eraldiseisev kiivrikinnitus (lambi paigaldamiseks kiivrile ilma peapaelata) saadaval eraldi.<\/p>\n","protected":false},"featured_media":144888,"template":"","meta":{"_acf_changed":false},"product_brand":[],"product_cat":[273],"product_tag":[],"class_list":{"0":"post-146048","1":"product","2":"type-product","3":"status-publish","4":"has-post-thumbnail","6":"product_cat-valaisimet","8":"first","9":"instock","10":"purchasable","11":"product-type-simple"},"acf":[],"_links":{"self":[{"href":"https:\/\/kingarms.ee\/fi\/wp-json\/wp\/v2\/product\/146048","targetHints":{"allow":["GET"]}}],"collection":[{"href":"https:\/\/kingarms.ee\/fi\/wp-json\/wp\/v2\/product"}],"about":[{"href":"https:\/\/kingarms.ee\/fi\/wp-json\/wp\/v2\/types\/product"}],"wp:featuredmedia":[{"embeddable":true,"href":"https:\/\/kingarms.ee\/fi\/wp-json\/wp\/v2\/media\/144888"}],"wp:attachment":[{"href":"https:\/\/kingarms.ee\/fi\/wp-json\/wp\/v2\/media?parent=146048"}],"wp:term":[{"taxonomy":"product_brand","embeddable":true,"href":"https:\/\/kingarms.ee\/fi\/wp-json\/wp\/v2\/product_brand?post=146048"},{"taxonomy":"product_cat","embeddable":true,"href":"https:\/\/kingarms.ee\/fi\/wp-json\/wp\/v2\/product_cat?post=146048"},{"taxonomy":"product_tag","embeddable":true,"href":"https:\/\/kingarms.ee\/fi\/wp-json\/wp\/v2\/product_tag?post=146048"}],"curies":[{"name":"wp","href":"https:\/\/api.w.org\/{rel}","templated":true}]}}