{"id":146245,"date":"2025-02-22T20:46:55","date_gmt":"2025-02-22T17:46:55","guid":{"rendered":"https:\/\/kingarms.ee\/product\/fenix-bc22r\/"},"modified":"2025-05-19T14:28:17","modified_gmt":"2025-05-19T11:28:17","slug":"fenix-bc22r","status":"publish","type":"product","link":"https:\/\/kingarms.ee\/fi\/product\/fenix-bc22r\/","title":{"rendered":"FENIX BC22R"},"content":{"rendered":"","protected":false},"excerpt":{"rendered":"<p>BC22R on Fenix&#8217;i kompaktne jalgrattalamp (pikkus 115mm, pea osa l\u00e4bim\u00f5\u00f5t 34,2mm, korpuse osa l\u00e4bim\u00f5\u00f5t 29mm, kaal 157g koos toiteallikaga), mis on disainitud eelk\u00f5ige maantees\u00f5iduks, kuid sobib ka maastikul liikumiseks. Tegemist on USB-C otselaetava lambiga, mis kasutab t\u00f6\u00f6ks enimlevinud standardseid t\u00fc\u00fcp 18650 Li-ion akusid (komplektis kaasas). Fenix BC22R optika p\u00f5hineb paraboolreflektoril, mis on kaetud sarnaselt autodele valgust \u00fclevalt murdva optikaga. Nii on tagatud, et maanteel s\u00f5ites ei hakkaks lamp vastutulevaid s\u00f5idukeid ega inimesi pimestama. Lisaks on optikast v\u00e4ljuv valgus osaliselt n\u00e4htav ka jalgratta k\u00fcljelt, mis suurendab ratturi ohutust ja n\u00e4htavust pimedas. Maksimaalseks valgusj\u00f5uks on 1400 luumenit ning maksimaalseks valgusvoo ulatuseks 156 meetrit. Saadaval on neli valgustugevust (1400lm, 600lm, 200lm, 50lm) ning \u00fcks vilkuv re\u017eiim (200\/50lm). BC22R kinnitub Fenix&#8217;i jalgratta kiirkinnitusse (komplektis kaasas) ning lisaks ka GoPro standardkinnitusse (kinnitusadapter komplektis kaasas). Seega saate lambi vajadusel ratta juhtraualt eemaldada ning kasutada seda kas tavalise taskulambina v\u00f5i kinnitada hoopiski olemasolevasse GoPro baaskinnitusse. T\u00f6\u00f6sse l\u00fclitamiseks ning re\u017eiimide vahetamiseks on lambi peal mugav l\u00fcliti, millesse on integreeritud aku laetustaseme, aku madala pinge hoiatuse ning laadimisprotsessi indikatsioonid (neljaastmeline kahe v\u00e4rvusega valgussignaal). Lambi toiteallikas on t\u00fc\u00fcp 18650 Li-ion aku, mis on otselaetav l\u00e4bi lampi integreeritud USB-C pesa v\u00f5i siis eemaldatav ning kiirelt asendatav eelnevalt t\u00e4is laetud tagavaraakuga. Valgusjoonis on pehme ning sujuvate \u00fcleminekutega keskelt \u00e4\u00e4realadele. Valgusjoonise \u00fclaosa on l\u00f5igatud vastutulevate liiklejate pimestamise v\u00e4ltimiseks. Fenix BC22R on vee- ja ilmastikukindel vastavalt kaitseklassile IP66. Lamp tarnitakse t\u00e4iskomplektina, kuhu kuulub kogu vajalik koheseks kasutamiseks.<\/p>\n","protected":false},"featured_media":144660,"template":"","meta":{"_acf_changed":false},"product_brand":[],"product_cat":[273],"product_tag":[],"class_list":{"0":"post-146245","1":"product","2":"type-product","3":"status-publish","4":"has-post-thumbnail","6":"product_cat-valaisimet","8":"first","9":"instock","10":"purchasable","11":"product-type-simple"},"acf":[],"_links":{"self":[{"href":"https:\/\/kingarms.ee\/fi\/wp-json\/wp\/v2\/product\/146245","targetHints":{"allow":["GET"]}}],"collection":[{"href":"https:\/\/kingarms.ee\/fi\/wp-json\/wp\/v2\/product"}],"about":[{"href":"https:\/\/kingarms.ee\/fi\/wp-json\/wp\/v2\/types\/product"}],"wp:featuredmedia":[{"embeddable":true,"href":"https:\/\/kingarms.ee\/fi\/wp-json\/wp\/v2\/media\/144660"}],"wp:attachment":[{"href":"https:\/\/kingarms.ee\/fi\/wp-json\/wp\/v2\/media?parent=146245"}],"wp:term":[{"taxonomy":"product_brand","embeddable":true,"href":"https:\/\/kingarms.ee\/fi\/wp-json\/wp\/v2\/product_brand?post=146245"},{"taxonomy":"product_cat","embeddable":true,"href":"https:\/\/kingarms.ee\/fi\/wp-json\/wp\/v2\/product_cat?post=146245"},{"taxonomy":"product_tag","embeddable":true,"href":"https:\/\/kingarms.ee\/fi\/wp-json\/wp\/v2\/product_tag?post=146245"}],"curies":[{"name":"wp","href":"https:\/\/api.w.org\/{rel}","templated":true}]}}