{"id":146418,"date":"2025-02-22T20:46:04","date_gmt":"2025-02-22T17:46:04","guid":{"rendered":"https:\/\/kingarms.ee\/product\/fenix-afh-03-pealampide-peapael\/"},"modified":"2025-05-19T18:11:33","modified_gmt":"2025-05-19T15:11:33","slug":"fenix-afh-03-pealampide-peapael","status":"publish","type":"product","link":"https:\/\/kingarms.ee\/fi\/product\/fenix-afh-03-pealampide-peapael\/","title":{"rendered":"FENIX AFH-03 PEALAMPIDE PEAPAEL"},"content":{"rendered":"","protected":false},"excerpt":{"rendered":"<p>Tagavara peapaela komplekt Fenix pealampidele. V\u00e4rvuseks oran\u017e + tumehall kombinatsioon. Valmistatud Fenix peapaeladele omasest perforeeritud ning h\u00e4sti hingavast materjalist. Komplekti kuulub \u00fcmber-pea pael. Sobitub k\u00f5igi kompaktsete Fenix pealampidega, mille peapaelal puudub \u00fcle-pea pael v.a HL40R. Pildil olev lamp komplekti ei kuulu.<\/p>\n","protected":false},"featured_media":144354,"template":"","meta":{"_acf_changed":false},"product_brand":[],"product_cat":[273],"product_tag":[],"class_list":{"0":"post-146418","1":"product","2":"type-product","3":"status-publish","4":"has-post-thumbnail","6":"product_cat-valaisimet","8":"first","9":"instock","10":"purchasable","11":"product-type-simple"},"acf":[],"_links":{"self":[{"href":"https:\/\/kingarms.ee\/fi\/wp-json\/wp\/v2\/product\/146418","targetHints":{"allow":["GET"]}}],"collection":[{"href":"https:\/\/kingarms.ee\/fi\/wp-json\/wp\/v2\/product"}],"about":[{"href":"https:\/\/kingarms.ee\/fi\/wp-json\/wp\/v2\/types\/product"}],"wp:featuredmedia":[{"embeddable":true,"href":"https:\/\/kingarms.ee\/fi\/wp-json\/wp\/v2\/media\/144354"}],"wp:attachment":[{"href":"https:\/\/kingarms.ee\/fi\/wp-json\/wp\/v2\/media?parent=146418"}],"wp:term":[{"taxonomy":"product_brand","embeddable":true,"href":"https:\/\/kingarms.ee\/fi\/wp-json\/wp\/v2\/product_brand?post=146418"},{"taxonomy":"product_cat","embeddable":true,"href":"https:\/\/kingarms.ee\/fi\/wp-json\/wp\/v2\/product_cat?post=146418"},{"taxonomy":"product_tag","embeddable":true,"href":"https:\/\/kingarms.ee\/fi\/wp-json\/wp\/v2\/product_tag?post=146418"}],"curies":[{"name":"wp","href":"https:\/\/api.w.org\/{rel}","templated":true}]}}