{"id":147638,"date":"2025-04-21T17:29:23","date_gmt":"2025-04-21T14:29:23","guid":{"rendered":"https:\/\/kingarms.ee\/product\/starter-kit-borner-pm-x-ampumasetti\/"},"modified":"2025-05-19T18:11:30","modified_gmt":"2025-05-19T15:11:30","slug":"starter-kit-borner-pm-x-ampumasetti","status":"publish","type":"product","link":"https:\/\/kingarms.ee\/fi\/product\/starter-kit-borner-pm-x-ampumasetti\/","title":{"rendered":"Starter Kit: Borner pm-X ampumasetti"},"content":{"rendered":"<p class=\"\" data-start=\"129\" data-end=\"246\">Starter Kit: Borner pm-X ampumasetti<br \/>\nT\u00e4ydellinen aloituspakkaus ilmakiv\u00e4\u00e4riharrastajalle! T\u00e4m\u00e4 sarja sis\u00e4lt\u00e4\u00e4 kaiken, mit\u00e4 tarvitset liikuntaan tai viihteeseen:<\/p>\n<ol data-start=\"248\" data-end=\"909\">\n<li class=\"\" data-start=\"248\" data-end=\"529\">\n<p class=\"\" data-start=\"251\" data-end=\"362\"><strong data-start=\"251\" data-end=\"276\">Borner pm-X ilmapistooli<\/strong><br data-start=\"276\" data-end=\"279\">Kopio kuuluisasta Makarovista, jossa on kevyt polymeerirunko ja metalliset sis\u00e4osat.<\/p>\n<ul data-start=\"366\" data-end=\"529\">\n<li class=\"\" data-start=\"366\" data-end=\"411\">\n<p class=\"\" data-start=\"368\" data-end=\"411\">Kaliiperi: 4,5 mm (0,177) ter\u00e4s BB: lle<\/p>\n<\/li>\n<li class=\"\" data-start=\"415\" data-end=\"438\">\n<p class=\"\" data-start=\"417\" data-end=\"438\">Kapasiteetti: 16 luotia<\/p>\n<\/li>\n<li class=\"\" data-start=\"442\" data-end=\"489\">\n<p class=\"\" data-start=\"444\" data-end=\"489\">Virtal\u00e4hde: 12 g CO2-kapseli (pidet\u00e4\u00e4n kahvassa)<\/p>\n<\/li>\n<li class=\"\" data-start=\"493\" data-end=\"529\">\n<p class=\"\" data-start=\"495\" data-end=\"529\">Manuaalinen turvallisuus vasaran vieress\u00e4<\/p>\n<\/li>\n<\/ul>\n<\/li>\n<li class=\"\" data-start=\"531\" data-end=\"657\">\n<p class=\"\" data-start=\"534\" data-end=\"607\"><strong data-start=\"534\" data-end=\"561\">Megaline &#8221;Apple&#8221; &#8211; kohde<\/strong><br data-start=\"561\" data-end=\"564\">Hauska ja k\u00e4yt\u00e4nn\u00f6llinen paperikohde.<\/p>\n<ul data-start=\"611\" data-end=\"657\">\n<li class=\"\" data-start=\"611\" data-end=\"632\">\n<p class=\"\" data-start=\"613\" data-end=\"632\">Mitat: 14&#215;14 cm<\/p>\n<\/li>\n<li class=\"\" data-start=\"636\" data-end=\"657\">\n<p class=\"\" data-start=\"638\" data-end=\"657\">Mukana 50 arkkia<\/p>\n<\/li>\n<\/ul>\n<\/li>\n<li class=\"\" data-start=\"659\" data-end=\"762\">\n<p class=\"\" data-start=\"662\" data-end=\"762\"><strong data-start=\"662\" data-end=\"680\">12 g CO2-kapselia<\/strong><br data-start=\"680\" data-end=\"683\">T\u00e4ydellinen Borner PM-X: lle ja muille CO2-k\u00e4ytt\u00f6isille ilmapistooleille.<\/p>\n<\/li>\n<li class=\"\" data-start=\"764\" data-end=\"909\">\n<p class=\"\" data-start=\"767\" data-end=\"859\"><strong data-start=\"767\" data-end=\"800\">KingArms BB 4.5mm ter\u00e4spallot<\/strong><br data-start=\"800\" data-end=\"803\">Laadukkaat 4,5 mm ter\u00e4skuulat tarkkaan ampumiseen.<\/p>\n<ul data-start=\"863\" data-end=\"909\">\n<li class=\"\" data-start=\"863\" data-end=\"878\">\n<p class=\"\" data-start=\"865\" data-end=\"878\">Paino: 0,5 g<\/p>\n<\/li>\n<li class=\"\" data-start=\"882\" data-end=\"909\">\n<p class=\"\" data-start=\"884\" data-end=\"909\">M\u00e4\u00e4r\u00e4: 650kpl muovipurkissa<\/p>\n<\/li>\n<\/ul>\n<\/li>\n<\/ol>\n","protected":false},"excerpt":{"rendered":"<p class=\"\" data-start=\"129\" data-end=\"246\">T\u00e4ydellinen aloituspakkaus ilmakiv\u00e4\u00e4riharrastajalle! T\u00e4m\u00e4 sarja sis\u00e4lt\u00e4\u00e4 kaiken, mit\u00e4 tarvitset liikuntaan tai viihteeseen:<\/p>\n<ol data-start=\"248\" data-end=\"909\">\n<li class=\"\" data-start=\"248\" data-end=\"529\">\n<p class=\"\" data-start=\"251\" data-end=\"362\"><strong data-start=\"251\" data-end=\"276\">Borner pm-X ilmapistooli<\/strong><br data-start=\"276\" data-end=\"279\">Kopio kuuluisasta Makarovista, jossa on kevyt polymeerirunko ja metalliset sis\u00e4osat.<\/p>\n<ul data-start=\"366\" data-end=\"529\">\n<li class=\"\" data-start=\"366\" data-end=\"411\">\n<p class=\"\" data-start=\"368\" data-end=\"411\">Kaliiperi: 4,5 mm (0,177) ter\u00e4s BB: lle<\/p>\n<\/li>\n<li class=\"\" data-start=\"415\" data-end=\"438\">\n<p class=\"\" data-start=\"417\" data-end=\"438\">Kapasiteetti: 16 luotia<\/p>\n<\/li>\n<li class=\"\" data-start=\"442\" data-end=\"489\">\n<p class=\"\" data-start=\"444\" data-end=\"489\">Virtal\u00e4hde: 12 g CO2-kapseli (pidet\u00e4\u00e4n kahvassa)<\/p>\n<\/li>\n<li class=\"\" data-start=\"493\" data-end=\"529\">\n<p class=\"\" data-start=\"495\" data-end=\"529\">Manuaalinen turvallisuus vasaran vieress\u00e4<\/p>\n<\/li>\n<\/ul>\n<\/li>\n<li class=\"\" data-start=\"531\" data-end=\"657\">\n<p class=\"\" data-start=\"534\" data-end=\"607\"><strong data-start=\"534\" data-end=\"561\">Megaline &#8221;Apple&#8221; &#8211; kohde<\/strong><br data-start=\"561\" data-end=\"564\">Hauska ja k\u00e4yt\u00e4nn\u00f6llinen paperikohde.<\/p>\n<ul data-start=\"611\" data-end=\"657\">\n<li class=\"\" data-start=\"611\" data-end=\"632\">\n<p class=\"\" data-start=\"613\" data-end=\"632\">Mitat: 14&#215;14 cm<\/p>\n<\/li>\n<li class=\"\" data-start=\"636\" data-end=\"657\">\n<p class=\"\" data-start=\"638\" data-end=\"657\">Mukana 50 arkkia<\/p>\n<\/li>\n<\/ul>\n<\/li>\n<li class=\"\" data-start=\"659\" data-end=\"762\">\n<p class=\"\" data-start=\"662\" data-end=\"762\"><strong data-start=\"662\" data-end=\"680\">12 g CO2-kapselia<\/strong><br data-start=\"680\" data-end=\"683\">T\u00e4ydellinen Borner PM-X: lle ja muille CO2-k\u00e4ytt\u00f6isille ilmapistooleille.<\/p>\n<\/li>\n<li class=\"\" data-start=\"764\" data-end=\"909\">\n<p class=\"\" data-start=\"767\" data-end=\"859\"><strong data-start=\"767\" data-end=\"800\">KingArms BB 4.5mm ter\u00e4spallot<\/strong><br data-start=\"800\" data-end=\"803\">Laadukkaat 4,5 mm ter\u00e4skuulat tarkkaan ampumiseen.<\/p>\n<ul data-start=\"863\" data-end=\"909\">\n<li class=\"\" data-start=\"863\" data-end=\"878\">\n<p class=\"\" data-start=\"865\" data-end=\"878\">Paino: 0,5 g<\/p>\n<\/li>\n<li class=\"\" data-start=\"882\" data-end=\"909\">\n<p class=\"\" data-start=\"884\" data-end=\"909\">M\u00e4\u00e4r\u00e4: 650kpl muovipurkissa<\/p>\n<\/li>\n<\/ul>\n<\/li>\n<\/ol>\n","protected":false},"featured_media":147654,"template":"","meta":{"_acf_changed":false},"product_brand":[],"product_cat":[253,672],"product_tag":[],"class_list":{"0":"post-147638","1":"product","2":"type-product","3":"status-publish","4":"has-post-thumbnail","6":"product_cat-ilmakivaarit-4-5mm","7":"product_cat-pienaseet","9":"first","10":"instock","11":"taxable","12":"shipping-taxable","13":"purchasable","14":"product-type-simple"},"acf":[],"_links":{"self":[{"href":"https:\/\/kingarms.ee\/fi\/wp-json\/wp\/v2\/product\/147638","targetHints":{"allow":["GET"]}}],"collection":[{"href":"https:\/\/kingarms.ee\/fi\/wp-json\/wp\/v2\/product"}],"about":[{"href":"https:\/\/kingarms.ee\/fi\/wp-json\/wp\/v2\/types\/product"}],"wp:featuredmedia":[{"embeddable":true,"href":"https:\/\/kingarms.ee\/fi\/wp-json\/wp\/v2\/media\/147654"}],"wp:attachment":[{"href":"https:\/\/kingarms.ee\/fi\/wp-json\/wp\/v2\/media?parent=147638"}],"wp:term":[{"taxonomy":"product_brand","embeddable":true,"href":"https:\/\/kingarms.ee\/fi\/wp-json\/wp\/v2\/product_brand?post=147638"},{"taxonomy":"product_cat","embeddable":true,"href":"https:\/\/kingarms.ee\/fi\/wp-json\/wp\/v2\/product_cat?post=147638"},{"taxonomy":"product_tag","embeddable":true,"href":"https:\/\/kingarms.ee\/fi\/wp-json\/wp\/v2\/product_tag?post=147638"}],"curies":[{"name":"wp","href":"https:\/\/api.w.org\/{rel}","templated":true}]}}