{"id":147719,"date":"2025-04-27T11:18:31","date_gmt":"2025-04-27T08:51:57","guid":{"rendered":"https:\/\/kingarms.ee\/product\/diana-pcp-xr-200-ilmakivaari-4-5mm\/"},"modified":"2025-05-19T18:11:29","modified_gmt":"2025-05-19T15:11:29","slug":"diana-pcp-xr-200-ilmakivaari-4-5mm","status":"publish","type":"product","link":"https:\/\/kingarms.ee\/fi\/product\/diana-pcp-xr-200-ilmakivaari-4-5mm\/","title":{"rendered":"Diana PCP XR-200 (ilmakiv\u00e4\u00e4ri 4.5mm)"},"content":{"rendered":"<p><img loading=\"lazy\" decoding=\"async\" class=\"alignnone size-full wp-image-147682\" src=\"https:\/\/kingarms.ee\/wp-content\/uploads\/2025\/04\/diana-pcp-xr-200-wood-4-5mm-air-rifle-de7588679fe04b6a8bd1b71d79c3824a-3a72b746.jpeg\" alt=\"\" width=\"900\" height=\"900\" srcset=\"https:\/\/kingarms.ee\/wp-content\/uploads\/2025\/04\/diana-pcp-xr-200-wood-4-5mm-air-rifle-de7588679fe04b6a8bd1b71d79c3824a-3a72b746.jpeg 900w, https:\/\/kingarms.ee\/wp-content\/uploads\/2025\/04\/diana-pcp-xr-200-wood-4-5mm-air-rifle-de7588679fe04b6a8bd1b71d79c3824a-3a72b746-300x300.jpeg 300w, https:\/\/kingarms.ee\/wp-content\/uploads\/2025\/04\/diana-pcp-xr-200-wood-4-5mm-air-rifle-de7588679fe04b6a8bd1b71d79c3824a-3a72b746-150x150.jpeg 150w, https:\/\/kingarms.ee\/wp-content\/uploads\/2025\/04\/diana-pcp-xr-200-wood-4-5mm-air-rifle-de7588679fe04b6a8bd1b71d79c3824a-3a72b746-768x768.jpeg 768w, https:\/\/kingarms.ee\/wp-content\/uploads\/2025\/04\/diana-pcp-xr-200-wood-4-5mm-air-rifle-de7588679fe04b6a8bd1b71d79c3824a-3a72b746-500x500.jpeg 500w\" sizes=\"auto, (max-width: 900px) 100vw, 900px\" \/><\/p>\n","protected":false},"excerpt":{"rendered":"<p>TEKNISET TIEDOT Diana PCP XR-200 (ilmakiv\u00e4\u00e4ri 4.5mm)<\/p>\n<p>Mahdollisuus asentaa puristin<br \/>\nKaliiperi [mm] 4,5 mm<br \/>\nKineettinen energia [J] 16<br \/>\nSalvo: kyll\u00e4<br \/>\nPultti: kapasiteetti [kpl] 14 (2 kpl:n sarja)<br \/>\nKiinnitys: optinen t\u00e4ht\u00e4in, jalustakiinnitys<br \/>\nAsennusohjeiden m\u00e4\u00e4r\u00e4: 2<br \/>\nLuodin tyyppi: diabolo<br \/>\nAselupaa ei tarvita<br \/>\nLinjatyyppi: 22 mm (picatinny)<br \/>\nLaskentojen m\u00e4\u00e4r\u00e4: 150<br \/>\nVirtal\u00e4hde: PCP (on k\u00e4ytett\u00e4v\u00e4 pumppua tai kompressoria) saatavana erikseen.<br \/>\nRaudan pituus [mm] 548<br \/>\nKokonaispituus [mm] 1048<br \/>\nPaino [g] 3000<br \/>\nValmistaja: Diana, Saksa<\/p>\n<p>Takuu 3a ja ILMAINEN huolto 1a.<\/p>\n","protected":false},"featured_media":147684,"template":"","meta":{"_acf_changed":false},"product_brand":[],"product_cat":[256],"product_tag":[],"class_list":{"0":"post-147719","1":"product","2":"type-product","3":"status-publish","4":"has-post-thumbnail","6":"product_cat-hpa-fi","8":"first","9":"instock","10":"sale","11":"taxable","12":"shipping-taxable","13":"purchasable","14":"product-type-simple"},"acf":[],"_links":{"self":[{"href":"https:\/\/kingarms.ee\/fi\/wp-json\/wp\/v2\/product\/147719","targetHints":{"allow":["GET"]}}],"collection":[{"href":"https:\/\/kingarms.ee\/fi\/wp-json\/wp\/v2\/product"}],"about":[{"href":"https:\/\/kingarms.ee\/fi\/wp-json\/wp\/v2\/types\/product"}],"wp:featuredmedia":[{"embeddable":true,"href":"https:\/\/kingarms.ee\/fi\/wp-json\/wp\/v2\/media\/147684"}],"wp:attachment":[{"href":"https:\/\/kingarms.ee\/fi\/wp-json\/wp\/v2\/media?parent=147719"}],"wp:term":[{"taxonomy":"product_brand","embeddable":true,"href":"https:\/\/kingarms.ee\/fi\/wp-json\/wp\/v2\/product_brand?post=147719"},{"taxonomy":"product_cat","embeddable":true,"href":"https:\/\/kingarms.ee\/fi\/wp-json\/wp\/v2\/product_cat?post=147719"},{"taxonomy":"product_tag","embeddable":true,"href":"https:\/\/kingarms.ee\/fi\/wp-json\/wp\/v2\/product_tag?post=147719"}],"curies":[{"name":"wp","href":"https:\/\/api.w.org\/{rel}","templated":true}]}}