{"id":147773,"date":"2025-04-27T11:58:52","date_gmt":"2025-04-27T08:59:37","guid":{"rendered":"https:\/\/kingarms.ee\/product\/ilmakivaari-optima-barrage-4-5mm-pcp\/"},"modified":"2025-05-19T18:11:29","modified_gmt":"2025-05-19T15:11:29","slug":"ilmakivaari-optima-barrage-4-5mm-pcp","status":"publish","type":"product","link":"https:\/\/kingarms.ee\/fi\/product\/ilmakivaari-optima-barrage-4-5mm-pcp\/","title":{"rendered":"Ilmakiv\u00e4\u00e4ri Optima Barrage 4.5mm PCP"},"content":{"rendered":"<p><img loading=\"lazy\" decoding=\"async\" class=\"alignnone size-full wp-image-147724\" src=\"https:\/\/kingarms.ee\/wp-content\/uploads\/2025\/04\/optima-barrage-4-5mm-pcp-air-gun-3e4ffd6176f041c8b5bab5f8396ec72d-d8e29a4e.jpeg\" alt=\"\" width=\"900\" height=\"900\" srcset=\"https:\/\/kingarms.ee\/wp-content\/uploads\/2025\/04\/optima-barrage-4-5mm-pcp-air-gun-3e4ffd6176f041c8b5bab5f8396ec72d-d8e29a4e.jpeg 900w, https:\/\/kingarms.ee\/wp-content\/uploads\/2025\/04\/optima-barrage-4-5mm-pcp-air-gun-3e4ffd6176f041c8b5bab5f8396ec72d-d8e29a4e-300x300.jpeg 300w, https:\/\/kingarms.ee\/wp-content\/uploads\/2025\/04\/optima-barrage-4-5mm-pcp-air-gun-3e4ffd6176f041c8b5bab5f8396ec72d-d8e29a4e-150x150.jpeg 150w, https:\/\/kingarms.ee\/wp-content\/uploads\/2025\/04\/optima-barrage-4-5mm-pcp-air-gun-3e4ffd6176f041c8b5bab5f8396ec72d-d8e29a4e-768x768.jpeg 768w, https:\/\/kingarms.ee\/wp-content\/uploads\/2025\/04\/optima-barrage-4-5mm-pcp-air-gun-3e4ffd6176f041c8b5bab5f8396ec72d-d8e29a4e-500x500.jpeg 500w\" sizes=\"auto, (max-width: 900px) 100vw, 900px\" \/><\/p>\n","protected":false},"excerpt":{"rendered":"<p>Ilmakiv\u00e4\u00e4ri Optima Barrage 4.5mm PCP<\/p>\n<p>TEKNISET TIEDOT:<br \/>\nTarkkuus<br \/>\nKaliiperi [mm] 4,5 mm<br \/>\nSalvo kyll\u00e4<br \/>\nSalvokapasiteetti [kpl] 14<br \/>\nLis\u00e4varusteet: laserkotelo, optinen t\u00e4ht\u00e4in, taskulamppu, jalustakiinnike.<br \/>\nTulinopeus Nopeus [m\/s] 320<br \/>\nAsennusohjeiden m\u00e4\u00e4r\u00e4 3<br \/>\nLuodin tyyppi: diabolo<br \/>\nAselupaa ei tarvita<br \/>\nLinjatyyppi: 22 mm (picatinny) \/ 11 mm (taillit)<br \/>\nLaskelmien m\u00e4\u00e4r\u00e4: 100<br \/>\nVirtal\u00e4hde: PCP<br \/>\nV\u00e4ri musta<br \/>\nRaudan pituus [mm] 500<br \/>\nKokonaispituus [mm] 1040<br \/>\nPaino [g] 4620<br \/>\nValmistaja: Optima by Hatsan, Turkki<\/p>\n","protected":false},"featured_media":147726,"template":"","meta":{"_acf_changed":false},"product_brand":[],"product_cat":[256],"product_tag":[],"class_list":{"0":"post-147773","1":"product","2":"type-product","3":"status-publish","4":"has-post-thumbnail","6":"product_cat-hpa-fi","8":"first","9":"instock","10":"taxable","11":"shipping-taxable","12":"purchasable","13":"product-type-simple"},"acf":[],"_links":{"self":[{"href":"https:\/\/kingarms.ee\/fi\/wp-json\/wp\/v2\/product\/147773","targetHints":{"allow":["GET"]}}],"collection":[{"href":"https:\/\/kingarms.ee\/fi\/wp-json\/wp\/v2\/product"}],"about":[{"href":"https:\/\/kingarms.ee\/fi\/wp-json\/wp\/v2\/types\/product"}],"wp:featuredmedia":[{"embeddable":true,"href":"https:\/\/kingarms.ee\/fi\/wp-json\/wp\/v2\/media\/147726"}],"wp:attachment":[{"href":"https:\/\/kingarms.ee\/fi\/wp-json\/wp\/v2\/media?parent=147773"}],"wp:term":[{"taxonomy":"product_brand","embeddable":true,"href":"https:\/\/kingarms.ee\/fi\/wp-json\/wp\/v2\/product_brand?post=147773"},{"taxonomy":"product_cat","embeddable":true,"href":"https:\/\/kingarms.ee\/fi\/wp-json\/wp\/v2\/product_cat?post=147773"},{"taxonomy":"product_tag","embeddable":true,"href":"https:\/\/kingarms.ee\/fi\/wp-json\/wp\/v2\/product_tag?post=147773"}],"curies":[{"name":"wp","href":"https:\/\/api.w.org\/{rel}","templated":true}]}}