{"id":147823,"date":"2025-04-27T12:06:37","date_gmt":"2025-04-27T09:07:43","guid":{"rendered":"https:\/\/kingarms.ee\/product\/ilma-ase-walther-pcp-rotex-rm8-varmint-uc-4-5mm-walther-pcp-rotex-rm8-varmint-uc-4-5mm-walther-pcp-rotex-rm8-varmint-uc-4-5mm\/"},"modified":"2025-05-19T18:11:28","modified_gmt":"2025-05-19T15:11:28","slug":"ilma-ase-walther-pcp-rotex-rm8-varmint-uc-4-5mm-walther-pcp-rotex-rm8-varmint-uc-4-5mm-walther-pcp-rotex-rm8-varmint-uc-4-5mm","status":"publish","type":"product","link":"https:\/\/kingarms.ee\/fi\/product\/ilma-ase-walther-pcp-rotex-rm8-varmint-uc-4-5mm-walther-pcp-rotex-rm8-varmint-uc-4-5mm-walther-pcp-rotex-rm8-varmint-uc-4-5mm\/","title":{"rendered":"Ilma-ase Walther PCP Rotex RM8 Varmint UC 4.5mm Walther PCP Rotex RM8 Varmint UC 4.5mm Walther PCP Rotex RM8 Varmint UC 4.5mm"},"content":{"rendered":"<p><img loading=\"lazy\" decoding=\"async\" class=\"alignnone size-full wp-image-147779\" src=\"https:\/\/kingarms.ee\/wp-content\/uploads\/2025\/04\/walther-pcp-rotex-rm8-varmint-uc-4-5mm-airgun-0592f2ac0c5b44d9bae1e9811ccd6d67-2c02c6ad.jpeg\" alt=\"\" width=\"900\" height=\"900\" srcset=\"https:\/\/kingarms.ee\/wp-content\/uploads\/2025\/04\/walther-pcp-rotex-rm8-varmint-uc-4-5mm-airgun-0592f2ac0c5b44d9bae1e9811ccd6d67-2c02c6ad.jpeg 900w, https:\/\/kingarms.ee\/wp-content\/uploads\/2025\/04\/walther-pcp-rotex-rm8-varmint-uc-4-5mm-airgun-0592f2ac0c5b44d9bae1e9811ccd6d67-2c02c6ad-300x300.jpeg 300w, https:\/\/kingarms.ee\/wp-content\/uploads\/2025\/04\/walther-pcp-rotex-rm8-varmint-uc-4-5mm-airgun-0592f2ac0c5b44d9bae1e9811ccd6d67-2c02c6ad-150x150.jpeg 150w, https:\/\/kingarms.ee\/wp-content\/uploads\/2025\/04\/walther-pcp-rotex-rm8-varmint-uc-4-5mm-airgun-0592f2ac0c5b44d9bae1e9811ccd6d67-2c02c6ad-768x768.jpeg 768w, https:\/\/kingarms.ee\/wp-content\/uploads\/2025\/04\/walther-pcp-rotex-rm8-varmint-uc-4-5mm-airgun-0592f2ac0c5b44d9bae1e9811ccd6d67-2c02c6ad-500x500.jpeg 500w\" sizes=\"auto, (max-width: 900px) 100vw, 900px\" \/><\/p>\n","protected":false},"excerpt":{"rendered":"<p>Walther PCP Rotex RM8 Varmint UC 4,5 mm ilmakiv\u00e4\u00e4ri on nykyaikainen PCP-karbiini, jossa k\u00e4ytet\u00e4\u00e4n polymeerist\u00e4 peukalonreik\u00e4piippua, tarkkaa Lothar Waltherin ulkokierteist\u00e4 piippua ja 200 cm3:n patruunaa, joka mahdollistaa jopa 180 laukauksen ampumisen. Karabiinin UC-versiossa (Ultra Compact) on lyhyempi putki ja tehokas K3 NEO -vaimennin.<\/p>\n<p>TEKNISET TIEDOT:<br \/>\nTarkkuus<br \/>\nKaliiperi [mm] 4,5 mm<br \/>\nSalvo kyll\u00e4<br \/>\nSalvokapasiteetti [kpl] 8<br \/>\nSuun nopeus [m\/s] 310<br \/>\nAnkkureiden lukum\u00e4\u00e4r\u00e4 2<br \/>\nLuodin tyyppi: diabolo<br \/>\nAselupaa ei tarvita<br \/>\nLinjatyyppi: 22 mm (picatinny) \/ 11 mm (vy\u00f6t\u00e4r\u00f6ll\u00e4)<br \/>\nSuojatoimenpiteiden m\u00e4\u00e4r\u00e4: 1<br \/>\nLukujen m\u00e4\u00e4r\u00e4: 110<br \/>\nVirtal\u00e4hde: PCP<br \/>\nV\u00e4ri musta<br \/>\nTangon pituus [mm] 340<br \/>\nKokonaispituus [mm] 810<br \/>\nPaino [g] 3750<br \/>\nTakuuaika: 36 kuukautta ja 12 kuukautta ILMAINEN huolto<br \/>\nValmistaja: Walther\/Umarex, Saksa<\/p>\n","protected":false},"featured_media":147781,"template":"","meta":{"_acf_changed":false},"product_brand":[],"product_cat":[256],"product_tag":[],"class_list":{"0":"post-147823","1":"product","2":"type-product","3":"status-publish","4":"has-post-thumbnail","6":"product_cat-hpa-fi","8":"first","9":"instock","10":"sale","11":"taxable","12":"shipping-taxable","13":"purchasable","14":"product-type-simple"},"acf":[],"_links":{"self":[{"href":"https:\/\/kingarms.ee\/fi\/wp-json\/wp\/v2\/product\/147823","targetHints":{"allow":["GET"]}}],"collection":[{"href":"https:\/\/kingarms.ee\/fi\/wp-json\/wp\/v2\/product"}],"about":[{"href":"https:\/\/kingarms.ee\/fi\/wp-json\/wp\/v2\/types\/product"}],"wp:featuredmedia":[{"embeddable":true,"href":"https:\/\/kingarms.ee\/fi\/wp-json\/wp\/v2\/media\/147781"}],"wp:attachment":[{"href":"https:\/\/kingarms.ee\/fi\/wp-json\/wp\/v2\/media?parent=147823"}],"wp:term":[{"taxonomy":"product_brand","embeddable":true,"href":"https:\/\/kingarms.ee\/fi\/wp-json\/wp\/v2\/product_brand?post=147823"},{"taxonomy":"product_cat","embeddable":true,"href":"https:\/\/kingarms.ee\/fi\/wp-json\/wp\/v2\/product_cat?post=147823"},{"taxonomy":"product_tag","embeddable":true,"href":"https:\/\/kingarms.ee\/fi\/wp-json\/wp\/v2\/product_tag?post=147823"}],"curies":[{"name":"wp","href":"https:\/\/api.w.org\/{rel}","templated":true}]}}