{"id":147879,"date":"2025-04-27T12:14:51","date_gmt":"2025-04-27T09:17:10","guid":{"rendered":"https:\/\/kingarms.ee\/product\/ilmakivaari-optima-invader-auto-fde-4-5mm-pcp\/"},"modified":"2025-05-19T18:11:27","modified_gmt":"2025-05-19T15:11:27","slug":"ilmakivaari-optima-invader-auto-fde-4-5mm-pcp","status":"publish","type":"product","link":"https:\/\/kingarms.ee\/fi\/product\/ilmakivaari-optima-invader-auto-fde-4-5mm-pcp\/","title":{"rendered":"Ilmakiv\u00e4\u00e4ri Optima Invader auto FDE 4.5mm PCP"},"content":{"rendered":"<p><img loading=\"lazy\" decoding=\"async\" class=\"alignnone size-full wp-image-147827\" src=\"https:\/\/kingarms.ee\/wp-content\/uploads\/2025\/04\/optima-invader-auto-fde-4-5mm-pcp-air-gun-0eac689f55224f16befeafe1456fba5c-92a4483f.jpeg\" alt=\"\" width=\"900\" height=\"900\" srcset=\"https:\/\/kingarms.ee\/wp-content\/uploads\/2025\/04\/optima-invader-auto-fde-4-5mm-pcp-air-gun-0eac689f55224f16befeafe1456fba5c-92a4483f.jpeg 900w, https:\/\/kingarms.ee\/wp-content\/uploads\/2025\/04\/optima-invader-auto-fde-4-5mm-pcp-air-gun-0eac689f55224f16befeafe1456fba5c-92a4483f-300x300.jpeg 300w, https:\/\/kingarms.ee\/wp-content\/uploads\/2025\/04\/optima-invader-auto-fde-4-5mm-pcp-air-gun-0eac689f55224f16befeafe1456fba5c-92a4483f-150x150.jpeg 150w, https:\/\/kingarms.ee\/wp-content\/uploads\/2025\/04\/optima-invader-auto-fde-4-5mm-pcp-air-gun-0eac689f55224f16befeafe1456fba5c-92a4483f-768x768.jpeg 768w, https:\/\/kingarms.ee\/wp-content\/uploads\/2025\/04\/optima-invader-auto-fde-4-5mm-pcp-air-gun-0eac689f55224f16befeafe1456fba5c-92a4483f-500x500.jpeg 500w\" sizes=\"auto, (max-width: 900px) 100vw, 900px\" \/><\/p>\n","protected":false},"excerpt":{"rendered":"<p>Optima Invader auto FDE 4.5mm PCP-ilmakiv\u00e4\u00e4ri on puoliautomaattinen PCP-karbiini, jossa on tarkkuusvalmisteinen rauta ja taktinen peukaloreik\u00e4inen per\u00e4kappale, jossa on s\u00e4\u00e4dett\u00e4v\u00e4 jalkalevy ja poskipelti. Kaba on saatavana sotilasv\u00e4riss\u00e4 &#8211; tasainen tumma maa. Karabiinista ammutun laukauksen nopeus on jopa 330 m\/s.<\/p>\n<p>TEKNISET TIEDOT:<br \/>\nTarkkuus<br \/>\nKaliiperi [mm] 4,5 mm<br \/>\nSalvo kyll\u00e4<br \/>\nPelastuskapasiteetti [kpl] 14<br \/>\nLis\u00e4varusteet: laserkotelo, optinen t\u00e4ht\u00e4in, taskulamppu, jalustakiinnike.<br \/>\nLaskeutumisnopeus [m\/s] 330<br \/>\nAsennusten lukum\u00e4\u00e4r\u00e4 4<br \/>\nLuodin tyyppi: diabolo<br \/>\nLupaa ei tarvita<br \/>\nLinjatyyppi: 22 mm (picatinny)<br \/>\nLaskelmien m\u00e4\u00e4r\u00e4 50<br \/>\nVirtal\u00e4hde: PCP<br \/>\nV\u00e4ri: ruskea<br \/>\nRaudan pituus [mm] 500<br \/>\nKokonaispituus [mm] 1030<br \/>\nPaino [g] 3700<br \/>\nValmistaja: Optima by Hatsan, Turkki<\/p>\n","protected":false},"featured_media":147829,"template":"","meta":{"_acf_changed":false},"product_brand":[],"product_cat":[256],"product_tag":[],"class_list":{"0":"post-147879","1":"product","2":"type-product","3":"status-publish","4":"has-post-thumbnail","6":"product_cat-hpa-fi","8":"first","9":"instock","10":"sale","11":"taxable","12":"shipping-taxable","13":"purchasable","14":"product-type-simple"},"acf":[],"_links":{"self":[{"href":"https:\/\/kingarms.ee\/fi\/wp-json\/wp\/v2\/product\/147879","targetHints":{"allow":["GET"]}}],"collection":[{"href":"https:\/\/kingarms.ee\/fi\/wp-json\/wp\/v2\/product"}],"about":[{"href":"https:\/\/kingarms.ee\/fi\/wp-json\/wp\/v2\/types\/product"}],"wp:featuredmedia":[{"embeddable":true,"href":"https:\/\/kingarms.ee\/fi\/wp-json\/wp\/v2\/media\/147829"}],"wp:attachment":[{"href":"https:\/\/kingarms.ee\/fi\/wp-json\/wp\/v2\/media?parent=147879"}],"wp:term":[{"taxonomy":"product_brand","embeddable":true,"href":"https:\/\/kingarms.ee\/fi\/wp-json\/wp\/v2\/product_brand?post=147879"},{"taxonomy":"product_cat","embeddable":true,"href":"https:\/\/kingarms.ee\/fi\/wp-json\/wp\/v2\/product_cat?post=147879"},{"taxonomy":"product_tag","embeddable":true,"href":"https:\/\/kingarms.ee\/fi\/wp-json\/wp\/v2\/product_tag?post=147879"}],"curies":[{"name":"wp","href":"https:\/\/api.w.org\/{rel}","templated":true}]}}