{"id":147967,"date":"2025-04-27T12:28:49","date_gmt":"2025-04-27T09:29:27","guid":{"rendered":"https:\/\/kingarms.ee\/product\/ilmakivaari-optima-hatsan-barrage-w-45-mm-pcp\/"},"modified":"2025-05-19T18:11:26","modified_gmt":"2025-05-19T15:11:26","slug":"ilmakivaari-optima-hatsan-barrage-w-45-mm-pcp","status":"publish","type":"product","link":"https:\/\/kingarms.ee\/fi\/product\/ilmakivaari-optima-hatsan-barrage-w-45-mm-pcp\/","title":{"rendered":"Ilmakiv\u00e4\u00e4ri Optima Hatsan Barrage-W 4,5 mm PCP"},"content":{"rendered":"<p><img loading=\"lazy\" decoding=\"async\" class=\"alignnone size-full wp-image-147929\" src=\"https:\/\/kingarms.ee\/wp-content\/uploads\/2025\/04\/wiatrowka-pcp-optima-by-hatsan-barrage-w-4-5-mm-0b3970423f5e473fb82648ef4f2364ea-7b16d1da.jpeg\" alt=\"\" width=\"900\" height=\"900\" srcset=\"https:\/\/kingarms.ee\/wp-content\/uploads\/2025\/04\/wiatrowka-pcp-optima-by-hatsan-barrage-w-4-5-mm-0b3970423f5e473fb82648ef4f2364ea-7b16d1da.jpeg 900w, https:\/\/kingarms.ee\/wp-content\/uploads\/2025\/04\/wiatrowka-pcp-optima-by-hatsan-barrage-w-4-5-mm-0b3970423f5e473fb82648ef4f2364ea-7b16d1da-300x300.jpeg 300w, https:\/\/kingarms.ee\/wp-content\/uploads\/2025\/04\/wiatrowka-pcp-optima-by-hatsan-barrage-w-4-5-mm-0b3970423f5e473fb82648ef4f2364ea-7b16d1da-150x150.jpeg 150w, https:\/\/kingarms.ee\/wp-content\/uploads\/2025\/04\/wiatrowka-pcp-optima-by-hatsan-barrage-w-4-5-mm-0b3970423f5e473fb82648ef4f2364ea-7b16d1da-768x768.jpeg 768w, https:\/\/kingarms.ee\/wp-content\/uploads\/2025\/04\/wiatrowka-pcp-optima-by-hatsan-barrage-w-4-5-mm-0b3970423f5e473fb82648ef4f2364ea-7b16d1da-500x500.jpeg 500w\" sizes=\"auto, (max-width: 900px) 100vw, 900px\" \/><\/p>\n","protected":false},"excerpt":{"rendered":"<p>Ilmakiv\u00e4\u00e4ri Optima Hatsan Barrage-W 4,5 mm PCP<\/p>\n<p>TEKNISET TIEDOT:<br \/>\nTarkkuus<br \/>\nKaliiperi [mm] 4,5 mm<br \/>\nSalvo kyll\u00e4<br \/>\nLokeron kapasiteetti [kpl] 14<br \/>\nOptisen t\u00e4ht\u00e4imen asentaminen<br \/>\nLaskeutumisnopeus [m\/s] 295<br \/>\nAsennusten lukum\u00e4\u00e4r\u00e4 2<br \/>\nLuodityyppinen diabolo<br \/>\nAselupaa ei tarvita<br \/>\nTappityyppi 22 mm (picatinny) \/ 11 mm (dovetail)<br \/>\nPurettujen saaliiden m\u00e4\u00e4r\u00e4 56<br \/>\nVirtal\u00e4hde PCP<br \/>\nV\u00e4ri ruskea<br \/>\nRaudan pituus [mm] 500<br \/>\nKokonaispituus [mm] 1035<br \/>\nPaino [g] 2990<br \/>\nValmistaja Optima by Hatsan, Turkki<\/p>\n","protected":false},"featured_media":147931,"template":"","meta":{"_acf_changed":false},"product_brand":[],"product_cat":[256],"product_tag":[],"class_list":{"0":"post-147967","1":"product","2":"type-product","3":"status-publish","4":"has-post-thumbnail","6":"product_cat-hpa-fi","8":"first","9":"instock","10":"sale","11":"taxable","12":"shipping-taxable","13":"purchasable","14":"product-type-simple"},"acf":[],"_links":{"self":[{"href":"https:\/\/kingarms.ee\/fi\/wp-json\/wp\/v2\/product\/147967","targetHints":{"allow":["GET"]}}],"collection":[{"href":"https:\/\/kingarms.ee\/fi\/wp-json\/wp\/v2\/product"}],"about":[{"href":"https:\/\/kingarms.ee\/fi\/wp-json\/wp\/v2\/types\/product"}],"wp:featuredmedia":[{"embeddable":true,"href":"https:\/\/kingarms.ee\/fi\/wp-json\/wp\/v2\/media\/147931"}],"wp:attachment":[{"href":"https:\/\/kingarms.ee\/fi\/wp-json\/wp\/v2\/media?parent=147967"}],"wp:term":[{"taxonomy":"product_brand","embeddable":true,"href":"https:\/\/kingarms.ee\/fi\/wp-json\/wp\/v2\/product_brand?post=147967"},{"taxonomy":"product_cat","embeddable":true,"href":"https:\/\/kingarms.ee\/fi\/wp-json\/wp\/v2\/product_cat?post=147967"},{"taxonomy":"product_tag","embeddable":true,"href":"https:\/\/kingarms.ee\/fi\/wp-json\/wp\/v2\/product_tag?post=147967"}],"curies":[{"name":"wp","href":"https:\/\/api.w.org\/{rel}","templated":true}]}}