{"id":147998,"date":"2025-04-27T12:34:17","date_gmt":"2025-04-27T09:35:02","guid":{"rendered":"https:\/\/kingarms.ee\/product\/ilmakivaari-walther-pcp-reign-m2v-4-5mm-ilmakivaari-walther-pcp-reign-m2v-4-5mm\/"},"modified":"2025-05-19T18:11:25","modified_gmt":"2025-05-19T15:11:25","slug":"ilmakivaari-walther-pcp-reign-m2v-4-5mm-ilmakivaari-walther-pcp-reign-m2v-4-5mm","status":"publish","type":"product","link":"https:\/\/kingarms.ee\/fi\/product\/ilmakivaari-walther-pcp-reign-m2v-4-5mm-ilmakivaari-walther-pcp-reign-m2v-4-5mm\/","title":{"rendered":"Ilmakiv\u00e4\u00e4ri Walther PCP Reign M2V 4.5mm Ilmakiv\u00e4\u00e4ri Walther PCP Reign M2V 4.5mm"},"content":{"rendered":"<p><img loading=\"lazy\" decoding=\"async\" class=\"alignnone size-full wp-image-147973\" src=\"https:\/\/kingarms.ee\/wp-content\/uploads\/2025\/04\/walther-pcp-reign-m2v-4-5mm-airgun-4fd3b8141f544af1810e837c61b88699-85ff4e32.jpeg\" alt=\"\" width=\"900\" height=\"900\" srcset=\"https:\/\/kingarms.ee\/wp-content\/uploads\/2025\/04\/walther-pcp-reign-m2v-4-5mm-airgun-4fd3b8141f544af1810e837c61b88699-85ff4e32.jpeg 900w, https:\/\/kingarms.ee\/wp-content\/uploads\/2025\/04\/walther-pcp-reign-m2v-4-5mm-airgun-4fd3b8141f544af1810e837c61b88699-85ff4e32-300x300.jpeg 300w, https:\/\/kingarms.ee\/wp-content\/uploads\/2025\/04\/walther-pcp-reign-m2v-4-5mm-airgun-4fd3b8141f544af1810e837c61b88699-85ff4e32-150x150.jpeg 150w, https:\/\/kingarms.ee\/wp-content\/uploads\/2025\/04\/walther-pcp-reign-m2v-4-5mm-airgun-4fd3b8141f544af1810e837c61b88699-85ff4e32-768x768.jpeg 768w, https:\/\/kingarms.ee\/wp-content\/uploads\/2025\/04\/walther-pcp-reign-m2v-4-5mm-airgun-4fd3b8141f544af1810e837c61b88699-85ff4e32-500x500.jpeg 500w\" sizes=\"auto, (max-width: 900px) 100vw, 900px\" \/><\/p>\n","protected":false},"excerpt":{"rendered":"<p>Walther Reign M2 V 4.5mm on kokoontaitettava bullpup PCP-ilmakiv\u00e4\u00e4ri, jossa on polymeeripeti, tarkkuuspiippuinen pakokaasunvaimennin, s\u00e4\u00e4dett\u00e4v\u00e4 liipaisumekanismi ja tehokas kaasuj\u00e4rjestelm\u00e4.<\/p>\n<p>TEKNISET TIEDOT:<br \/>\nTarkkuus<br \/>\nKaliiperi [mm] 4,5 mm<br \/>\nKineettinen energia [J] 16<br \/>\nSalvo kyll\u00e4<br \/>\nLokeron kapasiteetti [kpl] 11<br \/>\nKiinnitys: optinen t\u00e4ht\u00e4in, jalustakiinnitys<br \/>\nLaskeutumisnopeus [m\/s] 250<br \/>\nAsennusohjeiden m\u00e4\u00e4r\u00e4: 2<br \/>\nLuodin tyyppi: diabolo<br \/>\nLupaa ei tarvita<br \/>\nLinjatyyppi: 22 mm (picatinny)<br \/>\nLaskelmien m\u00e4\u00e4r\u00e4: 140<br \/>\nVirtal\u00e4hde: PCP<br \/>\nRaudan pituus [mm] 500<br \/>\nKokonaispituus [mm] 665<br \/>\nPaino [g] 2900<br \/>\nValmistaja: Walther\/Umarex, Saksa<\/p>\n","protected":false},"featured_media":147975,"template":"","meta":{"_acf_changed":false},"product_brand":[],"product_cat":[256],"product_tag":[],"class_list":{"0":"post-147998","1":"product","2":"type-product","3":"status-publish","4":"has-post-thumbnail","6":"product_cat-hpa-fi","8":"first","9":"instock","10":"sale","11":"taxable","12":"shipping-taxable","13":"purchasable","14":"product-type-simple"},"acf":[],"_links":{"self":[{"href":"https:\/\/kingarms.ee\/fi\/wp-json\/wp\/v2\/product\/147998","targetHints":{"allow":["GET"]}}],"collection":[{"href":"https:\/\/kingarms.ee\/fi\/wp-json\/wp\/v2\/product"}],"about":[{"href":"https:\/\/kingarms.ee\/fi\/wp-json\/wp\/v2\/types\/product"}],"wp:featuredmedia":[{"embeddable":true,"href":"https:\/\/kingarms.ee\/fi\/wp-json\/wp\/v2\/media\/147975"}],"wp:attachment":[{"href":"https:\/\/kingarms.ee\/fi\/wp-json\/wp\/v2\/media?parent=147998"}],"wp:term":[{"taxonomy":"product_brand","embeddable":true,"href":"https:\/\/kingarms.ee\/fi\/wp-json\/wp\/v2\/product_brand?post=147998"},{"taxonomy":"product_cat","embeddable":true,"href":"https:\/\/kingarms.ee\/fi\/wp-json\/wp\/v2\/product_cat?post=147998"},{"taxonomy":"product_tag","embeddable":true,"href":"https:\/\/kingarms.ee\/fi\/wp-json\/wp\/v2\/product_tag?post=147998"}],"curies":[{"name":"wp","href":"https:\/\/api.w.org\/{rel}","templated":true}]}}