{"id":148053,"date":"2025-04-27T12:41:49","date_gmt":"2025-04-27T09:43:14","guid":{"rendered":"https:\/\/kingarms.ee\/product\/ilmakivaari-hatsan-galatian-i-cal-45-mm-pcp\/"},"modified":"2025-05-19T18:11:25","modified_gmt":"2025-05-19T15:11:25","slug":"ilmakivaari-hatsan-galatian-i-cal-45-mm-pcp","status":"publish","type":"product","link":"https:\/\/kingarms.ee\/fi\/product\/ilmakivaari-hatsan-galatian-i-cal-45-mm-pcp\/","title":{"rendered":"Ilmakiv\u00e4\u00e4ri Hatsan Galatian I cal. 4,5 mm PCP"},"content":{"rendered":"<p><img loading=\"lazy\" decoding=\"async\" class=\"alignnone size-full wp-image-148004\" src=\"https:\/\/kingarms.ee\/wp-content\/uploads\/2025\/04\/airgun-hatsan-galatian-i-kal-4-5-mm-9bdebf3eb15e44349f65c273f8212dc5-b262b58e.jpeg\" alt=\"\" width=\"900\" height=\"900\" srcset=\"https:\/\/kingarms.ee\/wp-content\/uploads\/2025\/04\/airgun-hatsan-galatian-i-kal-4-5-mm-9bdebf3eb15e44349f65c273f8212dc5-b262b58e.jpeg 900w, https:\/\/kingarms.ee\/wp-content\/uploads\/2025\/04\/airgun-hatsan-galatian-i-kal-4-5-mm-9bdebf3eb15e44349f65c273f8212dc5-b262b58e-300x300.jpeg 300w, https:\/\/kingarms.ee\/wp-content\/uploads\/2025\/04\/airgun-hatsan-galatian-i-kal-4-5-mm-9bdebf3eb15e44349f65c273f8212dc5-b262b58e-150x150.jpeg 150w, https:\/\/kingarms.ee\/wp-content\/uploads\/2025\/04\/airgun-hatsan-galatian-i-kal-4-5-mm-9bdebf3eb15e44349f65c273f8212dc5-b262b58e-768x768.jpeg 768w, https:\/\/kingarms.ee\/wp-content\/uploads\/2025\/04\/airgun-hatsan-galatian-i-kal-4-5-mm-9bdebf3eb15e44349f65c273f8212dc5-b262b58e-500x500.jpeg 500w\" sizes=\"auto, (max-width: 900px) 100vw, 900px\" \/><\/p>\n","protected":false},"excerpt":{"rendered":"<p>Ilmakiv\u00e4\u00e4ri Hatsan Galatian I cal. 4,5 mm:n PCP-versio (peukalonreik\u00e4) on nykyaikainen ja tarkkaan suunniteltu monilaukauksinen (16-14 tai 13 laukausta kaliiperin mukaan) PCP-ilmakiv\u00e4\u00e4ri (esiladattu pneumaattinen ilmakiv\u00e4\u00e4ri), jossa on vaikuttava ampumateho.<\/p>\n<p>Tarkkuus<br \/>\nKaliiperi [mm] 4,5 mm<br \/>\nLaukaisutapa: kertalaukaus<br \/>\nSalvo: kyll\u00e4<br \/>\nLokeron kapasiteetti [kpl] 16<br \/>\nLaskeutumisnopeus [m\/s] 250<br \/>\nAnkkureiden m\u00e4\u00e4r\u00e4: 2<br \/>\nLuodin tyyppi: diabolo<br \/>\nAselupaa ei tarvita<br \/>\nLinjatyyppi: 22 mm (picatinny) \/ 11 mm (dovetail)<br \/>\nVirtal\u00e4hde: PCP<br \/>\nV\u00e4ri: ruskea<br \/>\nPalkin pituus [cm] 58,5<br \/>\nKokonaispituus [cm] 107,5<br \/>\nPaino [g] 4000<br \/>\nValmistaja: Optima by Hatsan, Turkki<\/p>\n","protected":false},"featured_media":148006,"template":"","meta":{"_acf_changed":false},"product_brand":[],"product_cat":[256],"product_tag":[],"class_list":{"0":"post-148053","1":"product","2":"type-product","3":"status-publish","4":"has-post-thumbnail","6":"product_cat-hpa-fi","8":"first","9":"instock","10":"sale","11":"taxable","12":"shipping-taxable","13":"purchasable","14":"product-type-simple"},"acf":[],"_links":{"self":[{"href":"https:\/\/kingarms.ee\/fi\/wp-json\/wp\/v2\/product\/148053","targetHints":{"allow":["GET"]}}],"collection":[{"href":"https:\/\/kingarms.ee\/fi\/wp-json\/wp\/v2\/product"}],"about":[{"href":"https:\/\/kingarms.ee\/fi\/wp-json\/wp\/v2\/types\/product"}],"wp:featuredmedia":[{"embeddable":true,"href":"https:\/\/kingarms.ee\/fi\/wp-json\/wp\/v2\/media\/148006"}],"wp:attachment":[{"href":"https:\/\/kingarms.ee\/fi\/wp-json\/wp\/v2\/media?parent=148053"}],"wp:term":[{"taxonomy":"product_brand","embeddable":true,"href":"https:\/\/kingarms.ee\/fi\/wp-json\/wp\/v2\/product_brand?post=148053"},{"taxonomy":"product_cat","embeddable":true,"href":"https:\/\/kingarms.ee\/fi\/wp-json\/wp\/v2\/product_cat?post=148053"},{"taxonomy":"product_tag","embeddable":true,"href":"https:\/\/kingarms.ee\/fi\/wp-json\/wp\/v2\/product_tag?post=148053"}],"curies":[{"name":"wp","href":"https:\/\/api.w.org\/{rel}","templated":true}]}}