{"id":148090,"date":"2025-04-27T12:49:03","date_gmt":"2025-04-27T09:50:33","guid":{"rendered":"https:\/\/kingarms.ee\/product\/ilmakivaari-walther-rotex-rm8-45-mm\/"},"modified":"2025-05-19T18:11:24","modified_gmt":"2025-05-19T15:11:24","slug":"ilmakivaari-walther-rotex-rm8-45-mm","status":"publish","type":"product","link":"https:\/\/kingarms.ee\/fi\/product\/ilmakivaari-walther-rotex-rm8-45-mm\/","title":{"rendered":"Ilmakiv\u00e4\u00e4ri Walther Rotex RM8 4,5 mm"},"content":{"rendered":"<p><img loading=\"lazy\" decoding=\"async\" class=\"alignnone size-full wp-image-148058\" src=\"https:\/\/kingarms.ee\/wp-content\/uploads\/2025\/04\/airgun-walther-rotex-rm8-4-5-mm-81a80d85fb23427db4ddb6ab999e54c3-1af53ebd.jpeg\" alt=\"\" width=\"900\" height=\"900\" srcset=\"https:\/\/kingarms.ee\/wp-content\/uploads\/2025\/04\/airgun-walther-rotex-rm8-4-5-mm-81a80d85fb23427db4ddb6ab999e54c3-1af53ebd.jpeg 900w, https:\/\/kingarms.ee\/wp-content\/uploads\/2025\/04\/airgun-walther-rotex-rm8-4-5-mm-81a80d85fb23427db4ddb6ab999e54c3-1af53ebd-300x300.jpeg 300w, https:\/\/kingarms.ee\/wp-content\/uploads\/2025\/04\/airgun-walther-rotex-rm8-4-5-mm-81a80d85fb23427db4ddb6ab999e54c3-1af53ebd-150x150.jpeg 150w, https:\/\/kingarms.ee\/wp-content\/uploads\/2025\/04\/airgun-walther-rotex-rm8-4-5-mm-81a80d85fb23427db4ddb6ab999e54c3-1af53ebd-768x768.jpeg 768w, https:\/\/kingarms.ee\/wp-content\/uploads\/2025\/04\/airgun-walther-rotex-rm8-4-5-mm-81a80d85fb23427db4ddb6ab999e54c3-1af53ebd-500x500.jpeg 500w\" sizes=\"auto, (max-width: 900px) 100vw, 900px\" \/><\/p>\n","protected":false},"excerpt":{"rendered":"<p>Walther Rotex RM8 4,5 mm:n ilmakiv\u00e4\u00e4ri on valinta niille, jotka etsiv\u00e4t tarkkaa ilmakiv\u00e4\u00e4ri\u00e4 ja arvostavat samalla hienostunutta muotoilua.<\/p>\n<p>TEKNISET TIEDOT:<\/p>\n<p>Kaliiperi [mm] 4,5 mm<br \/>\nKineettinen energia [J] alle 17<br \/>\nLokeron kapasiteetti [kpl] 8<br \/>\nSuun nopeus [m\/s] 240<br \/>\nLuodin tyyppi: diabolo<br \/>\nKiskotyyppi: 11 mm (tappi)<br \/>\nLukujen m\u00e4\u00e4r\u00e4: 110<br \/>\nVirtal\u00e4hde: PCP<br \/>\nV\u00e4ri: ruskea<br \/>\nRaudan pituus [mm] 500<br \/>\nKokonaispituus [mm] 950<br \/>\nPaino [g] 3610<br \/>\nTakuuaika: 36 kuukautta ja 12 kuukauden ILMAINEN huolto.<br \/>\nValmistaja: Walther\/Umarex, Saksa<\/p>\n","protected":false},"featured_media":148060,"template":"","meta":{"_acf_changed":false},"product_brand":[],"product_cat":[256],"product_tag":[],"class_list":{"0":"post-148090","1":"product","2":"type-product","3":"status-publish","4":"has-post-thumbnail","6":"product_cat-hpa-fi","8":"first","9":"instock","10":"sale","11":"taxable","12":"shipping-taxable","13":"purchasable","14":"product-type-simple"},"acf":[],"_links":{"self":[{"href":"https:\/\/kingarms.ee\/fi\/wp-json\/wp\/v2\/product\/148090","targetHints":{"allow":["GET"]}}],"collection":[{"href":"https:\/\/kingarms.ee\/fi\/wp-json\/wp\/v2\/product"}],"about":[{"href":"https:\/\/kingarms.ee\/fi\/wp-json\/wp\/v2\/types\/product"}],"wp:featuredmedia":[{"embeddable":true,"href":"https:\/\/kingarms.ee\/fi\/wp-json\/wp\/v2\/media\/148060"}],"wp:attachment":[{"href":"https:\/\/kingarms.ee\/fi\/wp-json\/wp\/v2\/media?parent=148090"}],"wp:term":[{"taxonomy":"product_brand","embeddable":true,"href":"https:\/\/kingarms.ee\/fi\/wp-json\/wp\/v2\/product_brand?post=148090"},{"taxonomy":"product_cat","embeddable":true,"href":"https:\/\/kingarms.ee\/fi\/wp-json\/wp\/v2\/product_cat?post=148090"},{"taxonomy":"product_tag","embeddable":true,"href":"https:\/\/kingarms.ee\/fi\/wp-json\/wp\/v2\/product_tag?post=148090"}],"curies":[{"name":"wp","href":"https:\/\/api.w.org\/{rel}","templated":true}]}}