{"id":148144,"date":"2025-04-27T12:54:38","date_gmt":"2025-04-27T09:56:09","guid":{"rendered":"https:\/\/kingarms.ee\/product\/ilmakivaari-optima-velox-45-mm-tuulilasin-pcp\/"},"modified":"2025-05-19T18:11:23","modified_gmt":"2025-05-19T15:11:23","slug":"ilmakivaari-optima-velox-45-mm-tuulilasin-pcp","status":"publish","type":"product","link":"https:\/\/kingarms.ee\/fi\/product\/ilmakivaari-optima-velox-45-mm-tuulilasin-pcp\/","title":{"rendered":"Ilmakiv\u00e4\u00e4ri Optima Velox 4,5 mm tuulilasin PCP"},"content":{"rendered":"<p><img loading=\"lazy\" decoding=\"async\" class=\"alignnone size-full wp-image-148083\" src=\"https:\/\/kingarms.ee\/wp-content\/uploads\/2025\/04\/optima-velox-4-5-mm-windcheater-ab528645fe524a4f972d5398f4058741-54530139.jpeg\" alt=\"\" width=\"900\" height=\"900\" srcset=\"https:\/\/kingarms.ee\/wp-content\/uploads\/2025\/04\/optima-velox-4-5-mm-windcheater-ab528645fe524a4f972d5398f4058741-54530139.jpeg 900w, https:\/\/kingarms.ee\/wp-content\/uploads\/2025\/04\/optima-velox-4-5-mm-windcheater-ab528645fe524a4f972d5398f4058741-54530139-300x300.jpeg 300w, https:\/\/kingarms.ee\/wp-content\/uploads\/2025\/04\/optima-velox-4-5-mm-windcheater-ab528645fe524a4f972d5398f4058741-54530139-150x150.jpeg 150w, https:\/\/kingarms.ee\/wp-content\/uploads\/2025\/04\/optima-velox-4-5-mm-windcheater-ab528645fe524a4f972d5398f4058741-54530139-768x768.jpeg 768w, https:\/\/kingarms.ee\/wp-content\/uploads\/2025\/04\/optima-velox-4-5-mm-windcheater-ab528645fe524a4f972d5398f4058741-54530139-500x500.jpeg 500w\" sizes=\"auto, (max-width: 900px) 100vw, 900px\" \/><\/p>\n","protected":false},"excerpt":{"rendered":"<p>Ilmakiv\u00e4\u00e4ri Optima Velox 4,5 mm tuulilasin PCP. Jos olet aina haaveillut dynaamisesta ammunnasta, jossa on uskomaton tarkkuus, intuitiivinen k\u00e4ytt\u00f6 ja tyylik\u00e4s muotoilu, Velox on sinua varten. T\u00e4ss\u00e4 ainutlaatuisessa tarjonnassa yhdistyv\u00e4t tekninen mestaruus, luotettavuus ja mukavuus.<\/p>\n<p>TEKNISET TIEDOT:<br \/>\nTarkkuus<br \/>\nKaliiperi [mm] 4,5 mm<br \/>\nKineettinen energia [J] 17<br \/>\nSalvo: kyll\u00e4<br \/>\nSalvo: m\u00e4\u00e4r\u00e4 [kpl] 14<br \/>\nKiinnitysruuvien m\u00e4\u00e4r\u00e4: 1<br \/>\nLuodin tyyppi: diabolo<br \/>\nAselupaa ei tarvita<br \/>\nLinjatyyppi: 22 mm (picatinny) \/ 11 mm (vy\u00f6t\u00e4r\u00f6ll\u00e4)<br \/>\nSuojatoimenpiteiden m\u00e4\u00e4r\u00e4: 1<br \/>\nLukujen m\u00e4\u00e4r\u00e4: 22<br \/>\nVirtal\u00e4hde: PCP<br \/>\nTangon pituus [mm] 140<br \/>\nKokonaispituus [mm] 290<br \/>\nPaino [g] 1250<br \/>\nValmistaja: Optima by Hatsan, Turkki<\/p>\n<p>Takuu 3 vuotta ja ILMAINEN huolto 1a vuoden aikana.<\/p>\n","protected":false},"featured_media":148085,"template":"","meta":{"_acf_changed":false},"product_brand":[],"product_cat":[256],"product_tag":[],"class_list":{"0":"post-148144","1":"product","2":"type-product","3":"status-publish","4":"has-post-thumbnail","6":"product_cat-hpa-fi","8":"first","9":"instock","10":"sale","11":"taxable","12":"shipping-taxable","13":"purchasable","14":"product-type-simple"},"acf":[],"_links":{"self":[{"href":"https:\/\/kingarms.ee\/fi\/wp-json\/wp\/v2\/product\/148144","targetHints":{"allow":["GET"]}}],"collection":[{"href":"https:\/\/kingarms.ee\/fi\/wp-json\/wp\/v2\/product"}],"about":[{"href":"https:\/\/kingarms.ee\/fi\/wp-json\/wp\/v2\/types\/product"}],"wp:featuredmedia":[{"embeddable":true,"href":"https:\/\/kingarms.ee\/fi\/wp-json\/wp\/v2\/media\/148085"}],"wp:attachment":[{"href":"https:\/\/kingarms.ee\/fi\/wp-json\/wp\/v2\/media?parent=148144"}],"wp:term":[{"taxonomy":"product_brand","embeddable":true,"href":"https:\/\/kingarms.ee\/fi\/wp-json\/wp\/v2\/product_brand?post=148144"},{"taxonomy":"product_cat","embeddable":true,"href":"https:\/\/kingarms.ee\/fi\/wp-json\/wp\/v2\/product_cat?post=148144"},{"taxonomy":"product_tag","embeddable":true,"href":"https:\/\/kingarms.ee\/fi\/wp-json\/wp\/v2\/product_tag?post=148144"}],"curies":[{"name":"wp","href":"https:\/\/api.w.org\/{rel}","templated":true}]}}