{"id":148221,"date":"2025-04-27T13:10:48","date_gmt":"2025-04-27T10:11:33","guid":{"rendered":"https:\/\/kingarms.ee\/product\/ilmapistooli-borner-aps-jossa-on-metallinen-ja-takaiskulaukaisin\/"},"modified":"2025-05-19T18:11:22","modified_gmt":"2025-05-19T15:11:22","slug":"ilmapistooli-borner-aps-jossa-on-metallinen-ja-takaiskulaukaisin","status":"publish","type":"product","link":"https:\/\/kingarms.ee\/fi\/product\/ilmapistooli-borner-aps-jossa-on-metallinen-ja-takaiskulaukaisin\/","title":{"rendered":"Ilmapistooli BORNER APS, jossa on metallinen ja takaiskulaukaisin"},"content":{"rendered":"<p><img loading=\"lazy\" decoding=\"async\" class=\"alignnone size-full wp-image-148208\" src=\"https:\/\/kingarms.ee\/wp-content\/uploads\/2025\/04\/11237182189446.jpeg\" alt=\"\" width=\"815\" height=\"563\" srcset=\"https:\/\/kingarms.ee\/wp-content\/uploads\/2025\/04\/11237182189446.jpeg 815w, https:\/\/kingarms.ee\/wp-content\/uploads\/2025\/04\/11237182189446-300x207.jpeg 300w, https:\/\/kingarms.ee\/wp-content\/uploads\/2025\/04\/11237182189446-768x531.jpeg 768w, https:\/\/kingarms.ee\/wp-content\/uploads\/2025\/04\/11237182189446-500x345.jpeg 500w, https:\/\/kingarms.ee\/wp-content\/uploads\/2025\/04\/11237182189446-150x104.jpeg 150w\" sizes=\"auto, (max-width: 815px) 100vw, 815px\" \/><\/p>\n","protected":false},"excerpt":{"rendered":"<p>Borner APS Blowback on tunnetun amerikkalaisen yrityksen uusi pneumaattinen pistooli, joka muistuttaa ulkon\u00e4\u00f6lt\u00e4\u00e4n tunnettua APS:\u00e4\u00e4 (Stechkinin automaattipistooli).<\/p>\n<p>APS Blowback -malli on valmistettu kokonaan metallista.<br \/>\nT\u00e4m\u00e4n pneumaattisen aseen t\u00e4rkein ominaisuus on rekyylij\u00e4rjestelm\u00e4, joka tarkoittaa, ett\u00e4 jokaisella laukauksella luisti liikkuu taaksep\u00e4in.<br \/>\nLaukaisumekanismi on yksitoiminen, mik\u00e4 tarkoittaa, ett\u00e4 ase voidaan laukaista joko itse tai liipaisimen painamisen j\u00e4lkeen.<br \/>\nLoukku on valmistettu metallista, ja siihen mahtuu 17 luotia.<br \/>\nCO2-sylinteri asennetaan suoraan aseen kahvaan poistamalla ensin muovisuojus kahvasta.<br \/>\nPutki on ter\u00e4st\u00e4, sile\u00e4<br \/>\nManuaalinen turvalukko<br \/>\nAlkunopeus on noin 120 m\/s<br \/>\nPistoolin pituus on 213 mm ja paino 1040 g.<\/p>\n","protected":false},"featured_media":148326,"template":"","meta":{"_acf_changed":false},"product_brand":[],"product_cat":[672],"product_tag":[],"class_list":{"0":"post-148221","1":"product","2":"type-product","3":"status-publish","4":"has-post-thumbnail","6":"product_cat-pienaseet","8":"first","9":"instock","10":"sale","11":"taxable","12":"shipping-taxable","13":"purchasable","14":"product-type-simple"},"acf":[],"_links":{"self":[{"href":"https:\/\/kingarms.ee\/fi\/wp-json\/wp\/v2\/product\/148221","targetHints":{"allow":["GET"]}}],"collection":[{"href":"https:\/\/kingarms.ee\/fi\/wp-json\/wp\/v2\/product"}],"about":[{"href":"https:\/\/kingarms.ee\/fi\/wp-json\/wp\/v2\/types\/product"}],"wp:featuredmedia":[{"embeddable":true,"href":"https:\/\/kingarms.ee\/fi\/wp-json\/wp\/v2\/media\/148326"}],"wp:attachment":[{"href":"https:\/\/kingarms.ee\/fi\/wp-json\/wp\/v2\/media?parent=148221"}],"wp:term":[{"taxonomy":"product_brand","embeddable":true,"href":"https:\/\/kingarms.ee\/fi\/wp-json\/wp\/v2\/product_brand?post=148221"},{"taxonomy":"product_cat","embeddable":true,"href":"https:\/\/kingarms.ee\/fi\/wp-json\/wp\/v2\/product_cat?post=148221"},{"taxonomy":"product_tag","embeddable":true,"href":"https:\/\/kingarms.ee\/fi\/wp-json\/wp\/v2\/product_tag?post=148221"}],"curies":[{"name":"wp","href":"https:\/\/api.w.org\/{rel}","templated":true}]}}