{"id":148233,"date":"2025-04-27T13:18:10","date_gmt":"2025-04-27T10:18:10","guid":{"rendered":"https:\/\/kingarms.ee\/product\/ilmakivaari-borner-ngt-kit\/"},"modified":"2025-05-19T18:11:21","modified_gmt":"2025-05-19T15:11:21","slug":"ilmakivaari-borner-ngt-kit","status":"publish","type":"product","link":"https:\/\/kingarms.ee\/fi\/product\/ilmakivaari-borner-ngt-kit\/","title":{"rendered":"Ilmakiv\u00e4\u00e4ri BORNER NGT KIT"},"content":{"rendered":"<p><img loading=\"lazy\" decoding=\"async\" class=\"alignnone size-full wp-image-148226\" src=\"https:\/\/kingarms.ee\/wp-content\/uploads\/2025\/04\/b0eea2f13e908c80e233b25ab27cbb45.jpeg\" alt=\"\" width=\"360\" height=\"270\" srcset=\"https:\/\/kingarms.ee\/wp-content\/uploads\/2025\/04\/b0eea2f13e908c80e233b25ab27cbb45.jpeg 360w, https:\/\/kingarms.ee\/wp-content\/uploads\/2025\/04\/b0eea2f13e908c80e233b25ab27cbb45-300x225.jpeg 300w, https:\/\/kingarms.ee\/wp-content\/uploads\/2025\/04\/b0eea2f13e908c80e233b25ab27cbb45-150x113.jpeg 150w\" sizes=\"auto, (max-width: 360px) 100vw, 360px\" \/><\/p>\n","protected":false},"excerpt":{"rendered":"<p>Ilmakiv\u00e4\u00e4ri BORNER NGT KIT<\/p>\n<p>Valmistaja Borner<br \/>\nNaganti-revolverin prototyyppi, malli 1895<br \/>\nTyyppi Pneumaattinen pistooli<br \/>\nTyyppi Kaasusylinteripneumatiikka<br \/>\nKaliiperi 4,5 mm<br \/>\nNopeus 100 m\/s<br \/>\nUnikkotyyppi: lyijypallot<br \/>\nPutkityyppi: r\u00e4ikk\u00e4putki<br \/>\nMaksujen m\u00e4\u00e4r\u00e4 7 kpl.<br \/>\nLaukaisutapa: puoliautomaattinen<br \/>\nEnergial\u00e4hde Kaasupallo CO2 12 grammaa<br \/>\nSuojarivi Kyll\u00e4<br \/>\nKannen materiaali: metalli<br \/>\nRungon materiaali: metalli, muovi<br \/>\nV\u00e4ri Musta, ruskea<br \/>\nPutken pituus 114 mm<br \/>\nKoko 230 mm<br \/>\nPaino 0,7 kg<\/p>\n","protected":false},"featured_media":148228,"template":"","meta":{"_acf_changed":false},"product_brand":[],"product_cat":[672],"product_tag":[],"class_list":{"0":"post-148233","1":"product","2":"type-product","3":"status-publish","4":"has-post-thumbnail","6":"product_cat-pienaseet","8":"first","9":"instock","10":"taxable","11":"shipping-taxable","12":"purchasable","13":"product-type-simple"},"acf":[],"_links":{"self":[{"href":"https:\/\/kingarms.ee\/fi\/wp-json\/wp\/v2\/product\/148233","targetHints":{"allow":["GET"]}}],"collection":[{"href":"https:\/\/kingarms.ee\/fi\/wp-json\/wp\/v2\/product"}],"about":[{"href":"https:\/\/kingarms.ee\/fi\/wp-json\/wp\/v2\/types\/product"}],"wp:featuredmedia":[{"embeddable":true,"href":"https:\/\/kingarms.ee\/fi\/wp-json\/wp\/v2\/media\/148228"}],"wp:attachment":[{"href":"https:\/\/kingarms.ee\/fi\/wp-json\/wp\/v2\/media?parent=148233"}],"wp:term":[{"taxonomy":"product_brand","embeddable":true,"href":"https:\/\/kingarms.ee\/fi\/wp-json\/wp\/v2\/product_brand?post=148233"},{"taxonomy":"product_cat","embeddable":true,"href":"https:\/\/kingarms.ee\/fi\/wp-json\/wp\/v2\/product_cat?post=148233"},{"taxonomy":"product_tag","embeddable":true,"href":"https:\/\/kingarms.ee\/fi\/wp-json\/wp\/v2\/product_tag?post=148233"}],"curies":[{"name":"wp","href":"https:\/\/api.w.org\/{rel}","templated":true}]}}