{"id":148244,"date":"2025-04-27T13:28:48","date_gmt":"2025-04-27T10:28:48","guid":{"rendered":"https:\/\/kingarms.ee\/product\/ilma-ase-glock-17-sarja\/"},"modified":"2025-05-19T18:11:16","modified_gmt":"2025-05-19T15:11:16","slug":"ilma-ase-glock-17-sarja","status":"publish","type":"product","link":"https:\/\/kingarms.ee\/fi\/product\/ilma-ase-glock-17-sarja\/","title":{"rendered":"Ilma-ase Glock 17 sarja"},"content":{"rendered":"<p><img loading=\"lazy\" decoding=\"async\" class=\"alignnone size-full wp-image-148238\" src=\"https:\/\/kingarms.ee\/wp-content\/uploads\/2025\/04\/5c981b540f7dc8d63037cb0361abf7b7.jpeg\" alt=\"\" width=\"1000\" height=\"750\" srcset=\"https:\/\/kingarms.ee\/wp-content\/uploads\/2025\/04\/5c981b540f7dc8d63037cb0361abf7b7.jpeg 1000w, https:\/\/kingarms.ee\/wp-content\/uploads\/2025\/04\/5c981b540f7dc8d63037cb0361abf7b7-300x225.jpeg 300w, https:\/\/kingarms.ee\/wp-content\/uploads\/2025\/04\/5c981b540f7dc8d63037cb0361abf7b7-768x576.jpeg 768w, https:\/\/kingarms.ee\/wp-content\/uploads\/2025\/04\/5c981b540f7dc8d63037cb0361abf7b7-500x375.jpeg 500w, https:\/\/kingarms.ee\/wp-content\/uploads\/2025\/04\/5c981b540f7dc8d63037cb0361abf7b7-150x113.jpeg 150w\" sizes=\"auto, (max-width: 1000px) 100vw, 1000px\" \/><\/p>\n","protected":false},"excerpt":{"rendered":"<p>Ilma-ase Glock 17 sarja<\/p>\n<p>Ilmakiv\u00e4\u00e4ri Glock 17 &#8211; Borner<\/p>\n<p>Kaliiperi: 4,5mm (.177)<br \/>\nEnergial\u00e4hde: 12 g CO2-kaasupullot<br \/>\nKartioenergia: enint\u00e4\u00e4n 3 J<br \/>\nAmmukset: 4,5 mm:n ilmakiv\u00e4\u00e4riluodit.<br \/>\nSalvokapasiteetti: 20<br \/>\nVaunu: kiinte\u00e4<br \/>\nRebound: ei<br \/>\nL\u00e4ht\u00f6nopeus: 120 m\/s<\/p>\n<p>Materiaali: runko &#8211; muovia, putki &#8211; metallia<br \/>\nPiipun tyyppi: sile\u00e4<br \/>\nT\u00e4ht\u00e4imet: ei-s\u00e4\u00e4dett\u00e4v\u00e4 takat\u00e4ht\u00e4in ja etut\u00e4ht\u00e4in.<br \/>\nWeaver\/Picatinny-ristikko: kyll\u00e4, kelkan alla<\/p>\n","protected":false},"featured_media":148240,"template":"","meta":{"_acf_changed":false},"product_brand":[],"product_cat":[672],"product_tag":[],"class_list":{"0":"post-148244","1":"product","2":"type-product","3":"status-publish","4":"has-post-thumbnail","6":"product_cat-pienaseet","8":"first","9":"instock","10":"taxable","11":"shipping-taxable","12":"purchasable","13":"product-type-simple"},"acf":[],"_links":{"self":[{"href":"https:\/\/kingarms.ee\/fi\/wp-json\/wp\/v2\/product\/148244","targetHints":{"allow":["GET"]}}],"collection":[{"href":"https:\/\/kingarms.ee\/fi\/wp-json\/wp\/v2\/product"}],"about":[{"href":"https:\/\/kingarms.ee\/fi\/wp-json\/wp\/v2\/types\/product"}],"wp:featuredmedia":[{"embeddable":true,"href":"https:\/\/kingarms.ee\/fi\/wp-json\/wp\/v2\/media\/148240"}],"wp:attachment":[{"href":"https:\/\/kingarms.ee\/fi\/wp-json\/wp\/v2\/media?parent=148244"}],"wp:term":[{"taxonomy":"product_brand","embeddable":true,"href":"https:\/\/kingarms.ee\/fi\/wp-json\/wp\/v2\/product_brand?post=148244"},{"taxonomy":"product_cat","embeddable":true,"href":"https:\/\/kingarms.ee\/fi\/wp-json\/wp\/v2\/product_cat?post=148244"},{"taxonomy":"product_tag","embeddable":true,"href":"https:\/\/kingarms.ee\/fi\/wp-json\/wp\/v2\/product_tag?post=148244"}],"curies":[{"name":"wp","href":"https:\/\/api.w.org\/{rel}","templated":true}]}}