{"id":148277,"date":"2025-04-27T13:41:15","date_gmt":"2025-04-27T10:42:00","guid":{"rendered":"https:\/\/kingarms.ee\/product\/ilmakivaari-colt-1911-jossa-on-rekyylia-kit\/"},"modified":"2025-05-19T18:11:16","modified_gmt":"2025-05-19T15:11:16","slug":"ilmakivaari-colt-1911-jossa-on-rekyylia-kit","status":"publish","type":"product","link":"https:\/\/kingarms.ee\/fi\/product\/ilmakivaari-colt-1911-jossa-on-rekyylia-kit\/","title":{"rendered":"Ilmakiv\u00e4\u00e4ri Colt 1911, jossa on rekyyli\u00e4 KIT"},"content":{"rendered":"<p><img loading=\"lazy\" decoding=\"async\" class=\"alignnone size-full wp-image-148270\" src=\"https:\/\/kingarms.ee\/wp-content\/uploads\/2025\/04\/5aefda8948ee17ab4d52b62755b1a6e0.jpeg\" alt=\"\" width=\"1000\" height=\"750\" srcset=\"https:\/\/kingarms.ee\/wp-content\/uploads\/2025\/04\/5aefda8948ee17ab4d52b62755b1a6e0.jpeg 1000w, https:\/\/kingarms.ee\/wp-content\/uploads\/2025\/04\/5aefda8948ee17ab4d52b62755b1a6e0-300x225.jpeg 300w, https:\/\/kingarms.ee\/wp-content\/uploads\/2025\/04\/5aefda8948ee17ab4d52b62755b1a6e0-768x576.jpeg 768w, https:\/\/kingarms.ee\/wp-content\/uploads\/2025\/04\/5aefda8948ee17ab4d52b62755b1a6e0-500x375.jpeg 500w, https:\/\/kingarms.ee\/wp-content\/uploads\/2025\/04\/5aefda8948ee17ab4d52b62755b1a6e0-150x113.jpeg 150w\" sizes=\"auto, (max-width: 1000px) 100vw, 1000px\" \/><\/p>\n","protected":false},"excerpt":{"rendered":"<p>Ilmakiv\u00e4\u00e4ri Colt 1911, jossa on rekyyli\u00e4 KIT<\/p>\n<p>Valmistaja Borner<br \/>\nTyyppi Pneumaattinen pistooli<br \/>\nTyyppi Kaasusylinteripneumatiikka<br \/>\nKaliiperi 4,5 mm<br \/>\nNopeus 115 m\/s<br \/>\nKuun tyyppi: py\u00f6re\u00e4 4.5mm<br \/>\nPutkityyppi: r\u00e4ikk\u00e4putki<br \/>\nSalvemaht 17 kuullut<br \/>\nLaukaisutapa: puoliautomaattinen<br \/>\nEnergial\u00e4hde Kaasupallo CO2 12 grammaa<br \/>\nRebound k\u00e4ytett\u00e4viss\u00e4<br \/>\nSuojarivi Kyll\u00e4<br \/>\nRungon materiaali: meta<br \/>\nV\u00e4ri Musta, ruskea<br \/>\nKoko 220 mm<br \/>\nPaino 0,9 kg<\/p>\n","protected":false},"featured_media":148272,"template":"","meta":{"_acf_changed":false},"product_brand":[],"product_cat":[672],"product_tag":[],"class_list":{"0":"post-148277","1":"product","2":"type-product","3":"status-publish","4":"has-post-thumbnail","6":"product_cat-pienaseet","8":"first","9":"instock","10":"sale","11":"taxable","12":"shipping-taxable","13":"purchasable","14":"product-type-simple"},"acf":[],"_links":{"self":[{"href":"https:\/\/kingarms.ee\/fi\/wp-json\/wp\/v2\/product\/148277","targetHints":{"allow":["GET"]}}],"collection":[{"href":"https:\/\/kingarms.ee\/fi\/wp-json\/wp\/v2\/product"}],"about":[{"href":"https:\/\/kingarms.ee\/fi\/wp-json\/wp\/v2\/types\/product"}],"wp:featuredmedia":[{"embeddable":true,"href":"https:\/\/kingarms.ee\/fi\/wp-json\/wp\/v2\/media\/148272"}],"wp:attachment":[{"href":"https:\/\/kingarms.ee\/fi\/wp-json\/wp\/v2\/media?parent=148277"}],"wp:term":[{"taxonomy":"product_brand","embeddable":true,"href":"https:\/\/kingarms.ee\/fi\/wp-json\/wp\/v2\/product_brand?post=148277"},{"taxonomy":"product_cat","embeddable":true,"href":"https:\/\/kingarms.ee\/fi\/wp-json\/wp\/v2\/product_cat?post=148277"},{"taxonomy":"product_tag","embeddable":true,"href":"https:\/\/kingarms.ee\/fi\/wp-json\/wp\/v2\/product_tag?post=148277"}],"curies":[{"name":"wp","href":"https:\/\/api.w.org\/{rel}","templated":true}]}}