{"id":149018,"date":"2025-05-09T13:30:29","date_gmt":"2025-05-09T10:30:29","guid":{"rendered":"https:\/\/kingarms.ee\/product\/retay-r26\/"},"modified":"2025-10-07T14:38:45","modified_gmt":"2025-10-07T11:38:45","slug":"retay-r26","status":"publish","type":"product","link":"https:\/\/kingarms.ee\/fi\/product\/retay-r26\/","title":{"rendered":"Retay R26"},"content":{"rendered":"<p><img loading=\"lazy\" decoding=\"async\" class=\"alignnone size-full wp-image-149009\" src=\"https:\/\/kingarms.ee\/wp-content\/uploads\/2025\/05\/startovyi-pystolet-retay-azm-r26-black-54600989102160.jpg\" alt=\"\" width=\"1000\" height=\"762\" srcset=\"https:\/\/kingarms.ee\/wp-content\/uploads\/2025\/05\/startovyi-pystolet-retay-azm-r26-black-54600989102160.jpg 1000w, https:\/\/kingarms.ee\/wp-content\/uploads\/2025\/05\/startovyi-pystolet-retay-azm-r26-black-54600989102160-300x229.jpg 300w, https:\/\/kingarms.ee\/wp-content\/uploads\/2025\/05\/startovyi-pystolet-retay-azm-r26-black-54600989102160-768x585.jpg 768w, https:\/\/kingarms.ee\/wp-content\/uploads\/2025\/05\/startovyi-pystolet-retay-azm-r26-black-54600989102160-500x381.jpg 500w, https:\/\/kingarms.ee\/wp-content\/uploads\/2025\/05\/startovyi-pystolet-retay-azm-r26-black-54600989102160-150x114.jpg 150w\" sizes=\"auto, (max-width: 1000px) 100vw, 1000px\" \/><\/p>\n","protected":false},"excerpt":{"rendered":"<div style=\"font-family: 'Inter', sans-serif; line-height: 1.6; color: #222; max-width: 700px; margin: auto; padding: 20px; border: 1px solid #eee; border-radius: 16px; box-shadow: 0 2px 8px rgba(0,0,0,0.05);\">\n<p>R26 on malli signaalilaukaisimesta (starttipistooli), joka on suunniteltu koulutukseen, elokuvateollisuuteen ja aseiden k\u00e4sittelytaitojen kouluttamiseen.<\/p>\n<p><strong>T\u00e4m\u00e4 malli on kopio Glock 26-pistoolista, mik\u00e4 tarkoittaa, ett\u00e4 ulkoisten ja paino-ulottuvuuksien osalta se toistaa alkuper\u00e4isen.<\/strong><\/p>\n<hr style=\"margin: 20px 0; border: none; border-top: 1px solid #ddd;\">\n<h3 style=\"font-size: 1.2em; font-weight:600; margin-bottom: 10px;\">\u2699\ufe0f Tekniset tiedot<\/h3>\n<ul style=\"list-style:none; padding:0; margin:0;\">\n<li>\ud83d\udd38 <strong>Kaliiperi :<\/strong> 9 mm<\/li>\n<li>\ud83d\udd38 <strong>Kokonaispituus:<\/strong> 158 mm<\/li>\n<li>\ud83d\udd38 <strong>Kaukalon Tilavuus:<\/strong> 9<\/li>\n<li>\ud83d\udd38 <strong>Paino:<\/strong> 550g<\/li>\n<li>\ud83d\udd38 <strong>Turvallisuus:<\/strong> sis\u00e4\u00e4nrakennettu automaattinen<\/li>\n<li>\ud83d\udd38 <strong>Kotelon materiaali<\/strong>: metalli<\/li>\n<li>\ud83d\udd38 <strong>Kahvan materiaali:<\/strong> muovi<\/li>\n<li>\ud83d\udd38 <strong>V\u00e4ri:<\/strong> musta<\/li>\n<li>\ud83d\udd38 <strong>M\u00e4\u00e4r\u00e4 per pakkaus, kpl: <\/strong>1 + patruunasarja<\/li>\n<li>\ud83d\udd38 <strong>Tavaramerkin rekister\u00f6intimaa: <\/strong>Turkki<\/li>\n<li>\ud83d\udd38 <strong>Takuu:<\/strong> 36 kuukautta<\/li>\n<li>\ud83d\udd38 Alkuper\u00e4maa<strong>:<\/strong> Turkki<\/li>\n<\/ul>\n<hr style=\"margin: 20px 0; border: none; border-top: 1px solid #ddd;\">\n<h3 style=\"font-size: 1.2em; font-weight:600; margin-bottom: 10px;\">\ud83d\udca1 lis\u00e4tietoja<\/h3>\n<p style=\"background: #f8f9fa; padding: 12px 16px; border-left: 4px solid #0073e6; border-radius: 8px;\">\n \ud83d\udcac Hintaan sis\u00e4ltyy 3 vuoden takuu ja ilmainen huolto kerran vuodessa koko takuuajan ajan.<\/p>\n<p><\/p>\n<\/div>\n","protected":false},"featured_media":152668,"template":"","meta":{"_acf_changed":false},"product_brand":[],"product_cat":[254],"product_tag":[],"class_list":{"0":"post-149018","1":"product","2":"type-product","3":"status-publish","4":"has-post-thumbnail","6":"product_cat-kaynnistys-pistoolit","8":"first","9":"outofstock","10":"taxable","11":"shipping-taxable","12":"purchasable","13":"product-type-simple"},"acf":[],"_links":{"self":[{"href":"https:\/\/kingarms.ee\/fi\/wp-json\/wp\/v2\/product\/149018","targetHints":{"allow":["GET"]}}],"collection":[{"href":"https:\/\/kingarms.ee\/fi\/wp-json\/wp\/v2\/product"}],"about":[{"href":"https:\/\/kingarms.ee\/fi\/wp-json\/wp\/v2\/types\/product"}],"wp:featuredmedia":[{"embeddable":true,"href":"https:\/\/kingarms.ee\/fi\/wp-json\/wp\/v2\/media\/152668"}],"wp:attachment":[{"href":"https:\/\/kingarms.ee\/fi\/wp-json\/wp\/v2\/media?parent=149018"}],"wp:term":[{"taxonomy":"product_brand","embeddable":true,"href":"https:\/\/kingarms.ee\/fi\/wp-json\/wp\/v2\/product_brand?post=149018"},{"taxonomy":"product_cat","embeddable":true,"href":"https:\/\/kingarms.ee\/fi\/wp-json\/wp\/v2\/product_cat?post=149018"},{"taxonomy":"product_tag","embeddable":true,"href":"https:\/\/kingarms.ee\/fi\/wp-json\/wp\/v2\/product_tag?post=149018"}],"curies":[{"name":"wp","href":"https:\/\/api.w.org\/{rel}","templated":true}]}}