{"id":149797,"date":"2024-12-06T16:38:08","date_gmt":"2025-05-25T12:09:38","guid":{"rendered":"https:\/\/kingarms.ee\/product\/koristeellinen-fantasiamiekka-zs693\/"},"modified":"2025-05-25T15:09:38","modified_gmt":"2025-05-25T12:09:38","slug":"koristeellinen-fantasiamiekka-zs693","status":"publish","type":"product","link":"https:\/\/kingarms.ee\/fi\/product\/koristeellinen-fantasiamiekka-zs693\/","title":{"rendered":"Koristeellinen fantasiamiekka (ZS693)"},"content":{"rendered":"<p>Koristeellinen fantasiamiekka (ZS693)<\/p>\n<p>KORISTEINEN FANTASIAMIEKKA<\/p>\n<p>Vienya Targaryenin tumman sisar miekan innoittamana<\/p>\n<p>GAME OF THRONES &amp; HOUSE OF THE DRAGON-SARJA<\/p>\n<p>TER\u00c4STER\u00c4<\/p>\n<p>METAL GUARD JA TIET\u00c4\u00c4<\/p>\n<p>Kokonaispituus: 1190mm<\/p>\n<p>Ter\u00e4n pituus: 890mm<\/p>\n<p>TYLPP\u00c4 JA TEROITTAMATON KATANA, AINOASTAAN KORISTETARKOITUKSIIN<\/p>\n<p>TARKISTA MAASI S\u00c4\u00c4D\u00d6KSET ENNEN OSTAMISTA<\/p>\n","protected":false},"excerpt":{"rendered":"<p>Koristeellinen fantasiamiekka (ZS693)<\/p>\n<p>KORISTEINEN FANTASIAMIEKKA<\/p>\n<p>Vienya Targaryen in tumman sisar miekan innoittajana<\/p>\n<p>GAME OF THRONES &amp; HOUSE OF THE DRAGON-SARJA<\/p>\n<p>TER\u00c4STER\u00c4<\/p>\n<p>METALLINEN VARTIJA JA TIET\u00c4V\u00c4<\/p>\n<p>Kokonaispituus: 1190mm<\/p>\n<p>Ter\u00e4n pituus: 890mm<\/p>\n<p>TYLPP\u00c4 JA TEROITTAMATON KATANA, AINOASTAAN KORISTETARKOITUKSIIN<\/p>\n<p>TARKISTA MAASI S\u00c4\u00c4B\u00d6KSET OSTAA<\/p>\n","protected":false},"featured_media":139667,"template":"","meta":{"_acf_changed":false},"product_brand":[],"product_cat":[1309,266],"product_tag":[],"class_list":{"0":"post-149797","1":"product","2":"type-product","3":"status-publish","4":"has-post-thumbnail","6":"product_cat-miekat","7":"product_cat-muut-viritys-ja-varaosat","9":"first","10":"instock","11":"purchasable","12":"product-type-simple"},"acf":[],"_links":{"self":[{"href":"https:\/\/kingarms.ee\/fi\/wp-json\/wp\/v2\/product\/149797","targetHints":{"allow":["GET"]}}],"collection":[{"href":"https:\/\/kingarms.ee\/fi\/wp-json\/wp\/v2\/product"}],"about":[{"href":"https:\/\/kingarms.ee\/fi\/wp-json\/wp\/v2\/types\/product"}],"wp:featuredmedia":[{"embeddable":true,"href":"https:\/\/kingarms.ee\/fi\/wp-json\/wp\/v2\/media\/139667"}],"wp:attachment":[{"href":"https:\/\/kingarms.ee\/fi\/wp-json\/wp\/v2\/media?parent=149797"}],"wp:term":[{"taxonomy":"product_brand","embeddable":true,"href":"https:\/\/kingarms.ee\/fi\/wp-json\/wp\/v2\/product_brand?post=149797"},{"taxonomy":"product_cat","embeddable":true,"href":"https:\/\/kingarms.ee\/fi\/wp-json\/wp\/v2\/product_cat?post=149797"},{"taxonomy":"product_tag","embeddable":true,"href":"https:\/\/kingarms.ee\/fi\/wp-json\/wp\/v2\/product_tag?post=149797"}],"curies":[{"name":"wp","href":"https:\/\/api.w.org\/{rel}","templated":true}]}}