{"id":150395,"date":"2024-03-06T16:51:29","date_gmt":"2025-06-07T10:36:06","guid":{"rendered":"https:\/\/kingarms.ee\/product\/makarov-mp-654-baikal\/"},"modified":"2025-06-07T13:36:06","modified_gmt":"2025-06-07T10:36:06","slug":"makarov-mp-654-baikal","status":"publish","type":"product","link":"https:\/\/kingarms.ee\/fi\/product\/makarov-mp-654-baikal\/","title":{"rendered":"Makarov MP-654 (Baikal)"},"content":{"rendered":"<p><img loading=\"lazy\" decoding=\"async\" class=\"alignnone size-full wp-image-99452\" src=\"https:\/\/kingarms.ee\/wp-content\/uploads\/2024\/03\/MP654K-88_BAIKAL_00000.jpg\" alt=\"\" width=\"1861\" height=\"1460\" srcset=\"https:\/\/kingarms.ee\/wp-content\/uploads\/2024\/03\/MP654K-88_BAIKAL_00000.jpg 1861w, https:\/\/kingarms.ee\/wp-content\/uploads\/2024\/03\/MP654K-88_BAIKAL_00000-300x235.jpg 300w, https:\/\/kingarms.ee\/wp-content\/uploads\/2024\/03\/MP654K-88_BAIKAL_00000-1024x803.jpg 1024w, https:\/\/kingarms.ee\/wp-content\/uploads\/2024\/03\/MP654K-88_BAIKAL_00000-768x603.jpg 768w, https:\/\/kingarms.ee\/wp-content\/uploads\/2024\/03\/MP654K-88_BAIKAL_00000-1536x1205.jpg 1536w, https:\/\/kingarms.ee\/wp-content\/uploads\/2024\/03\/MP654K-88_BAIKAL_00000-500x392.jpg 500w, https:\/\/kingarms.ee\/wp-content\/uploads\/2024\/03\/MP654K-88_BAIKAL_00000-150x118.jpg 150w\" sizes=\"auto, (max-width: 1861px) 100vw, 1861px\" \/><\/p>\n","protected":false},"excerpt":{"rendered":"<p>Makarov MP-654 (Baikal)<\/p>\n<p><b>Makarov-pistooli<\/b> eli <b>PM<\/b> (ven\u00e4j\u00e4ksi <span lang=\"ru\">\u041f\u0438\u0441\u0442\u043e\u043b\u0435\u0442 \u041c\u0430\u043a\u0430\u0440\u043e\u0432\u0430<\/span>, <i><b>Pistol<\/b> <b>Makarova<\/b><\/i>) on alun perin ven\u00e4l\u00e4inen puoliautomaattipistooli. Pistoolin kehitt\u00e4mist\u00e4 johti Nikolai Fjodorovit\u0161 Makarov, ja siit\u00e4 tuli Neuvostoliiton armeijan ja miliisin vakiok\u00e4siase vuosina 1951-1991. KingArmsin myym\u00e4 ase on Co2-k\u00e4ytt\u00f6inen versio 4,5 mm:n takaiskuvoimalla varustetusta (Double Action) ilmakiv\u00e4\u00e4rist\u00e4, joka on tarkka kopio kuuluisasta aseesta.<\/p>\n<p>Toimintatila: puoliautomaattinen<br \/>\nJarrusatula: 4,5 mm (.177)<br \/>\nRungon materiaali: metalli<br \/>\nLuodit: 4,5 mm UPEA blaze<br \/>\nLokeron kapasiteetti: 15 palloa<br \/>\nEnergia: &lt;&lt; 3.0 J<br \/>\nPakokaasun nopeus: 127 m \/ s<br \/>\nPaino: 780 g<\/p>\n","protected":false},"featured_media":99454,"template":"","meta":{"_acf_changed":false},"product_brand":[],"product_cat":[672],"product_tag":[],"class_list":{"0":"post-150395","1":"product","2":"type-product","3":"status-publish","4":"has-post-thumbnail","6":"product_cat-pienaseet","8":"first","9":"instock","10":"sale","11":"taxable","12":"shipping-taxable","13":"purchasable","14":"product-type-simple"},"acf":[],"_links":{"self":[{"href":"https:\/\/kingarms.ee\/fi\/wp-json\/wp\/v2\/product\/150395","targetHints":{"allow":["GET"]}}],"collection":[{"href":"https:\/\/kingarms.ee\/fi\/wp-json\/wp\/v2\/product"}],"about":[{"href":"https:\/\/kingarms.ee\/fi\/wp-json\/wp\/v2\/types\/product"}],"wp:featuredmedia":[{"embeddable":true,"href":"https:\/\/kingarms.ee\/fi\/wp-json\/wp\/v2\/media\/99454"}],"wp:attachment":[{"href":"https:\/\/kingarms.ee\/fi\/wp-json\/wp\/v2\/media?parent=150395"}],"wp:term":[{"taxonomy":"product_brand","embeddable":true,"href":"https:\/\/kingarms.ee\/fi\/wp-json\/wp\/v2\/product_brand?post=150395"},{"taxonomy":"product_cat","embeddable":true,"href":"https:\/\/kingarms.ee\/fi\/wp-json\/wp\/v2\/product_cat?post=150395"},{"taxonomy":"product_tag","embeddable":true,"href":"https:\/\/kingarms.ee\/fi\/wp-json\/wp\/v2\/product_tag?post=150395"}],"curies":[{"name":"wp","href":"https:\/\/api.w.org\/{rel}","templated":true}]}}