{"id":152289,"date":"2018-08-31T08:22:53","date_gmt":"2025-07-19T13:26:20","guid":{"rendered":"https:\/\/kingarms.ee\/product\/hg-138-minikranaatinheitin\/"},"modified":"2025-07-19T16:26:20","modified_gmt":"2025-07-19T13:26:20","slug":"hg-138-minikranaatinheitin","status":"publish","type":"product","link":"https:\/\/kingarms.ee\/fi\/product\/hg-138-minikranaatinheitin\/","title":{"rendered":"HG-138 MINIKRANAATINHEITIN"},"content":{"rendered":"<p><a href=\"https:\/\/kingarms.ee\/wp-content\/uploads\/2018\/03\/1152215491_1.jpg\"><img loading=\"lazy\" decoding=\"async\" class=\"alignnone size-medium wp-image-1851\" src=\"https:\/\/kingarms.ee\/wp-content\/uploads\/2018\/03\/1152215491_1-300x200.jpg\" alt=\"\" width=\"300\" height=\"200\"><\/a><\/p>\n","protected":false},"excerpt":{"rendered":"<p>Erinomainen ja kompakti minikranaatinheitin on valmistettu kokonaan alumiinista. Ihanteellinen asennettavaksi k\u00e4siaseeseen tai konepistooliin. <\/p>\n<p>Materiaali: alumiini<br \/>\nPituus: 95mm<br \/>\nPaino: 200 g<br \/>\nLokeron kapasiteetti: jopa 40 palloa<br \/>\nTulinopeus: 58 m \/ s<\/p>\n<p>&nbsp;<\/p>\n<p><strong>Vuokra 7. (24 H). Aseen luovutus ja palautus tapahtuu myym\u00e4l\u00e4ss\u00e4mme KingArms. KingArms LLC: n kanssa asiakas on velvollinen tekem\u00e4\u00e4n vuokrasopimuksen.  <\/strong><\/p>\n","protected":false},"featured_media":0,"template":"","meta":{"_acf_changed":false},"product_brand":[],"product_cat":[934],"product_tag":[],"class_list":{"0":"post-152289","1":"product","2":"type-product","3":"status-publish","5":"product_cat-kaytettyja-tuotteita","7":"first","8":"onbackorder","9":"product-type-simple"},"acf":[],"_links":{"self":[{"href":"https:\/\/kingarms.ee\/fi\/wp-json\/wp\/v2\/product\/152289","targetHints":{"allow":["GET"]}}],"collection":[{"href":"https:\/\/kingarms.ee\/fi\/wp-json\/wp\/v2\/product"}],"about":[{"href":"https:\/\/kingarms.ee\/fi\/wp-json\/wp\/v2\/types\/product"}],"wp:attachment":[{"href":"https:\/\/kingarms.ee\/fi\/wp-json\/wp\/v2\/media?parent=152289"}],"wp:term":[{"taxonomy":"product_brand","embeddable":true,"href":"https:\/\/kingarms.ee\/fi\/wp-json\/wp\/v2\/product_brand?post=152289"},{"taxonomy":"product_cat","embeddable":true,"href":"https:\/\/kingarms.ee\/fi\/wp-json\/wp\/v2\/product_cat?post=152289"},{"taxonomy":"product_tag","embeddable":true,"href":"https:\/\/kingarms.ee\/fi\/wp-json\/wp\/v2\/product_tag?post=152289"}],"curies":[{"name":"wp","href":"https:\/\/api.w.org\/{rel}","templated":true}]}}