{"id":153593,"date":"2025-10-06T00:24:03","date_gmt":"2025-10-05T21:24:03","guid":{"rendered":"https:\/\/kingarms.ee\/product\/ravin-r10x-jousipyssy-sarja\/"},"modified":"2025-10-06T10:32:59","modified_gmt":"2025-10-06T07:32:59","slug":"ravin-r10x-jousipyssy-sarja","status":"publish","type":"product","link":"https:\/\/kingarms.ee\/fi\/product\/ravin-r10x-jousipyssy-sarja\/","title":{"rendered":"Ravin R10X Jousipyssy (sarja)"},"content":{"rendered":"<p><img loading=\"lazy\" decoding=\"async\" class=\"alignnone size-full wp-image-153547\" src=\"https:\/\/kingarms.ee\/wp-content\/uploads\/2025\/10\/a_119308-1012.jpg\" alt=\"\" width=\"1600\" height=\"1162\" srcset=\"https:\/\/kingarms.ee\/wp-content\/uploads\/2025\/10\/a_119308-1012.jpg 1600w, https:\/\/kingarms.ee\/wp-content\/uploads\/2025\/10\/a_119308-1012-300x218.jpg 300w, https:\/\/kingarms.ee\/wp-content\/uploads\/2025\/10\/a_119308-1012-1024x744.jpg 1024w, https:\/\/kingarms.ee\/wp-content\/uploads\/2025\/10\/a_119308-1012-768x558.jpg 768w, https:\/\/kingarms.ee\/wp-content\/uploads\/2025\/10\/a_119308-1012-1536x1116.jpg 1536w, https:\/\/kingarms.ee\/wp-content\/uploads\/2025\/10\/a_119308-1012-500x363.jpg 500w, https:\/\/kingarms.ee\/wp-content\/uploads\/2025\/10\/a_119308-1012-150x109.jpg 150w\" sizes=\"auto, (max-width: 1600px) 100vw, 1600px\" \/><\/p>\n","protected":false},"excerpt":{"rendered":"<p>Ravin R10X Jousipyssy (sarja)<\/p>\n<p>R10X on t\u00e4ydellinen valinta sek\u00e4 kokeneille mets\u00e4st\u00e4jille ja ampujille ett\u00e4 aloittelijoille. Klassinen Ravin-malli tarjoaa monipuoliset ominaisuudet. Ohut ja kevyt rakenne yhdistettyn\u00e4 yli 400 FPS:n nuolenopeuteen takaa huippuluokan tarkkuuden ja tekee siit\u00e4 erinomaisen valinnan mets\u00e4stykseen tai piilotettuun ammuntaan. Viimeinen R10 varastossamme!  <\/p>\n<p>Yksi HeliCoil-teknologian vallankumouksellisista eduista on Versa-Draw-j\u00e4nnitysj\u00e4rjestelm\u00e4. Trac-Trigger-laukaisumekanismin kanssa se muodostaa eritt\u00e4in kompaktin, t\u00e4ysin integroidun kiristysratkaisun. Vain 12 paunan vetovoimalla Versa-Draw voidaan k\u00e4ytt\u00e4\u00e4 molemmin k\u00e4sin ja se mahdollistaa helpon j\u00e4nnityksen ja purkamisen. T\u00e4m\u00e4 Helicoilin eksklusiivinen etu takaa ennen\u00e4kem\u00e4tt\u00f6m\u00e4n tarkkuuden jokaisella laukauksella.   <\/p>\n<p>Tekniset tiedot ja sis\u00e4lt\u00f6<\/p>\n<p>Sis\u00e4\u00e4nrakennettu latausmekanismi<br \/>\nKuivalaukaisun suoja \/ automaattinen varmistin<br \/>\nHihnalenkit<br \/>\n3x Ravin .003 nuolta ja k\u00e4rke\u00e4 (yhteens\u00e4 400 grainia)<br \/>\n1x Irrotettava kiristyskahva<br \/>\n1x Nuolituppi \/ kiinnitysalusta<br \/>\nUusi valaistu 100 jaardin\/metrin pikakiikarit\u00e4ht\u00e4in<br \/>\nAmmuntanopeus: 400 FPS<br \/>\nPaino: 6,8 lb<br \/>\nKokonaispituus: 33&#8243;<br \/>\nVetovoima: 12 lb<br \/>\nJ\u00e4nnitystyyppi: Integroitu hiljainen veto<br \/>\nV\u00e4ri: Musta<br \/>\nLeveys: 10,5&#8243; (j\u00e4nnittym\u00e4tt\u00f6m\u00e4n\u00e4)<br \/>\nLeveys: 6&#8243; (j\u00e4nnittyneen\u00e4)<br \/>\nKineettinen energia: 142 ft-lb<\/p>\n","protected":false},"featured_media":153549,"template":"","meta":{"_acf_changed":false},"product_brand":[],"product_cat":[791],"product_tag":[],"class_list":{"0":"post-153593","1":"product","2":"type-product","3":"status-publish","4":"has-post-thumbnail","6":"product_cat-varsijouset","8":"first","9":"instock","10":"sale","11":"taxable","12":"shipping-taxable","13":"purchasable","14":"product-type-simple"},"acf":[],"_links":{"self":[{"href":"https:\/\/kingarms.ee\/fi\/wp-json\/wp\/v2\/product\/153593","targetHints":{"allow":["GET"]}}],"collection":[{"href":"https:\/\/kingarms.ee\/fi\/wp-json\/wp\/v2\/product"}],"about":[{"href":"https:\/\/kingarms.ee\/fi\/wp-json\/wp\/v2\/types\/product"}],"wp:featuredmedia":[{"embeddable":true,"href":"https:\/\/kingarms.ee\/fi\/wp-json\/wp\/v2\/media\/153549"}],"wp:attachment":[{"href":"https:\/\/kingarms.ee\/fi\/wp-json\/wp\/v2\/media?parent=153593"}],"wp:term":[{"taxonomy":"product_brand","embeddable":true,"href":"https:\/\/kingarms.ee\/fi\/wp-json\/wp\/v2\/product_brand?post=153593"},{"taxonomy":"product_cat","embeddable":true,"href":"https:\/\/kingarms.ee\/fi\/wp-json\/wp\/v2\/product_cat?post=153593"},{"taxonomy":"product_tag","embeddable":true,"href":"https:\/\/kingarms.ee\/fi\/wp-json\/wp\/v2\/product_tag?post=153593"}],"curies":[{"name":"wp","href":"https:\/\/api.w.org\/{rel}","templated":true}]}}