{"id":153703,"date":"2025-10-10T11:02:04","date_gmt":"2025-10-10T08:02:04","guid":{"rendered":"https:\/\/kingarms.ee\/product\/crosman-p10-co%e2%82%82-puoliksi-automaattinen-ilmapistooli-kompletti\/"},"modified":"2025-10-10T11:12:57","modified_gmt":"2025-10-10T08:12:57","slug":"crosman-p10-co%e2%82%82-puoliksi-automaattinen-ilmapistooli-kompletti","status":"publish","type":"product","link":"https:\/\/kingarms.ee\/fi\/product\/crosman-p10-co%e2%82%82-puoliksi-automaattinen-ilmapistooli-kompletti\/","title":{"rendered":"Crosman P10 CO\u2082 puoliksi automaattinen ilmapistooli \u2014 kompletti"},"content":{"rendered":"<p><img loading=\"lazy\" decoding=\"async\" class=\"alignnone size-medium wp-image-153696\" src=\"https:\/\/kingarms.ee\/wp-content\/uploads\/2025\/10\/5117-1-1-1-300x300.webp\" alt=\"\" width=\"300\" height=\"300\" srcset=\"https:\/\/kingarms.ee\/wp-content\/uploads\/2025\/10\/5117-1-1-1-300x300.webp 300w, https:\/\/kingarms.ee\/wp-content\/uploads\/2025\/10\/5117-1-1-1-1024x1024.webp 1024w, https:\/\/kingarms.ee\/wp-content\/uploads\/2025\/10\/5117-1-1-1-150x150.webp 150w, https:\/\/kingarms.ee\/wp-content\/uploads\/2025\/10\/5117-1-1-1-768x768.webp 768w, https:\/\/kingarms.ee\/wp-content\/uploads\/2025\/10\/5117-1-1-1-500x500.webp 500w, https:\/\/kingarms.ee\/wp-content\/uploads\/2025\/10\/5117-1-1-1.webp 1500w\" sizes=\"auto, (max-width: 300px) 100vw, 300px\" \/><\/p>\n","protected":false},"excerpt":{"rendered":"<p data-start=\"1076\" data-end=\"1541\">Crosman P10 tarjoaa tasaisen suorituskyvyn kompaktissa koossa. Puoliksi automaattinen toimintatapa mahdollistaa nopeat j\u00e4lkily\u00f6nnit, ja 12 g CO\u2082-patruuna tekee k\u00e4yt\u00f6st\u00e4 siistin ja helpon. Ergonominen kahva ja s\u00e4\u00e4dett\u00e4v\u00e4t t\u00e4ht\u00e4imet parantavat k\u00e4ytt\u00f6mukavuutta ja tarkkuutta. Sopii hyvin aloitteleville ampujille ja vapaa-ajan harjoitteluun.   <\/p>\n<p data-start=\"1543\" data-end=\"1574\"><strong data-start=\"1543\" data-end=\"1572\">T\u00e4rkeimm\u00e4t ominaisuudet:<\/strong><\/p>\n<ul data-start=\"1575\" data-end=\"1814\">\n<li data-start=\"1575\" data-end=\"1608\">\n<p data-start=\"1577\" data-end=\"1608\">Virta: 12 g CO\u2082-patruuna<\/p>\n<\/li>\n<li data-start=\"1609\" data-end=\"1638\">\n<p data-start=\"1611\" data-end=\"1638\">Toiminta: puoliksi automaattinen<\/p>\n<\/li>\n<li data-start=\"1639\" data-end=\"1666\">\n<p data-start=\"1641\" data-end=\"1666\">Kaliiperi: 4,5mm (.177)<\/p>\n<\/li>\n<li data-start=\"1667\" data-end=\"1701\">\n<p data-start=\"1669\" data-end=\"1701\">Lippaan tilavuus: n. 8 kuulaa<\/p>\n<\/li>\n<li data-start=\"1702\" data-end=\"1755\">\n<p data-start=\"1704\" data-end=\"1755\">Rakenne: polymeeri + metalliosat<\/p>\n<\/li>\n<li data-start=\"1756\" data-end=\"1789\">\n<p data-start=\"1758\" data-end=\"1789\">Ergonoomiline kummist k\u00e4epide<\/p>\n<\/li>\n<li data-start=\"1790\" data-end=\"1814\">\n<p data-start=\"1792\" data-end=\"1814\">Reguleeritavad sihikud<\/p>\n<\/li>\n<\/ul>\n<p data-start=\"1816\" data-end=\"1851\"><strong data-start=\"1816\" data-end=\"1849\">Tekniset tiedot (suuntaa antavat):<\/strong><\/p>\n<ul data-start=\"1852\" data-end=\"2005\">\n<li data-start=\"1852\" data-end=\"1871\">\n<p data-start=\"1854\" data-end=\"1871\">Pituus: ~190 mm<\/p>\n<\/li>\n<li data-start=\"1872\" data-end=\"1888\">\n<p data-start=\"1874\" data-end=\"1888\">Paino: ~650 g<\/p>\n<\/li>\n<li data-start=\"1889\" data-end=\"1976\">\n<p data-start=\"1891\" data-end=\"1976\">Luodin nopeus: jopa ~120 m\/s (riippuu ammuksesta)<\/p>\n<\/li>\n<li data-start=\"1977\" data-end=\"2005\">\n<p data-start=\"1979\" data-end=\"2005\">T\u00f6\u00f6temperatuur: -10\u2026+40 \u00b0C<\/p>\n<\/li>\n<\/ul>\n","protected":false},"featured_media":153698,"template":"","meta":{"_acf_changed":false},"product_brand":[],"product_cat":[672],"product_tag":[],"class_list":{"0":"post-153703","1":"product","2":"type-product","3":"status-publish","4":"has-post-thumbnail","6":"product_cat-pienaseet","8":"first","9":"instock","10":"taxable","11":"shipping-taxable","12":"purchasable","13":"product-type-simple"},"acf":[],"_links":{"self":[{"href":"https:\/\/kingarms.ee\/fi\/wp-json\/wp\/v2\/product\/153703","targetHints":{"allow":["GET"]}}],"collection":[{"href":"https:\/\/kingarms.ee\/fi\/wp-json\/wp\/v2\/product"}],"about":[{"href":"https:\/\/kingarms.ee\/fi\/wp-json\/wp\/v2\/types\/product"}],"wp:featuredmedia":[{"embeddable":true,"href":"https:\/\/kingarms.ee\/fi\/wp-json\/wp\/v2\/media\/153698"}],"wp:attachment":[{"href":"https:\/\/kingarms.ee\/fi\/wp-json\/wp\/v2\/media?parent=153703"}],"wp:term":[{"taxonomy":"product_brand","embeddable":true,"href":"https:\/\/kingarms.ee\/fi\/wp-json\/wp\/v2\/product_brand?post=153703"},{"taxonomy":"product_cat","embeddable":true,"href":"https:\/\/kingarms.ee\/fi\/wp-json\/wp\/v2\/product_cat?post=153703"},{"taxonomy":"product_tag","embeddable":true,"href":"https:\/\/kingarms.ee\/fi\/wp-json\/wp\/v2\/product_tag?post=153703"}],"curies":[{"name":"wp","href":"https:\/\/api.w.org\/{rel}","templated":true}]}}