{"id":153722,"date":"2025-10-10T11:29:23","date_gmt":"2025-10-10T08:29:23","guid":{"rendered":"https:\/\/kingarms.ee\/product\/benjamin-marauder-pcp-ilmakivaari\/"},"modified":"2025-10-10T11:31:11","modified_gmt":"2025-10-10T08:31:11","slug":"benjamin-marauder-pcp-ilmakivaari","status":"publish","type":"product","link":"https:\/\/kingarms.ee\/fi\/product\/benjamin-marauder-pcp-ilmakivaari\/","title":{"rendered":"Benjamin Marauder PCP ilmakiv\u00e4\u00e4ri"},"content":{"rendered":"<p><img loading=\"lazy\" decoding=\"async\" class=\"alignnone size-medium wp-image-153714\" src=\"https:\/\/kingarms.ee\/wp-content\/uploads\/2025\/10\/pnevmaticheskaya-vintovka-crosman-benjamin-marauder-synthetic-bp1764-s-1500x1500-1-300x300.webp\" alt=\"\" width=\"300\" height=\"300\" srcset=\"https:\/\/kingarms.ee\/wp-content\/uploads\/2025\/10\/pnevmaticheskaya-vintovka-crosman-benjamin-marauder-synthetic-bp1764-s-1500x1500-1-300x300.webp 300w, https:\/\/kingarms.ee\/wp-content\/uploads\/2025\/10\/pnevmaticheskaya-vintovka-crosman-benjamin-marauder-synthetic-bp1764-s-1500x1500-1-1024x1024.webp 1024w, https:\/\/kingarms.ee\/wp-content\/uploads\/2025\/10\/pnevmaticheskaya-vintovka-crosman-benjamin-marauder-synthetic-bp1764-s-1500x1500-1-150x150.webp 150w, https:\/\/kingarms.ee\/wp-content\/uploads\/2025\/10\/pnevmaticheskaya-vintovka-crosman-benjamin-marauder-synthetic-bp1764-s-1500x1500-1-768x768.webp 768w, https:\/\/kingarms.ee\/wp-content\/uploads\/2025\/10\/pnevmaticheskaya-vintovka-crosman-benjamin-marauder-synthetic-bp1764-s-1500x1500-1-500x500.webp 500w, https:\/\/kingarms.ee\/wp-content\/uploads\/2025\/10\/pnevmaticheskaya-vintovka-crosman-benjamin-marauder-synthetic-bp1764-s-1500x1500-1.webp 1500w\" sizes=\"auto, (max-width: 300px) 100vw, 300px\" \/><\/p>\n","protected":false},"excerpt":{"rendered":"<p>Benjamin Marauder on suorituskykyinen PCP ilmakiv\u00e4\u00e4ri, joka pystyy ampumaan .177 kaliiperin kuulia jopa ~1100 fps nopeudella, .22 noin ~1000 fps ja .25 noin ~900 fps, ja siin\u00e4 on hiljainen vaimennettu piippu, s\u00e4\u00e4dett\u00e4v\u00e4 poskituenta, k\u00e4\u00e4nnett\u00e4v\u00e4 boltin kahva, 10 laukauksen automaattisesti indeksoitu lipas (.177\/.22) tai 8 laukauksen versio (.25), tarkka kaksiasteinen liipaisin sek\u00e4 kest\u00e4v\u00e4 synteettinen tai p\u00e4hkin\u00e4puinen runkorakenne \u2014 erinomainen valinta sek\u00e4 tarkkuusammuntaan ett\u00e4 pienriistajahille.<\/p>\n","protected":false},"featured_media":153716,"template":"","meta":{"_acf_changed":false},"product_brand":[],"product_cat":[253,256],"product_tag":[],"class_list":{"0":"post-153722","1":"product","2":"type-product","3":"status-publish","4":"has-post-thumbnail","6":"product_cat-ilmakivaarit-4-5mm","7":"product_cat-hpa-fi","9":"first","10":"instock","11":"sale","12":"taxable","13":"shipping-taxable","14":"purchasable","15":"product-type-simple"},"acf":[],"_links":{"self":[{"href":"https:\/\/kingarms.ee\/fi\/wp-json\/wp\/v2\/product\/153722","targetHints":{"allow":["GET"]}}],"collection":[{"href":"https:\/\/kingarms.ee\/fi\/wp-json\/wp\/v2\/product"}],"about":[{"href":"https:\/\/kingarms.ee\/fi\/wp-json\/wp\/v2\/types\/product"}],"wp:featuredmedia":[{"embeddable":true,"href":"https:\/\/kingarms.ee\/fi\/wp-json\/wp\/v2\/media\/153716"}],"wp:attachment":[{"href":"https:\/\/kingarms.ee\/fi\/wp-json\/wp\/v2\/media?parent=153722"}],"wp:term":[{"taxonomy":"product_brand","embeddable":true,"href":"https:\/\/kingarms.ee\/fi\/wp-json\/wp\/v2\/product_brand?post=153722"},{"taxonomy":"product_cat","embeddable":true,"href":"https:\/\/kingarms.ee\/fi\/wp-json\/wp\/v2\/product_cat?post=153722"},{"taxonomy":"product_tag","embeddable":true,"href":"https:\/\/kingarms.ee\/fi\/wp-json\/wp\/v2\/product_tag?post=153722"}],"curies":[{"name":"wp","href":"https:\/\/api.w.org\/{rel}","templated":true}]}}