{"id":153758,"date":"2025-10-10T11:38:27","date_gmt":"2025-10-10T08:38:27","guid":{"rendered":"https:\/\/kingarms.ee\/product\/crosman-f4-classic-np-ilmakivaari-kaliiperi-45-mm-177\/"},"modified":"2025-10-10T11:42:13","modified_gmt":"2025-10-10T08:42:13","slug":"crosman-f4-classic-np-ilmakivaari-kaliiperi-45-mm-177","status":"publish","type":"product","link":"https:\/\/kingarms.ee\/fi\/product\/crosman-f4-classic-np-ilmakivaari-kaliiperi-45-mm-177\/","title":{"rendered":"Crosman F4 Classic NP ilmakiv\u00e4\u00e4ri, kaliiperi 4,5 mm (.177)"},"content":{"rendered":"<p><img loading=\"lazy\" decoding=\"async\" class=\"alignnone size-medium wp-image-153743\" src=\"https:\/\/kingarms.ee\/wp-content\/uploads\/2025\/10\/Crosman20F4-8-1-1-300x300.webp\" alt=\"\" width=\"300\" height=\"300\" srcset=\"https:\/\/kingarms.ee\/wp-content\/uploads\/2025\/10\/Crosman20F4-8-1-1-300x300.webp 300w, https:\/\/kingarms.ee\/wp-content\/uploads\/2025\/10\/Crosman20F4-8-1-1-1024x1024.webp 1024w, https:\/\/kingarms.ee\/wp-content\/uploads\/2025\/10\/Crosman20F4-8-1-1-150x150.webp 150w, https:\/\/kingarms.ee\/wp-content\/uploads\/2025\/10\/Crosman20F4-8-1-1-768x768.webp 768w, https:\/\/kingarms.ee\/wp-content\/uploads\/2025\/10\/Crosman20F4-8-1-1-500x500.webp 500w, https:\/\/kingarms.ee\/wp-content\/uploads\/2025\/10\/Crosman20F4-8-1-1.webp 1500w\" sizes=\"auto, (max-width: 300px) 100vw, 300px\" \/><\/p>\n","protected":false},"excerpt":{"rendered":"<p>Crosman F4 Classic NP on .177 (4,5 mm) murtokonekiv\u00e4\u00e4ri (break-barrel) varustettuna Nitro Piston -kaasujousella ja QuietFire-melunvaimennustekniikalla, joka v\u00e4hent\u00e4\u00e4 rekyyli\u00e4 ja \u00e4\u00e4nt\u00e4; se voi saavuttaa jopa noin 1200 fps nopeuden kuulasta riippuen, sis\u00e4lt\u00e4\u00e4 rifloidun ter\u00e4spiipun, s\u00e4\u00e4dett\u00e4v\u00e4n kaksivaiheisen liipaisimen, s\u00e4\u00e4nkest\u00e4v\u00e4n synteettisen Monte Carlo -tukin ja 4\u00d732-t\u00e4ht\u00e4imen \u2014 monipuolinen valinta harraste- ja tarkkuusammuntaan sek\u00e4 pienen riistan k\u00e4sittelyyn.<\/p>\n","protected":false},"featured_media":153745,"template":"","meta":{"_acf_changed":false},"product_brand":[],"product_cat":[253,828],"product_tag":[],"class_list":{"0":"post-153758","1":"product","2":"type-product","3":"status-publish","4":"has-post-thumbnail","6":"product_cat-ilmakivaarit-4-5mm","7":"product_cat-tarkka-ampuja-aseet-45mm","9":"first","10":"instock","11":"sale","12":"taxable","13":"shipping-taxable","14":"purchasable","15":"product-type-simple"},"acf":[],"_links":{"self":[{"href":"https:\/\/kingarms.ee\/fi\/wp-json\/wp\/v2\/product\/153758","targetHints":{"allow":["GET"]}}],"collection":[{"href":"https:\/\/kingarms.ee\/fi\/wp-json\/wp\/v2\/product"}],"about":[{"href":"https:\/\/kingarms.ee\/fi\/wp-json\/wp\/v2\/types\/product"}],"wp:featuredmedia":[{"embeddable":true,"href":"https:\/\/kingarms.ee\/fi\/wp-json\/wp\/v2\/media\/153745"}],"wp:attachment":[{"href":"https:\/\/kingarms.ee\/fi\/wp-json\/wp\/v2\/media?parent=153758"}],"wp:term":[{"taxonomy":"product_brand","embeddable":true,"href":"https:\/\/kingarms.ee\/fi\/wp-json\/wp\/v2\/product_brand?post=153758"},{"taxonomy":"product_cat","embeddable":true,"href":"https:\/\/kingarms.ee\/fi\/wp-json\/wp\/v2\/product_cat?post=153758"},{"taxonomy":"product_tag","embeddable":true,"href":"https:\/\/kingarms.ee\/fi\/wp-json\/wp\/v2\/product_tag?post=153758"}],"curies":[{"name":"wp","href":"https:\/\/api.w.org\/{rel}","templated":true}]}}