{"id":153773,"date":"2025-10-10T11:46:27","date_gmt":"2025-10-10T08:46:27","guid":{"rendered":"https:\/\/kingarms.ee\/product\/crosman-r1-puoliksi-automaattinen-ilmapyssy-45-mm-177\/"},"modified":"2025-10-10T11:48:08","modified_gmt":"2025-10-10T08:48:08","slug":"crosman-r1-puoliksi-automaattinen-ilmapyssy-45-mm-177","status":"publish","type":"product","link":"https:\/\/kingarms.ee\/fi\/product\/crosman-r1-puoliksi-automaattinen-ilmapyssy-45-mm-177\/","title":{"rendered":"Crosman R1 puoliksi automaattinen ilmapyssy (4,5 mm \/ .177)"},"content":{"rendered":"<p><img loading=\"lazy\" decoding=\"async\" class=\"alignnone size-medium wp-image-153766\" src=\"https:\/\/kingarms.ee\/wp-content\/uploads\/2025\/10\/5055-1-1-1-1-300x300.webp\" alt=\"\" width=\"300\" height=\"300\" srcset=\"https:\/\/kingarms.ee\/wp-content\/uploads\/2025\/10\/5055-1-1-1-1-300x300.webp 300w, https:\/\/kingarms.ee\/wp-content\/uploads\/2025\/10\/5055-1-1-1-1-1024x1024.webp 1024w, https:\/\/kingarms.ee\/wp-content\/uploads\/2025\/10\/5055-1-1-1-1-150x150.webp 150w, https:\/\/kingarms.ee\/wp-content\/uploads\/2025\/10\/5055-1-1-1-1-768x768.webp 768w, https:\/\/kingarms.ee\/wp-content\/uploads\/2025\/10\/5055-1-1-1-1-500x500.webp 500w, https:\/\/kingarms.ee\/wp-content\/uploads\/2025\/10\/5055-1-1-1-1.webp 1500w\" sizes=\"auto, (max-width: 300px) 100vw, 300px\" \/><\/p>\n","protected":false},"excerpt":{"rendered":"<p>Crosman R1 on taktinen puoli-\/t\u00e4ysi-automaattinen .177 (4,5 mm) BB-ase, joka k\u00e4ytt\u00e4\u00e4 kahta 12 g CO\u2082-patruunaa, saavuttaa noin 430 fps luotinopeuden, k\u00e4ytt\u00e4\u00e4 irrotettavaa 25 laukauksen lippaata, tarjoaa s\u00e4\u00e4dett\u00e4v\u00e4n AR-tyylisen tuen, useita Picatinny-kiskoja lis\u00e4varusteille ja toimitetaan usein irrotettavien t\u00e4ht\u00e4inten tai punapistet\u00e4ht\u00e4imen kanssa \u2014 nopea ja viihdytt\u00e4v\u00e4 valinta treeniin, plinkkaukseen ja nopeaan maalisuuntaan ampumiseen.<\/p>\n","protected":false},"featured_media":153768,"template":"","meta":{"_acf_changed":false},"product_brand":[],"product_cat":[253,671],"product_tag":[],"class_list":{"0":"post-153773","1":"product","2":"type-product","3":"status-publish","4":"has-post-thumbnail","6":"product_cat-ilmakivaarit-4-5mm","7":"product_cat-automaattiaseet","9":"first","10":"instock","11":"taxable","12":"shipping-taxable","13":"purchasable","14":"product-type-simple"},"acf":[],"_links":{"self":[{"href":"https:\/\/kingarms.ee\/fi\/wp-json\/wp\/v2\/product\/153773","targetHints":{"allow":["GET"]}}],"collection":[{"href":"https:\/\/kingarms.ee\/fi\/wp-json\/wp\/v2\/product"}],"about":[{"href":"https:\/\/kingarms.ee\/fi\/wp-json\/wp\/v2\/types\/product"}],"wp:featuredmedia":[{"embeddable":true,"href":"https:\/\/kingarms.ee\/fi\/wp-json\/wp\/v2\/media\/153768"}],"wp:attachment":[{"href":"https:\/\/kingarms.ee\/fi\/wp-json\/wp\/v2\/media?parent=153773"}],"wp:term":[{"taxonomy":"product_brand","embeddable":true,"href":"https:\/\/kingarms.ee\/fi\/wp-json\/wp\/v2\/product_brand?post=153773"},{"taxonomy":"product_cat","embeddable":true,"href":"https:\/\/kingarms.ee\/fi\/wp-json\/wp\/v2\/product_cat?post=153773"},{"taxonomy":"product_tag","embeddable":true,"href":"https:\/\/kingarms.ee\/fi\/wp-json\/wp\/v2\/product_tag?post=153773"}],"curies":[{"name":"wp","href":"https:\/\/api.w.org\/{rel}","templated":true}]}}