{"id":153798,"date":"2025-10-10T11:54:43","date_gmt":"2025-10-10T08:54:43","guid":{"rendered":"https:\/\/kingarms.ee\/product\/hatsan-airtact-177-full-power-ilmakivaari\/"},"modified":"2025-10-10T11:56:21","modified_gmt":"2025-10-10T08:56:21","slug":"hatsan-airtact-177-full-power-ilmakivaari","status":"publish","type":"product","link":"https:\/\/kingarms.ee\/fi\/product\/hatsan-airtact-177-full-power-ilmakivaari\/","title":{"rendered":"Hatsan AirTact .177 (full power) ilmakiv\u00e4\u00e4ri"},"content":{"rendered":"<p><img loading=\"lazy\" decoding=\"async\" class=\"alignnone size-medium wp-image-153779\" src=\"https:\/\/kingarms.ee\/wp-content\/uploads\/2025\/10\/c4f27b14-590d-11ed-b774-00155d8ed203_89b76538-590e-11ed-b774-00155d8ed203-300x300.jpg\" alt=\"\" width=\"300\" height=\"300\" srcset=\"https:\/\/kingarms.ee\/wp-content\/uploads\/2025\/10\/c4f27b14-590d-11ed-b774-00155d8ed203_89b76538-590e-11ed-b774-00155d8ed203-300x300.jpg 300w, https:\/\/kingarms.ee\/wp-content\/uploads\/2025\/10\/c4f27b14-590d-11ed-b774-00155d8ed203_89b76538-590e-11ed-b774-00155d8ed203-1024x1024.jpg 1024w, https:\/\/kingarms.ee\/wp-content\/uploads\/2025\/10\/c4f27b14-590d-11ed-b774-00155d8ed203_89b76538-590e-11ed-b774-00155d8ed203-150x150.jpg 150w, https:\/\/kingarms.ee\/wp-content\/uploads\/2025\/10\/c4f27b14-590d-11ed-b774-00155d8ed203_89b76538-590e-11ed-b774-00155d8ed203-768x768.jpg 768w, https:\/\/kingarms.ee\/wp-content\/uploads\/2025\/10\/c4f27b14-590d-11ed-b774-00155d8ed203_89b76538-590e-11ed-b774-00155d8ed203-1536x1536.jpg 1536w, https:\/\/kingarms.ee\/wp-content\/uploads\/2025\/10\/c4f27b14-590d-11ed-b774-00155d8ed203_89b76538-590e-11ed-b774-00155d8ed203-500x500.jpg 500w, https:\/\/kingarms.ee\/wp-content\/uploads\/2025\/10\/c4f27b14-590d-11ed-b774-00155d8ed203_89b76538-590e-11ed-b774-00155d8ed203.jpg 2000w\" sizes=\"auto, (max-width: 300px) 100vw, 300px\" \/><\/p>\n","protected":false},"excerpt":{"rendered":"<p>Hatsan AirTact on break-barrel-tyyppinen spring-piston full-power .177 (4,5 mm) ilmakiv\u00e4\u00e4ri, jossa on Hatsanin QuietEnergy-vaimennettu piippu ja riflattu ter\u00e4sputki; riippuen k\u00e4ytetyst\u00e4 pelletist\u00e4 ilmoitetut luotinopeudet voivat olla jopa noin ~1300 fps, varustukseen kuuluu s\u00e4\u00e4dett\u00e4v\u00e4 kaksivaiheinen liipaisin, anti-beartrap-turvallisuus, ambidextriinen synteettinen thumb-hole-tukki ja mukana 4\u00d732-t\u00e4ht\u00e4in \u2014 tehokas ja edullinen valinta harraste- ja tarkkuusammuntaan.<\/p>\n","protected":false},"featured_media":153781,"template":"","meta":{"_acf_changed":false},"product_brand":[],"product_cat":[253,828],"product_tag":[],"class_list":{"0":"post-153798","1":"product","2":"type-product","3":"status-publish","4":"has-post-thumbnail","6":"product_cat-ilmakivaarit-4-5mm","7":"product_cat-tarkka-ampuja-aseet-45mm","9":"first","10":"instock","11":"sale","12":"taxable","13":"shipping-taxable","14":"purchasable","15":"product-type-simple"},"acf":[],"_links":{"self":[{"href":"https:\/\/kingarms.ee\/fi\/wp-json\/wp\/v2\/product\/153798","targetHints":{"allow":["GET"]}}],"collection":[{"href":"https:\/\/kingarms.ee\/fi\/wp-json\/wp\/v2\/product"}],"about":[{"href":"https:\/\/kingarms.ee\/fi\/wp-json\/wp\/v2\/types\/product"}],"wp:featuredmedia":[{"embeddable":true,"href":"https:\/\/kingarms.ee\/fi\/wp-json\/wp\/v2\/media\/153781"}],"wp:attachment":[{"href":"https:\/\/kingarms.ee\/fi\/wp-json\/wp\/v2\/media?parent=153798"}],"wp:term":[{"taxonomy":"product_brand","embeddable":true,"href":"https:\/\/kingarms.ee\/fi\/wp-json\/wp\/v2\/product_brand?post=153798"},{"taxonomy":"product_cat","embeddable":true,"href":"https:\/\/kingarms.ee\/fi\/wp-json\/wp\/v2\/product_cat?post=153798"},{"taxonomy":"product_tag","embeddable":true,"href":"https:\/\/kingarms.ee\/fi\/wp-json\/wp\/v2\/product_tag?post=153798"}],"curies":[{"name":"wp","href":"https:\/\/api.w.org\/{rel}","templated":true}]}}