{"id":153868,"date":"2025-10-10T12:42:51","date_gmt":"2025-10-10T09:42:51","guid":{"rendered":"https:\/\/kingarms.ee\/product\/jousiammuntamaali-495x495x9-cm\/"},"modified":"2025-10-10T12:45:01","modified_gmt":"2025-10-10T09:45:01","slug":"jousiammuntamaali-495x495x9-cm","status":"publish","type":"product","link":"https:\/\/kingarms.ee\/fi\/product\/jousiammuntamaali-495x495x9-cm\/","title":{"rendered":"Jousiammuntamaali 49,5\u00d749,5\u00d79 cm"},"content":{"rendered":"<p><img loading=\"lazy\" decoding=\"async\" class=\"alignnone size-medium wp-image-153859\" src=\"https:\/\/kingarms.ee\/wp-content\/uploads\/2025\/10\/a16c7736-edf3-11ef-aa17-00155d65b41a_9b7dac9c-edf9-11ef-aa17-00155d65b41a-300x300.jpg\" alt=\"\" width=\"300\" height=\"300\" srcset=\"https:\/\/kingarms.ee\/wp-content\/uploads\/2025\/10\/a16c7736-edf3-11ef-aa17-00155d65b41a_9b7dac9c-edf9-11ef-aa17-00155d65b41a-300x300.jpg 300w, https:\/\/kingarms.ee\/wp-content\/uploads\/2025\/10\/a16c7736-edf3-11ef-aa17-00155d65b41a_9b7dac9c-edf9-11ef-aa17-00155d65b41a-150x150.jpg 150w, https:\/\/kingarms.ee\/wp-content\/uploads\/2025\/10\/a16c7736-edf3-11ef-aa17-00155d65b41a_9b7dac9c-edf9-11ef-aa17-00155d65b41a-768x768.jpg 768w, https:\/\/kingarms.ee\/wp-content\/uploads\/2025\/10\/a16c7736-edf3-11ef-aa17-00155d65b41a_9b7dac9c-edf9-11ef-aa17-00155d65b41a-500x500.jpg 500w, https:\/\/kingarms.ee\/wp-content\/uploads\/2025\/10\/a16c7736-edf3-11ef-aa17-00155d65b41a_9b7dac9c-edf9-11ef-aa17-00155d65b41a.jpg 884w\" sizes=\"auto, (max-width: 300px) 100vw, 300px\" \/><\/p>\n","protected":false},"excerpt":{"rendered":"<p>Kest\u00e4v\u00e4 ja kevyt jousiammuntamaali, joka on valmistettu tiiviist\u00e4 itsest\u00e4\u00e4n palautuvasta vaahtomuovista ja mitoiltaan 49,5\u00d749,5\u00d79 cm. Soveltuu jousi- ja varsijousiharjoitteluun, kest\u00e4\u00e4 toistuvat osumat ilman muodonmuutoksia, ja sopii sek\u00e4 sis\u00e4- ett\u00e4 ulkok\u00e4ytt\u00f6\u00f6n \u2014 erinomainen valinta tarkkuuden ja johdonmukaisuuden kehitt\u00e4miseen. <\/p>\n","protected":false},"featured_media":153861,"template":"","meta":{"_acf_changed":false},"product_brand":[],"product_cat":[802],"product_tag":[],"class_list":{"0":"post-153868","1":"product","2":"type-product","3":"status-publish","4":"has-post-thumbnail","6":"product_cat-tarvikkeet-fi","8":"first","9":"instock","10":"taxable","11":"shipping-taxable","12":"purchasable","13":"product-type-simple"},"acf":[],"_links":{"self":[{"href":"https:\/\/kingarms.ee\/fi\/wp-json\/wp\/v2\/product\/153868","targetHints":{"allow":["GET"]}}],"collection":[{"href":"https:\/\/kingarms.ee\/fi\/wp-json\/wp\/v2\/product"}],"about":[{"href":"https:\/\/kingarms.ee\/fi\/wp-json\/wp\/v2\/types\/product"}],"wp:featuredmedia":[{"embeddable":true,"href":"https:\/\/kingarms.ee\/fi\/wp-json\/wp\/v2\/media\/153861"}],"wp:attachment":[{"href":"https:\/\/kingarms.ee\/fi\/wp-json\/wp\/v2\/media?parent=153868"}],"wp:term":[{"taxonomy":"product_brand","embeddable":true,"href":"https:\/\/kingarms.ee\/fi\/wp-json\/wp\/v2\/product_brand?post=153868"},{"taxonomy":"product_cat","embeddable":true,"href":"https:\/\/kingarms.ee\/fi\/wp-json\/wp\/v2\/product_cat?post=153868"},{"taxonomy":"product_tag","embeddable":true,"href":"https:\/\/kingarms.ee\/fi\/wp-json\/wp\/v2\/product_tag?post=153868"}],"curies":[{"name":"wp","href":"https:\/\/api.w.org\/{rel}","templated":true}]}}