{"id":153888,"date":"2025-10-10T13:01:09","date_gmt":"2025-10-10T10:01:09","guid":{"rendered":"https:\/\/kingarms.ee\/product\/ballistol-cold-degreaser-rasvanpoistospray-50-ml\/"},"modified":"2025-10-10T13:02:32","modified_gmt":"2025-10-10T10:02:32","slug":"ballistol-cold-degreaser-rasvanpoistospray-50-ml","status":"publish","type":"product","link":"https:\/\/kingarms.ee\/fi\/product\/ballistol-cold-degreaser-rasvanpoistospray-50-ml\/","title":{"rendered":"Ballistol Cold Degreaser -rasvanpoistospray 50 ml"},"content":{"rendered":"<p><img loading=\"lazy\" decoding=\"async\" class=\"alignnone size-medium wp-image-153881\" src=\"https:\/\/kingarms.ee\/wp-content\/uploads\/2025\/10\/23356-180x300.jpeg\" alt=\"\" width=\"180\" height=\"300\" srcset=\"https:\/\/kingarms.ee\/wp-content\/uploads\/2025\/10\/23356-180x300.jpeg 180w, https:\/\/kingarms.ee\/wp-content\/uploads\/2025\/10\/23356-614x1024.jpeg 614w, https:\/\/kingarms.ee\/wp-content\/uploads\/2025\/10\/23356-768x1280.jpeg 768w, https:\/\/kingarms.ee\/wp-content\/uploads\/2025\/10\/23356-500x833.jpeg 500w, https:\/\/kingarms.ee\/wp-content\/uploads\/2025\/10\/23356-150x250.jpeg 150w, https:\/\/kingarms.ee\/wp-content\/uploads\/2025\/10\/23356.jpeg 840w\" sizes=\"auto, (max-width: 180px) 100vw, 180px\" \/><\/p>\n","protected":false},"excerpt":{"rendered":"<p>Ballistol Cold Degreaser on tehokas kylm\u00e4puhdistusspray metallipinnoille, aseiden ja koneenosien rasvan ja \u00f6ljyn poistoon. 50 ml aerosoli mahdollistaa tarkan levityksen my\u00f6s pienille alueille, haihtuu nopeasti eik\u00e4 j\u00e4t\u00e4 j\u00e4\u00e4mi\u00e4. Sopii erinomaisesti aseiden huoltoon sek\u00e4 pintojen valmisteluun ennen \u00f6ljy\u00e4mist\u00e4, maalausta tai pinnoitusta.   <\/p>\n","protected":false},"featured_media":155133,"template":"","meta":{"_acf_changed":false},"product_brand":[],"product_cat":[335],"product_tag":[],"class_list":{"0":"post-153888","1":"product","2":"type-product","3":"status-publish","4":"has-post-thumbnail","6":"product_cat-aseiden-huolto","8":"first","9":"instock","10":"taxable","11":"shipping-taxable","12":"purchasable","13":"product-type-simple"},"acf":[],"_links":{"self":[{"href":"https:\/\/kingarms.ee\/fi\/wp-json\/wp\/v2\/product\/153888","targetHints":{"allow":["GET"]}}],"collection":[{"href":"https:\/\/kingarms.ee\/fi\/wp-json\/wp\/v2\/product"}],"about":[{"href":"https:\/\/kingarms.ee\/fi\/wp-json\/wp\/v2\/types\/product"}],"wp:featuredmedia":[{"embeddable":true,"href":"https:\/\/kingarms.ee\/fi\/wp-json\/wp\/v2\/media\/155133"}],"wp:attachment":[{"href":"https:\/\/kingarms.ee\/fi\/wp-json\/wp\/v2\/media?parent=153888"}],"wp:term":[{"taxonomy":"product_brand","embeddable":true,"href":"https:\/\/kingarms.ee\/fi\/wp-json\/wp\/v2\/product_brand?post=153888"},{"taxonomy":"product_cat","embeddable":true,"href":"https:\/\/kingarms.ee\/fi\/wp-json\/wp\/v2\/product_cat?post=153888"},{"taxonomy":"product_tag","embeddable":true,"href":"https:\/\/kingarms.ee\/fi\/wp-json\/wp\/v2\/product_tag?post=153888"}],"curies":[{"name":"wp","href":"https:\/\/api.w.org\/{rel}","templated":true}]}}