{"id":153914,"date":"2025-10-10T13:15:56","date_gmt":"2025-10-10T10:15:56","guid":{"rendered":"https:\/\/kingarms.ee\/product\/ballistol-guncer-keraaminen-aseoljyspray-50-ml\/"},"modified":"2025-10-10T13:17:30","modified_gmt":"2025-10-10T10:17:30","slug":"ballistol-guncer-keraaminen-aseoljyspray-50-ml","status":"publish","type":"product","link":"https:\/\/kingarms.ee\/fi\/product\/ballistol-guncer-keraaminen-aseoljyspray-50-ml\/","title":{"rendered":"Ballistol GunCer keraaminen ase\u00f6ljyspray 50 ml"},"content":{"rendered":"<p><img loading=\"lazy\" decoding=\"async\" class=\"alignnone size-medium wp-image-153906\" src=\"https:\/\/kingarms.ee\/wp-content\/uploads\/2025\/10\/22165.2-231x300.jpg\" alt=\"\" width=\"231\" height=\"300\" srcset=\"https:\/\/kingarms.ee\/wp-content\/uploads\/2025\/10\/22165.2-231x300.jpg 231w, https:\/\/kingarms.ee\/wp-content\/uploads\/2025\/10\/22165.2-790x1024.jpg 790w, https:\/\/kingarms.ee\/wp-content\/uploads\/2025\/10\/22165.2-768x996.jpg 768w, https:\/\/kingarms.ee\/wp-content\/uploads\/2025\/10\/22165.2-500x648.jpg 500w, https:\/\/kingarms.ee\/wp-content\/uploads\/2025\/10\/22165.2-150x195.jpg 150w, https:\/\/kingarms.ee\/wp-content\/uploads\/2025\/10\/22165.2.jpg 866w\" sizes=\"auto, (max-width: 231px) 100vw, 231px\" \/><\/p>\n","protected":false},"excerpt":{"rendered":"<p>Ballistol GunCer on korkealaatuinen keraamiseen teknologiaan perustuva ase\u00f6ljy, joka tarjoaa pitk\u00e4kestoisen voitelun ja suojan \u00e4\u00e4rimm\u00e4isiss\u00e4 olosuhteissa \u201340 \u00b0C:sta +210 \u00b0C:een. Keraamiset mikropartikkelit v\u00e4hent\u00e4v\u00e4t kitkaa ja kulumista, varmistavat pehme\u00e4n toiminnan ja parantavat tarkkuutta. 50 ml aerosoli mahdollistaa tarkan levityksen ja soveltuu kaikille aseille, ilmakiv\u00e4\u00e4reille ja urheiluaseille. Ei sis\u00e4ll\u00e4 silikonia eik\u00e4 PTFE:t\u00e4.   <\/p>\n","protected":false},"featured_media":155139,"template":"","meta":{"_acf_changed":false},"product_brand":[],"product_cat":[335],"product_tag":[],"class_list":{"0":"post-153914","1":"product","2":"type-product","3":"status-publish","4":"has-post-thumbnail","6":"product_cat-aseiden-huolto","8":"first","9":"instock","10":"taxable","11":"shipping-taxable","12":"purchasable","13":"product-type-simple"},"acf":[],"_links":{"self":[{"href":"https:\/\/kingarms.ee\/fi\/wp-json\/wp\/v2\/product\/153914","targetHints":{"allow":["GET"]}}],"collection":[{"href":"https:\/\/kingarms.ee\/fi\/wp-json\/wp\/v2\/product"}],"about":[{"href":"https:\/\/kingarms.ee\/fi\/wp-json\/wp\/v2\/types\/product"}],"wp:featuredmedia":[{"embeddable":true,"href":"https:\/\/kingarms.ee\/fi\/wp-json\/wp\/v2\/media\/155139"}],"wp:attachment":[{"href":"https:\/\/kingarms.ee\/fi\/wp-json\/wp\/v2\/media?parent=153914"}],"wp:term":[{"taxonomy":"product_brand","embeddable":true,"href":"https:\/\/kingarms.ee\/fi\/wp-json\/wp\/v2\/product_brand?post=153914"},{"taxonomy":"product_cat","embeddable":true,"href":"https:\/\/kingarms.ee\/fi\/wp-json\/wp\/v2\/product_cat?post=153914"},{"taxonomy":"product_tag","embeddable":true,"href":"https:\/\/kingarms.ee\/fi\/wp-json\/wp\/v2\/product_tag?post=153914"}],"curies":[{"name":"wp","href":"https:\/\/api.w.org\/{rel}","templated":true}]}}