{"id":153954,"date":"2025-10-10T13:32:50","date_gmt":"2025-10-10T10:32:50","guid":{"rendered":"https:\/\/kingarms.ee\/product\/ballistol-gunex-erikoisaseoljy-spray-400-ml\/"},"modified":"2025-10-10T13:34:03","modified_gmt":"2025-10-10T10:34:03","slug":"ballistol-gunex-erikoisaseoljy-spray-400-ml","status":"publish","type":"product","link":"https:\/\/kingarms.ee\/fi\/product\/ballistol-gunex-erikoisaseoljy-spray-400-ml\/","title":{"rendered":"Ballistol Gunex erikoisase\u00f6ljy spray 400 ml"},"content":{"rendered":"<p><img loading=\"lazy\" decoding=\"async\" class=\"alignnone size-medium wp-image-153946\" src=\"https:\/\/kingarms.ee\/wp-content\/uploads\/2025\/10\/Ballistol_Gunex_gun_oil_spray_400_ml_01-101x300.jpg\" alt=\"\" width=\"101\" height=\"300\" srcset=\"https:\/\/kingarms.ee\/wp-content\/uploads\/2025\/10\/Ballistol_Gunex_gun_oil_spray_400_ml_01-101x300.jpg 101w, https:\/\/kingarms.ee\/wp-content\/uploads\/2025\/10\/Ballistol_Gunex_gun_oil_spray_400_ml_01-150x445.jpg 150w, https:\/\/kingarms.ee\/wp-content\/uploads\/2025\/10\/Ballistol_Gunex_gun_oil_spray_400_ml_01.jpg 301w\" sizes=\"auto, (max-width: 101px) 100vw, 101px\" \/><\/p>\n","protected":false},"excerpt":{"rendered":"<p>Ballistol Gunex on ammattitason erikoisase\u00f6ljy, joka tarjoaa pitk\u00e4kestoisen voitelun ja korroosiosuojan jopa \u201350 \u00b0C asti. Se tunkeutuu tehokkaasti mekanismeihin, syrj\u00e4ytt\u00e4\u00e4 kosteuden, poistaa ep\u00e4puhtaudet ja j\u00e4tt\u00e4\u00e4 ohuen suojakalvon, joka est\u00e4\u00e4 ruosteen muodostumisen ja takaa osien pehme\u00e4n toiminnan. 400 ml aerosoli sopii s\u00e4\u00e4nn\u00f6lliseen aseiden ja metallipintojen huoltoon. Ei sis\u00e4ll\u00e4 silikonia eik\u00e4 PTFE:t\u00e4, turvallinen kaikille metalleille.   <\/p>\n","protected":false},"featured_media":153948,"template":"","meta":{"_acf_changed":false},"product_brand":[],"product_cat":[335],"product_tag":[],"class_list":{"0":"post-153954","1":"product","2":"type-product","3":"status-publish","4":"has-post-thumbnail","6":"product_cat-aseiden-huolto","8":"first","9":"instock","10":"sale","11":"taxable","12":"shipping-taxable","13":"purchasable","14":"product-type-simple"},"acf":[],"_links":{"self":[{"href":"https:\/\/kingarms.ee\/fi\/wp-json\/wp\/v2\/product\/153954","targetHints":{"allow":["GET"]}}],"collection":[{"href":"https:\/\/kingarms.ee\/fi\/wp-json\/wp\/v2\/product"}],"about":[{"href":"https:\/\/kingarms.ee\/fi\/wp-json\/wp\/v2\/types\/product"}],"wp:featuredmedia":[{"embeddable":true,"href":"https:\/\/kingarms.ee\/fi\/wp-json\/wp\/v2\/media\/153948"}],"wp:attachment":[{"href":"https:\/\/kingarms.ee\/fi\/wp-json\/wp\/v2\/media?parent=153954"}],"wp:term":[{"taxonomy":"product_brand","embeddable":true,"href":"https:\/\/kingarms.ee\/fi\/wp-json\/wp\/v2\/product_brand?post=153954"},{"taxonomy":"product_cat","embeddable":true,"href":"https:\/\/kingarms.ee\/fi\/wp-json\/wp\/v2\/product_cat?post=153954"},{"taxonomy":"product_tag","embeddable":true,"href":"https:\/\/kingarms.ee\/fi\/wp-json\/wp\/v2\/product_tag?post=153954"}],"curies":[{"name":"wp","href":"https:\/\/api.w.org\/{rel}","templated":true}]}}