{"id":154074,"date":"2025-10-10T14:18:27","date_gmt":"2025-10-10T11:18:27","guid":{"rendered":"https:\/\/kingarms.ee\/product\/borner-predator-elite-co%e2%82%82-pistooli-kaliiperi-45-mm-177\/"},"modified":"2025-10-10T14:20:09","modified_gmt":"2025-10-10T11:20:09","slug":"borner-predator-elite-co%e2%82%82-pistooli-kaliiperi-45-mm-177","status":"publish","type":"product","link":"https:\/\/kingarms.ee\/fi\/product\/borner-predator-elite-co%e2%82%82-pistooli-kaliiperi-45-mm-177\/","title":{"rendered":"BORNER Predator Elite CO\u2082-pistooli, kaliiperi 4,5 mm (.177)"},"content":{"rendered":"<p><img loading=\"lazy\" decoding=\"async\" class=\"alignnone size-medium wp-image-154049\" src=\"https:\/\/kingarms.ee\/wp-content\/uploads\/2025\/10\/eng_pl_Borner-Predator-Elite-Blow-Back-4-5-mm-CO2-Air-Pistol-11-2022-124038_1-300x300.webp\" alt=\"\" width=\"300\" height=\"300\" srcset=\"https:\/\/kingarms.ee\/wp-content\/uploads\/2025\/10\/eng_pl_Borner-Predator-Elite-Blow-Back-4-5-mm-CO2-Air-Pistol-11-2022-124038_1-300x300.webp 300w, https:\/\/kingarms.ee\/wp-content\/uploads\/2025\/10\/eng_pl_Borner-Predator-Elite-Blow-Back-4-5-mm-CO2-Air-Pistol-11-2022-124038_1-1024x1024.webp 1024w, https:\/\/kingarms.ee\/wp-content\/uploads\/2025\/10\/eng_pl_Borner-Predator-Elite-Blow-Back-4-5-mm-CO2-Air-Pistol-11-2022-124038_1-150x150.webp 150w, https:\/\/kingarms.ee\/wp-content\/uploads\/2025\/10\/eng_pl_Borner-Predator-Elite-Blow-Back-4-5-mm-CO2-Air-Pistol-11-2022-124038_1-768x768.webp 768w, https:\/\/kingarms.ee\/wp-content\/uploads\/2025\/10\/eng_pl_Borner-Predator-Elite-Blow-Back-4-5-mm-CO2-Air-Pistol-11-2022-124038_1-500x500.webp 500w, https:\/\/kingarms.ee\/wp-content\/uploads\/2025\/10\/eng_pl_Borner-Predator-Elite-Blow-Back-4-5-mm-CO2-Air-Pistol-11-2022-124038_1.webp 1200w\" sizes=\"auto, (max-width: 300px) 100vw, 300px\" \/><\/p>\n","protected":false},"excerpt":{"rendered":"<p>BORNER Predator Elite on realistinen Colt 1911 -tyylinen CO\u2082-pistooli kaliiperilla 4,5 mm (.177), joka ampuu ter\u00e4skuulia (BB); se k\u00e4ytt\u00e4\u00e4 12 g CO\u2082-kapseleita, sis\u00e4lt\u00e4\u00e4 blowback-toiminnon aidon tuntuman saavuttamiseksi, ladataan irrotettavalla noin 19 laukauksen lipasella, saavuttaa noin 120 m\/s (~394 fps) luotinopeuden ja noin 3 J energiaa, siin\u00e4 on metallinen liipaisinosa\/metallinen slide ja osin metallinen runko, paino n. 1,1 kg \u2014 sopii hyvin harrastesukellukseen ja realistisiin harjoituksiin.<\/p>\n","protected":false},"featured_media":154051,"template":"","meta":{"_acf_changed":false},"product_brand":[],"product_cat":[672],"product_tag":[],"class_list":{"0":"post-154074","1":"product","2":"type-product","3":"status-publish","4":"has-post-thumbnail","6":"product_cat-pienaseet","8":"first","9":"instock","10":"taxable","11":"shipping-taxable","12":"purchasable","13":"product-type-simple"},"acf":[],"_links":{"self":[{"href":"https:\/\/kingarms.ee\/fi\/wp-json\/wp\/v2\/product\/154074","targetHints":{"allow":["GET"]}}],"collection":[{"href":"https:\/\/kingarms.ee\/fi\/wp-json\/wp\/v2\/product"}],"about":[{"href":"https:\/\/kingarms.ee\/fi\/wp-json\/wp\/v2\/types\/product"}],"wp:featuredmedia":[{"embeddable":true,"href":"https:\/\/kingarms.ee\/fi\/wp-json\/wp\/v2\/media\/154051"}],"wp:attachment":[{"href":"https:\/\/kingarms.ee\/fi\/wp-json\/wp\/v2\/media?parent=154074"}],"wp:term":[{"taxonomy":"product_brand","embeddable":true,"href":"https:\/\/kingarms.ee\/fi\/wp-json\/wp\/v2\/product_brand?post=154074"},{"taxonomy":"product_cat","embeddable":true,"href":"https:\/\/kingarms.ee\/fi\/wp-json\/wp\/v2\/product_cat?post=154074"},{"taxonomy":"product_tag","embeddable":true,"href":"https:\/\/kingarms.ee\/fi\/wp-json\/wp\/v2\/product_tag?post=154074"}],"curies":[{"name":"wp","href":"https:\/\/api.w.org\/{rel}","templated":true}]}}