{"id":154092,"date":"2025-10-10T14:26:47","date_gmt":"2025-10-10T11:26:47","guid":{"rendered":"https:\/\/kingarms.ee\/product\/crosman-cm9b-mako-co%e2%82%82-pistooli-kaliiperi-45-mm-177\/"},"modified":"2025-10-10T14:28:06","modified_gmt":"2025-10-10T11:28:06","slug":"crosman-cm9b-mako-co%e2%82%82-pistooli-kaliiperi-45-mm-177","status":"publish","type":"product","link":"https:\/\/kingarms.ee\/fi\/product\/crosman-cm9b-mako-co%e2%82%82-pistooli-kaliiperi-45-mm-177\/","title":{"rendered":"Crosman CM9B Mako CO\u2082-pistooli, kaliiperi 4,5 mm (.177)"},"content":{"rendered":"<p><img loading=\"lazy\" decoding=\"async\" class=\"alignnone size-medium wp-image-154085\" src=\"https:\/\/kingarms.ee\/wp-content\/uploads\/2025\/10\/0765786b-85c5-11e9-8589-001e67ad91cb_bf07b3d7-a8c3-11eb-8fa2-00155dd95b07-300x300.png\" alt=\"\" width=\"300\" height=\"300\" srcset=\"https:\/\/kingarms.ee\/wp-content\/uploads\/2025\/10\/0765786b-85c5-11e9-8589-001e67ad91cb_bf07b3d7-a8c3-11eb-8fa2-00155dd95b07-300x300.png 300w, https:\/\/kingarms.ee\/wp-content\/uploads\/2025\/10\/0765786b-85c5-11e9-8589-001e67ad91cb_bf07b3d7-a8c3-11eb-8fa2-00155dd95b07-1024x1024.png 1024w, https:\/\/kingarms.ee\/wp-content\/uploads\/2025\/10\/0765786b-85c5-11e9-8589-001e67ad91cb_bf07b3d7-a8c3-11eb-8fa2-00155dd95b07-150x150.png 150w, https:\/\/kingarms.ee\/wp-content\/uploads\/2025\/10\/0765786b-85c5-11e9-8589-001e67ad91cb_bf07b3d7-a8c3-11eb-8fa2-00155dd95b07-768x768.png 768w, https:\/\/kingarms.ee\/wp-content\/uploads\/2025\/10\/0765786b-85c5-11e9-8589-001e67ad91cb_bf07b3d7-a8c3-11eb-8fa2-00155dd95b07-1536x1536.png 1536w, https:\/\/kingarms.ee\/wp-content\/uploads\/2025\/10\/0765786b-85c5-11e9-8589-001e67ad91cb_bf07b3d7-a8c3-11eb-8fa2-00155dd95b07-500x500.png 500w, https:\/\/kingarms.ee\/wp-content\/uploads\/2025\/10\/0765786b-85c5-11e9-8589-001e67ad91cb_bf07b3d7-a8c3-11eb-8fa2-00155dd95b07.png 1950w\" sizes=\"auto, (max-width: 300px) 100vw, 300px\" \/><\/p>\n","protected":false},"excerpt":{"rendered":"<p>Crosman CM9B Mako on Beretta-tyylinen CO\u2082-puoliautomaattinen BB-pistooli kaliiperilla .177 (4,5 mm), joka k\u00e4ytt\u00e4\u00e4 yht\u00e4 12 g CO\u2082-patruunaa ja irrotettavaa ~20 laukauksen lipasta; siin\u00e4 on blowback-toiminto aidon tuntuman antamiseksi, metallinen liipaisinosa ja ter\u00e4spiippu (smoothbore), fiber-optic-t\u00e4ht\u00e4imet sek\u00e4 Picatinny-kisko lis\u00e4varusteille, ja ilmoitettu luotinopeus on mallista ja BB:st\u00e4 riippuen noin 400\u2013425 fps \u2014 toimiva ja edullinen valinta plinkkaukseen ja harjoitteluun.<\/p>\n","protected":false},"featured_media":154087,"template":"","meta":{"_acf_changed":false},"product_brand":[],"product_cat":[672],"product_tag":[],"class_list":{"0":"post-154092","1":"product","2":"type-product","3":"status-publish","4":"has-post-thumbnail","6":"product_cat-pienaseet","8":"first","9":"instock","10":"taxable","11":"shipping-taxable","12":"purchasable","13":"product-type-simple"},"acf":[],"_links":{"self":[{"href":"https:\/\/kingarms.ee\/fi\/wp-json\/wp\/v2\/product\/154092","targetHints":{"allow":["GET"]}}],"collection":[{"href":"https:\/\/kingarms.ee\/fi\/wp-json\/wp\/v2\/product"}],"about":[{"href":"https:\/\/kingarms.ee\/fi\/wp-json\/wp\/v2\/types\/product"}],"wp:featuredmedia":[{"embeddable":true,"href":"https:\/\/kingarms.ee\/fi\/wp-json\/wp\/v2\/media\/154087"}],"wp:attachment":[{"href":"https:\/\/kingarms.ee\/fi\/wp-json\/wp\/v2\/media?parent=154092"}],"wp:term":[{"taxonomy":"product_brand","embeddable":true,"href":"https:\/\/kingarms.ee\/fi\/wp-json\/wp\/v2\/product_brand?post=154092"},{"taxonomy":"product_cat","embeddable":true,"href":"https:\/\/kingarms.ee\/fi\/wp-json\/wp\/v2\/product_cat?post=154092"},{"taxonomy":"product_tag","embeddable":true,"href":"https:\/\/kingarms.ee\/fi\/wp-json\/wp\/v2\/product_tag?post=154092"}],"curies":[{"name":"wp","href":"https:\/\/api.w.org\/{rel}","templated":true}]}}