{"id":154144,"date":"2025-10-10T14:54:22","date_gmt":"2025-10-10T11:54:22","guid":{"rendered":"https:\/\/kingarms.ee\/product\/taljajousi-man-kung-mk-cb55sb-55-paunaa\/"},"modified":"2025-10-10T14:55:43","modified_gmt":"2025-10-10T11:55:43","slug":"taljajousi-man-kung-mk-cb55sb-55-paunaa","status":"publish","type":"product","link":"https:\/\/kingarms.ee\/fi\/product\/taljajousi-man-kung-mk-cb55sb-55-paunaa\/","title":{"rendered":"Taljajousi Man Kung MK-CB55SB 55 paunaa"},"content":{"rendered":"<p><img loading=\"lazy\" decoding=\"async\" class=\"alignnone size-medium wp-image-154136\" src=\"https:\/\/kingarms.ee\/wp-content\/uploads\/2025\/10\/mk-cb55sb-1-1-1024x1024.png-300x300.webp\" alt=\"\" width=\"300\" height=\"300\" srcset=\"https:\/\/kingarms.ee\/wp-content\/uploads\/2025\/10\/mk-cb55sb-1-1-1024x1024.png-300x300.webp 300w, https:\/\/kingarms.ee\/wp-content\/uploads\/2025\/10\/mk-cb55sb-1-1-1024x1024.png-150x150.webp 150w, https:\/\/kingarms.ee\/wp-content\/uploads\/2025\/10\/mk-cb55sb-1-1-1024x1024.png-768x768.webp 768w, https:\/\/kingarms.ee\/wp-content\/uploads\/2025\/10\/mk-cb55sb-1-1-1024x1024.png-500x500.webp 500w, https:\/\/kingarms.ee\/wp-content\/uploads\/2025\/10\/mk-cb55sb-1-1-1024x1024.png.webp 1024w\" sizes=\"auto, (max-width: 300px) 100vw, 300px\" \/><\/p>\n","protected":false},"excerpt":{"rendered":"<p>Man Kung MK-CB55SB on tehokas ja tarkka taljajousi, joka sopii sek\u00e4 aloittelijoille ett\u00e4 kokeneille ampujille. S\u00e4\u00e4dett\u00e4v\u00e4 vetovastus 40\u201355 paunaa ja vetopituus 27\u201329 tuumaa mahdollistavat jopa 206 fps (noin 63 m\/s) nopeuden. Alumiinirunko ja lasikuituvarret tekev\u00e4t jousesta kevyen ja kest\u00e4v\u00e4n. Pakkaus sis\u00e4lt\u00e4\u00e4 jousen, j\u00e4nteen, t\u00e4ht\u00e4imen ja nuolihyllyn. Erinomainen valinta harjoitteluun ja urheiluammuntaan.   <\/p>\n","protected":false},"featured_media":154138,"template":"","meta":{"_acf_changed":false},"product_brand":[],"product_cat":[803],"product_tag":[],"class_list":{"0":"post-154144","1":"product","2":"type-product","3":"status-publish","4":"has-post-thumbnail","6":"product_cat-jouset","8":"first","9":"instock","10":"sale","11":"taxable","12":"shipping-taxable","13":"purchasable","14":"product-type-simple"},"acf":[],"_links":{"self":[{"href":"https:\/\/kingarms.ee\/fi\/wp-json\/wp\/v2\/product\/154144","targetHints":{"allow":["GET"]}}],"collection":[{"href":"https:\/\/kingarms.ee\/fi\/wp-json\/wp\/v2\/product"}],"about":[{"href":"https:\/\/kingarms.ee\/fi\/wp-json\/wp\/v2\/types\/product"}],"wp:featuredmedia":[{"embeddable":true,"href":"https:\/\/kingarms.ee\/fi\/wp-json\/wp\/v2\/media\/154138"}],"wp:attachment":[{"href":"https:\/\/kingarms.ee\/fi\/wp-json\/wp\/v2\/media?parent=154144"}],"wp:term":[{"taxonomy":"product_brand","embeddable":true,"href":"https:\/\/kingarms.ee\/fi\/wp-json\/wp\/v2\/product_brand?post=154144"},{"taxonomy":"product_cat","embeddable":true,"href":"https:\/\/kingarms.ee\/fi\/wp-json\/wp\/v2\/product_cat?post=154144"},{"taxonomy":"product_tag","embeddable":true,"href":"https:\/\/kingarms.ee\/fi\/wp-json\/wp\/v2\/product_tag?post=154144"}],"curies":[{"name":"wp","href":"https:\/\/api.w.org\/{rel}","templated":true}]}}