{"id":154164,"date":"2025-10-10T15:06:09","date_gmt":"2025-10-10T12:06:09","guid":{"rendered":"https:\/\/kingarms.ee\/product\/crosman-dpms-sbr-vara-lippa-25-patruunaa-2x12-g-co%e2%82%82\/"},"modified":"2025-10-10T15:07:32","modified_gmt":"2025-10-10T12:07:32","slug":"crosman-dpms-sbr-vara-lippa-25-patruunaa-2x12-g-co%e2%82%82","status":"publish","type":"product","link":"https:\/\/kingarms.ee\/fi\/product\/crosman-dpms-sbr-vara-lippa-25-patruunaa-2x12-g-co%e2%82%82\/","title":{"rendered":"Crosman DPMS SBR vara-lippa (25 patruunaa, 2\u00d712 g CO\u2082)"},"content":{"rendered":"<p><img loading=\"lazy\" decoding=\"async\" class=\"alignnone size-medium wp-image-154149\" src=\"https:\/\/kingarms.ee\/wp-content\/uploads\/2025\/10\/a9ef74cad34611ebbaa700155dfa8628_1-800x800-1-300x300.jpg\" alt=\"\" width=\"300\" height=\"300\" srcset=\"https:\/\/kingarms.ee\/wp-content\/uploads\/2025\/10\/a9ef74cad34611ebbaa700155dfa8628_1-800x800-1-300x300.jpg 300w, https:\/\/kingarms.ee\/wp-content\/uploads\/2025\/10\/a9ef74cad34611ebbaa700155dfa8628_1-800x800-1-150x150.jpg 150w, https:\/\/kingarms.ee\/wp-content\/uploads\/2025\/10\/a9ef74cad34611ebbaa700155dfa8628_1-800x800-1-768x768.jpg 768w, https:\/\/kingarms.ee\/wp-content\/uploads\/2025\/10\/a9ef74cad34611ebbaa700155dfa8628_1-800x800-1-500x500.jpg 500w, https:\/\/kingarms.ee\/wp-content\/uploads\/2025\/10\/a9ef74cad34611ebbaa700155dfa8628_1-800x800-1.jpg 800w\" sizes=\"auto, (max-width: 300px) 100vw, 300px\" \/><\/p>\n","protected":false},"excerpt":{"rendered":"<p>Vara-lippa Crosman DPMS SBR BB-aseelle; 25 .177 (4,5 mm) BB:n kapasiteetti, kaksi 12 g CO\u2082-patruunapaikkaa (CO\u2082 ei sis\u00e4lly), drop-free AR-tyyppinen muotoilu mahdollistaa nopean vaihdon ja helpon latauksen; kest\u00e4v\u00e4n rakenteen ansiosta sopii harjoitteluun ja seurak\u00e4ytt\u00f6\u00f6n.<\/p>\n","protected":false},"featured_media":154151,"template":"","meta":{"_acf_changed":false},"product_brand":[],"product_cat":[276],"product_tag":[],"class_list":{"0":"post-154164","1":"product","2":"type-product","3":"status-publish","4":"has-post-thumbnail","6":"product_cat-varaosat","8":"first","9":"instock","10":"taxable","11":"shipping-taxable","12":"purchasable","13":"product-type-simple"},"acf":[],"_links":{"self":[{"href":"https:\/\/kingarms.ee\/fi\/wp-json\/wp\/v2\/product\/154164","targetHints":{"allow":["GET"]}}],"collection":[{"href":"https:\/\/kingarms.ee\/fi\/wp-json\/wp\/v2\/product"}],"about":[{"href":"https:\/\/kingarms.ee\/fi\/wp-json\/wp\/v2\/types\/product"}],"wp:featuredmedia":[{"embeddable":true,"href":"https:\/\/kingarms.ee\/fi\/wp-json\/wp\/v2\/media\/154151"}],"wp:attachment":[{"href":"https:\/\/kingarms.ee\/fi\/wp-json\/wp\/v2\/media?parent=154164"}],"wp:term":[{"taxonomy":"product_brand","embeddable":true,"href":"https:\/\/kingarms.ee\/fi\/wp-json\/wp\/v2\/product_brand?post=154164"},{"taxonomy":"product_cat","embeddable":true,"href":"https:\/\/kingarms.ee\/fi\/wp-json\/wp\/v2\/product_cat?post=154164"},{"taxonomy":"product_tag","embeddable":true,"href":"https:\/\/kingarms.ee\/fi\/wp-json\/wp\/v2\/product_tag?post=154164"}],"curies":[{"name":"wp","href":"https:\/\/api.w.org\/{rel}","templated":true}]}}