{"id":154176,"date":"2025-10-10T15:13:53","date_gmt":"2025-10-10T12:13:53","guid":{"rendered":"https:\/\/kingarms.ee\/product\/pikaliitin-uros-1-8-npt-ruostumattomasta-teraksesta\/"},"modified":"2025-10-10T15:15:22","modified_gmt":"2025-10-10T12:15:22","slug":"pikaliitin-uros-1-8-npt-ruostumattomasta-teraksesta","status":"publish","type":"product","link":"https:\/\/kingarms.ee\/fi\/product\/pikaliitin-uros-1-8-npt-ruostumattomasta-teraksesta\/","title":{"rendered":"Pikaliitin (uros) 1\/8 NPT ruostumattomasta ter\u00e4ksest\u00e4"},"content":{"rendered":"<p><img loading=\"lazy\" decoding=\"async\" class=\"alignnone size-medium wp-image-154169\" src=\"https:\/\/kingarms.ee\/wp-content\/uploads\/2025\/10\/perehodnik-kvik-mama-1-8-coral-bh-kf-1700062634-10-300x247.jpg\" alt=\"\" width=\"300\" height=\"247\" srcset=\"https:\/\/kingarms.ee\/wp-content\/uploads\/2025\/10\/perehodnik-kvik-mama-1-8-coral-bh-kf-1700062634-10-300x247.jpg 300w, https:\/\/kingarms.ee\/wp-content\/uploads\/2025\/10\/perehodnik-kvik-mama-1-8-coral-bh-kf-1700062634-10-1024x843.jpg 1024w, https:\/\/kingarms.ee\/wp-content\/uploads\/2025\/10\/perehodnik-kvik-mama-1-8-coral-bh-kf-1700062634-10-768x632.jpg 768w, https:\/\/kingarms.ee\/wp-content\/uploads\/2025\/10\/perehodnik-kvik-mama-1-8-coral-bh-kf-1700062634-10-1536x1265.jpg 1536w, https:\/\/kingarms.ee\/wp-content\/uploads\/2025\/10\/perehodnik-kvik-mama-1-8-coral-bh-kf-1700062634-10-2048x1687.jpg 2048w, https:\/\/kingarms.ee\/wp-content\/uploads\/2025\/10\/perehodnik-kvik-mama-1-8-coral-bh-kf-1700062634-10-500x412.jpg 500w, https:\/\/kingarms.ee\/wp-content\/uploads\/2025\/10\/perehodnik-kvik-mama-1-8-coral-bh-kf-1700062634-10-150x124.jpg 150w\" sizes=\"auto, (max-width: 300px) 100vw, 300px\" \/><\/p>\n","protected":false},"excerpt":{"rendered":"<p>Pikaliitin (uros) 1\/8 NPT ruostumattomasta ter\u00e4ksest\u00e4 Borner \/ Remington -pumpulle (yhteensopiva Hatsanin kanssa) \u2014 Korkealaatuinen 1\/8 NPT -kierteinen urosliitin, valmistettu ruostumattomasta ter\u00e4ksest\u00e4, sopii Bornerin ja Remingtonin PCP-pumppuihin ja on yhteensopiva my\u00f6s Hatsanin j\u00e4rjestelmien kanssa. Tarjoaa tiiviin ja kest\u00e4v\u00e4n liitoksen korkeapaineilmaj\u00e4rjestelmiss\u00e4, mahdollistaen nopean ja turvallisen letkun kiinnityksen tai irrotuksen t\u00e4yt\u00f6n aikana.  <\/p>\n","protected":false},"featured_media":154171,"template":"","meta":{"_acf_changed":false},"product_brand":[],"product_cat":[276],"product_tag":[],"class_list":{"0":"post-154176","1":"product","2":"type-product","3":"status-publish","4":"has-post-thumbnail","6":"product_cat-varaosat","8":"first","9":"instock","10":"taxable","11":"shipping-taxable","12":"purchasable","13":"product-type-simple"},"acf":[],"_links":{"self":[{"href":"https:\/\/kingarms.ee\/fi\/wp-json\/wp\/v2\/product\/154176","targetHints":{"allow":["GET"]}}],"collection":[{"href":"https:\/\/kingarms.ee\/fi\/wp-json\/wp\/v2\/product"}],"about":[{"href":"https:\/\/kingarms.ee\/fi\/wp-json\/wp\/v2\/types\/product"}],"wp:featuredmedia":[{"embeddable":true,"href":"https:\/\/kingarms.ee\/fi\/wp-json\/wp\/v2\/media\/154171"}],"wp:attachment":[{"href":"https:\/\/kingarms.ee\/fi\/wp-json\/wp\/v2\/media?parent=154176"}],"wp:term":[{"taxonomy":"product_brand","embeddable":true,"href":"https:\/\/kingarms.ee\/fi\/wp-json\/wp\/v2\/product_brand?post=154176"},{"taxonomy":"product_cat","embeddable":true,"href":"https:\/\/kingarms.ee\/fi\/wp-json\/wp\/v2\/product_cat?post=154176"},{"taxonomy":"product_tag","embeddable":true,"href":"https:\/\/kingarms.ee\/fi\/wp-json\/wp\/v2\/product_tag?post=154176"}],"curies":[{"name":"wp","href":"https:\/\/api.w.org\/{rel}","templated":true}]}}