{"id":154192,"date":"2025-10-10T16:38:15","date_gmt":"2025-10-10T13:38:15","guid":{"rendered":"https:\/\/kingarms.ee\/product\/metallinen-plinking-maali-ilmakivaareille\/"},"modified":"2025-10-10T16:40:38","modified_gmt":"2025-10-10T13:40:38","slug":"metallinen-plinking-maali-ilmakivaareille","status":"publish","type":"product","link":"https:\/\/kingarms.ee\/fi\/product\/metallinen-plinking-maali-ilmakivaareille\/","title":{"rendered":"Metallinen plinking-maali ilmakiv\u00e4\u00e4reille"},"content":{"rendered":"<p><img loading=\"lazy\" decoding=\"async\" class=\"alignnone size-medium wp-image-154185\" src=\"https:\/\/kingarms.ee\/wp-content\/uploads\/2025\/10\/PT-57079-300x300.jpg\" alt=\"\" width=\"300\" height=\"300\" srcset=\"https:\/\/kingarms.ee\/wp-content\/uploads\/2025\/10\/PT-57079-300x300.jpg 300w, https:\/\/kingarms.ee\/wp-content\/uploads\/2025\/10\/PT-57079-150x150.jpg 150w, https:\/\/kingarms.ee\/wp-content\/uploads\/2025\/10\/PT-57079-768x768.jpg 768w, https:\/\/kingarms.ee\/wp-content\/uploads\/2025\/10\/PT-57079-500x500.jpg 500w, https:\/\/kingarms.ee\/wp-content\/uploads\/2025\/10\/PT-57079.jpg 1000w\" sizes=\"auto, (max-width: 300px) 100vw, 300px\" \/><\/p>\n","protected":false},"excerpt":{"rendered":"<p>Metallinen plinking-maali ilmakiv\u00e4\u00e4reille \u2014 kest\u00e4v\u00e4 ja vakaa maali, joka sopii t\u00e4ydellisesti ilmakiv\u00e4\u00e4rill\u00e4 harjoitteluun ja viihdeammuntaan. Valmistettu vahvistetusta metallista, kest\u00e4\u00e4 toistuvat osumat ilman muodonmuutoksia. Erinomainen valinta tarkkuuden parantamiseen tai hauskaan harjoitteluun kotona tai ulkona. Sopii 4,5 mm ja 6 mm haulille, helppo asentaa ja k\u00e4ytt\u00e4\u00e4 sis\u00e4ll\u00e4 tai ulkona.    <\/p>\n","protected":false},"featured_media":154187,"template":"","meta":{"_acf_changed":false},"product_brand":[],"product_cat":[310],"product_tag":[],"class_list":{"0":"post-154192","1":"product","2":"type-product","3":"status-publish","4":"has-post-thumbnail","6":"product_cat-tavoitteet","8":"first","9":"instock","10":"taxable","11":"shipping-taxable","12":"purchasable","13":"product-type-simple"},"acf":[],"_links":{"self":[{"href":"https:\/\/kingarms.ee\/fi\/wp-json\/wp\/v2\/product\/154192","targetHints":{"allow":["GET"]}}],"collection":[{"href":"https:\/\/kingarms.ee\/fi\/wp-json\/wp\/v2\/product"}],"about":[{"href":"https:\/\/kingarms.ee\/fi\/wp-json\/wp\/v2\/types\/product"}],"wp:featuredmedia":[{"embeddable":true,"href":"https:\/\/kingarms.ee\/fi\/wp-json\/wp\/v2\/media\/154187"}],"wp:attachment":[{"href":"https:\/\/kingarms.ee\/fi\/wp-json\/wp\/v2\/media?parent=154192"}],"wp:term":[{"taxonomy":"product_brand","embeddable":true,"href":"https:\/\/kingarms.ee\/fi\/wp-json\/wp\/v2\/product_brand?post=154192"},{"taxonomy":"product_cat","embeddable":true,"href":"https:\/\/kingarms.ee\/fi\/wp-json\/wp\/v2\/product_cat?post=154192"},{"taxonomy":"product_tag","embeddable":true,"href":"https:\/\/kingarms.ee\/fi\/wp-json\/wp\/v2\/product_tag?post=154192"}],"curies":[{"name":"wp","href":"https:\/\/api.w.org\/{rel}","templated":true}]}}