{"id":154245,"date":"2025-10-13T12:54:09","date_gmt":"2025-10-13T09:54:09","guid":{"rendered":"https:\/\/kingarms.ee\/product\/pippurisuihke-ko-pfeffer-jet-40-ml\/"},"modified":"2025-10-13T12:57:02","modified_gmt":"2025-10-13T09:57:02","slug":"pippurisuihke-ko-pfeffer-jet-40-ml","status":"publish","type":"product","link":"https:\/\/kingarms.ee\/fi\/product\/pippurisuihke-ko-pfeffer-jet-40-ml\/","title":{"rendered":"Pippurisuihke KO Pfeffer Jet 40 ml"},"content":{"rendered":"<p><img loading=\"lazy\" decoding=\"async\" class=\"alignnone size-medium wp-image-154231\" src=\"https:\/\/kingarms.ee\/wp-content\/uploads\/2025\/10\/gas-ko-pfeffer-jet-40-ml-d40b09ce1d7748e39b8ab8705110c6e3-9279869e-300x300.webp\" alt=\"\" width=\"300\" height=\"300\" srcset=\"https:\/\/kingarms.ee\/wp-content\/uploads\/2025\/10\/gas-ko-pfeffer-jet-40-ml-d40b09ce1d7748e39b8ab8705110c6e3-9279869e-300x300.webp 300w, https:\/\/kingarms.ee\/wp-content\/uploads\/2025\/10\/gas-ko-pfeffer-jet-40-ml-d40b09ce1d7748e39b8ab8705110c6e3-9279869e-150x150.webp 150w, https:\/\/kingarms.ee\/wp-content\/uploads\/2025\/10\/gas-ko-pfeffer-jet-40-ml-d40b09ce1d7748e39b8ab8705110c6e3-9279869e-768x768.webp 768w, https:\/\/kingarms.ee\/wp-content\/uploads\/2025\/10\/gas-ko-pfeffer-jet-40-ml-d40b09ce1d7748e39b8ab8705110c6e3-9279869e-500x500.webp 500w, https:\/\/kingarms.ee\/wp-content\/uploads\/2025\/10\/gas-ko-pfeffer-jet-40-ml-d40b09ce1d7748e39b8ab8705110c6e3-9279869e.webp 900w\" sizes=\"auto, (max-width: 300px) 100vw, 300px\" \/><\/p>\n","protected":false},"excerpt":{"rendered":"<p><strong data-start=\"482\" data-end=\"510\">Gas KO Pfeffer Jet 40 ml <\/strong>\u2014 kompakti 40 ml pippurisuihke (OC) henkil\u00f6kohtaiseen itsepuolustukseen, antaa voimakkaan ja kohdennetun suihkun, tyypillinen toimintas\u00e4de noin 1\u20133 m suuttimen mukaan, ergonominen k\u00e4ytt\u00f6kytkin ja turvakorkki v\u00e4hent\u00e4v\u00e4t vahingossa lauistumisen riski\u00e4 sek\u00e4 kest\u00e4v\u00e4 kantokannu sopii taskuun tai laukkuun; tarkoitettu ainoastaan lailliseen itsepuolustukseen \u2014 lue valmistajan ohjeet ja tarkista paikalliset lait ja ik\u00e4rajoitukset, \u00e4l\u00e4 k\u00e4yt\u00e4 lapsia tai el\u00e4imi\u00e4 vastaan.<\/p>\n","protected":false},"featured_media":155050,"template":"","meta":{"_acf_changed":false},"product_brand":[],"product_cat":[764],"product_tag":[],"class_list":{"0":"post-154245","1":"product","2":"type-product","3":"status-publish","4":"has-post-thumbnail","6":"product_cat-pippurisumute","8":"first","9":"instock","10":"taxable","11":"shipping-taxable","12":"purchasable","13":"product-type-simple"},"acf":[],"_links":{"self":[{"href":"https:\/\/kingarms.ee\/fi\/wp-json\/wp\/v2\/product\/154245","targetHints":{"allow":["GET"]}}],"collection":[{"href":"https:\/\/kingarms.ee\/fi\/wp-json\/wp\/v2\/product"}],"about":[{"href":"https:\/\/kingarms.ee\/fi\/wp-json\/wp\/v2\/types\/product"}],"wp:featuredmedia":[{"embeddable":true,"href":"https:\/\/kingarms.ee\/fi\/wp-json\/wp\/v2\/media\/155050"}],"wp:attachment":[{"href":"https:\/\/kingarms.ee\/fi\/wp-json\/wp\/v2\/media?parent=154245"}],"wp:term":[{"taxonomy":"product_brand","embeddable":true,"href":"https:\/\/kingarms.ee\/fi\/wp-json\/wp\/v2\/product_brand?post=154245"},{"taxonomy":"product_cat","embeddable":true,"href":"https:\/\/kingarms.ee\/fi\/wp-json\/wp\/v2\/product_cat?post=154245"},{"taxonomy":"product_tag","embeddable":true,"href":"https:\/\/kingarms.ee\/fi\/wp-json\/wp\/v2\/product_tag?post=154245"}],"curies":[{"name":"wp","href":"https:\/\/api.w.org\/{rel}","templated":true}]}}