{"id":154293,"date":"2025-10-13T13:14:55","date_gmt":"2025-10-13T10:14:55","guid":{"rendered":"https:\/\/kingarms.ee\/product\/psd-black-eagle-pippurisuihke-40-ml\/"},"modified":"2025-10-13T13:16:23","modified_gmt":"2025-10-13T10:16:23","slug":"psd-black-eagle-pippurisuihke-40-ml","status":"publish","type":"product","link":"https:\/\/kingarms.ee\/fi\/product\/psd-black-eagle-pippurisuihke-40-ml\/","title":{"rendered":"PSD Black Eagle pippurisuihke 40 ml"},"content":{"rendered":"<p><img loading=\"lazy\" decoding=\"async\" class=\"alignnone size-medium wp-image-154280\" src=\"https:\/\/kingarms.ee\/wp-content\/uploads\/2025\/10\/psd-black-eagle-pepper-gas-40-ml-52867257b9d34cce88b2216f6487d9a4-48ad1c04-300x300.webp\" alt=\"\" width=\"300\" height=\"300\" srcset=\"https:\/\/kingarms.ee\/wp-content\/uploads\/2025\/10\/psd-black-eagle-pepper-gas-40-ml-52867257b9d34cce88b2216f6487d9a4-48ad1c04-300x300.webp 300w, https:\/\/kingarms.ee\/wp-content\/uploads\/2025\/10\/psd-black-eagle-pepper-gas-40-ml-52867257b9d34cce88b2216f6487d9a4-48ad1c04-150x150.webp 150w, https:\/\/kingarms.ee\/wp-content\/uploads\/2025\/10\/psd-black-eagle-pepper-gas-40-ml-52867257b9d34cce88b2216f6487d9a4-48ad1c04-768x768.webp 768w, https:\/\/kingarms.ee\/wp-content\/uploads\/2025\/10\/psd-black-eagle-pepper-gas-40-ml-52867257b9d34cce88b2216f6487d9a4-48ad1c04-500x500.webp 500w, https:\/\/kingarms.ee\/wp-content\/uploads\/2025\/10\/psd-black-eagle-pepper-gas-40-ml-52867257b9d34cce88b2216f6487d9a4-48ad1c04.webp 900w\" sizes=\"auto, (max-width: 300px) 100vw, 300px\" \/><\/p>\n","protected":false},"excerpt":{"rendered":"<p><strong data-start=\"418\" data-end=\"453\">PSD Black Eagle pippurisuihke 40 ml <\/strong>\u2014 kompakti 40 ml pippurisuihke (OC) henkil\u00f6kohtaiseen itsepuolustukseen, antaa voimakkaan ja kohdennetun suihkun lyhyen kantaman uhkien neutralisointiin (tyypillinen toimintas\u00e4de noin 1\u20133 m suuttimesta riippuen), ergonominen kannu ja turvakorkki helpottavat kantamista taskussa tai laukussa; tarkoitettu ainoastaan lailliseen itsepuolustukseen \u2014 lue ohjeet ja tarkista paikalliset lait, \u00e4l\u00e4 k\u00e4yt\u00e4 lapsia tai el\u00e4imi\u00e4 vastaan ilman kiireellist\u00e4 syyt\u00e4.<\/p>\n","protected":false},"featured_media":154282,"template":"","meta":{"_acf_changed":false},"product_brand":[],"product_cat":[764],"product_tag":[],"class_list":{"0":"post-154293","1":"product","2":"type-product","3":"status-publish","4":"has-post-thumbnail","6":"product_cat-pippurisumute","8":"first","9":"instock","10":"taxable","11":"shipping-taxable","12":"purchasable","13":"product-type-simple"},"acf":[],"_links":{"self":[{"href":"https:\/\/kingarms.ee\/fi\/wp-json\/wp\/v2\/product\/154293","targetHints":{"allow":["GET"]}}],"collection":[{"href":"https:\/\/kingarms.ee\/fi\/wp-json\/wp\/v2\/product"}],"about":[{"href":"https:\/\/kingarms.ee\/fi\/wp-json\/wp\/v2\/types\/product"}],"wp:featuredmedia":[{"embeddable":true,"href":"https:\/\/kingarms.ee\/fi\/wp-json\/wp\/v2\/media\/154282"}],"wp:attachment":[{"href":"https:\/\/kingarms.ee\/fi\/wp-json\/wp\/v2\/media?parent=154293"}],"wp:term":[{"taxonomy":"product_brand","embeddable":true,"href":"https:\/\/kingarms.ee\/fi\/wp-json\/wp\/v2\/product_brand?post=154293"},{"taxonomy":"product_cat","embeddable":true,"href":"https:\/\/kingarms.ee\/fi\/wp-json\/wp\/v2\/product_cat?post=154293"},{"taxonomy":"product_tag","embeddable":true,"href":"https:\/\/kingarms.ee\/fi\/wp-json\/wp\/v2\/product_tag?post=154293"}],"curies":[{"name":"wp","href":"https:\/\/api.w.org\/{rel}","templated":true}]}}