{"id":154331,"date":"2025-10-13T13:28:14","date_gmt":"2025-10-13T10:28:14","guid":{"rendered":"https:\/\/kingarms.ee\/product\/police-perfect-guard-1000-pippurigeeli-55-ml\/"},"modified":"2025-10-13T13:29:44","modified_gmt":"2025-10-13T10:29:44","slug":"police-perfect-guard-1000-pippurigeeli-55-ml","status":"publish","type":"product","link":"https:\/\/kingarms.ee\/fi\/product\/police-perfect-guard-1000-pippurigeeli-55-ml\/","title":{"rendered":"Police Perfect Guard 1000 pippurigeeli 55 ml"},"content":{"rendered":"<p><img loading=\"lazy\" decoding=\"async\" class=\"alignnone size-medium wp-image-154317\" src=\"https:\/\/kingarms.ee\/wp-content\/uploads\/2025\/10\/police-perfect-guard-1000-pepper-gas-gel-55-ml-8a0272e25dff4df48d1fe394d6141316-bfedb4f8-300x300.webp\" alt=\"\" width=\"300\" height=\"300\" srcset=\"https:\/\/kingarms.ee\/wp-content\/uploads\/2025\/10\/police-perfect-guard-1000-pepper-gas-gel-55-ml-8a0272e25dff4df48d1fe394d6141316-bfedb4f8-300x300.webp 300w, https:\/\/kingarms.ee\/wp-content\/uploads\/2025\/10\/police-perfect-guard-1000-pepper-gas-gel-55-ml-8a0272e25dff4df48d1fe394d6141316-bfedb4f8-150x150.webp 150w, https:\/\/kingarms.ee\/wp-content\/uploads\/2025\/10\/police-perfect-guard-1000-pepper-gas-gel-55-ml-8a0272e25dff4df48d1fe394d6141316-bfedb4f8-768x768.webp 768w, https:\/\/kingarms.ee\/wp-content\/uploads\/2025\/10\/police-perfect-guard-1000-pepper-gas-gel-55-ml-8a0272e25dff4df48d1fe394d6141316-bfedb4f8-500x500.webp 500w, https:\/\/kingarms.ee\/wp-content\/uploads\/2025\/10\/police-perfect-guard-1000-pepper-gas-gel-55-ml-8a0272e25dff4df48d1fe394d6141316-bfedb4f8.webp 900w\" sizes=\"auto, (max-width: 300px) 100vw, 300px\" \/><\/p>\n","protected":false},"excerpt":{"rendered":"<p><strong data-start=\"414\" data-end=\"464\">Police Perfect Guard 1000 pippurigeeli 55 ml <\/strong>\u2014 keskikokoinen 55 ml pippurigeeli (OC) henkil\u00f6kohtaiseen itsepuolustukseen, antaa tarkan ja keskittyneen suihkun, jota tuuli ei levit\u00e4 kuten tavallista aerosolia. Sis\u00e4lt\u00e4\u00e4 voimakkaan luonnollisen paprikauutteen (Oleoresin Capsicum), jonka vaikutus on v\u00e4lit\u00f6n. Ergonominen s\u00e4ili\u00f6 ja turvakorkki est\u00e4v\u00e4t vahinkolaukaisun. Tarkoitettu vain lailliseen itsepuolustukseen \u2014 lue k\u00e4ytt\u00f6ohjeet ja noudata paikallisia lakeja.   <\/p>\n","protected":false},"featured_media":154319,"template":"","meta":{"_acf_changed":false},"product_brand":[],"product_cat":[764],"product_tag":[],"class_list":{"0":"post-154331","1":"product","2":"type-product","3":"status-publish","4":"has-post-thumbnail","6":"product_cat-pippurisumute","8":"first","9":"outofstock","10":"taxable","11":"shipping-taxable","12":"purchasable","13":"product-type-simple"},"acf":[],"_links":{"self":[{"href":"https:\/\/kingarms.ee\/fi\/wp-json\/wp\/v2\/product\/154331","targetHints":{"allow":["GET"]}}],"collection":[{"href":"https:\/\/kingarms.ee\/fi\/wp-json\/wp\/v2\/product"}],"about":[{"href":"https:\/\/kingarms.ee\/fi\/wp-json\/wp\/v2\/types\/product"}],"wp:featuredmedia":[{"embeddable":true,"href":"https:\/\/kingarms.ee\/fi\/wp-json\/wp\/v2\/media\/154319"}],"wp:attachment":[{"href":"https:\/\/kingarms.ee\/fi\/wp-json\/wp\/v2\/media?parent=154331"}],"wp:term":[{"taxonomy":"product_brand","embeddable":true,"href":"https:\/\/kingarms.ee\/fi\/wp-json\/wp\/v2\/product_brand?post=154331"},{"taxonomy":"product_cat","embeddable":true,"href":"https:\/\/kingarms.ee\/fi\/wp-json\/wp\/v2\/product_cat?post=154331"},{"taxonomy":"product_tag","embeddable":true,"href":"https:\/\/kingarms.ee\/fi\/wp-json\/wp\/v2\/product_tag?post=154331"}],"curies":[{"name":"wp","href":"https:\/\/api.w.org\/{rel}","templated":true}]}}